{"id":11746,"date":"2025-09-02T21:23:25","date_gmt":"2025-09-02T21:23:25","guid":{"rendered":"https:\/\/suncresttravelandsafaris.com\/?page_id=11746"},"modified":"2025-09-11T17:04:26","modified_gmt":"2025-09-11T17:04:26","slug":"seasons","status":"publish","type":"page","link":"https:\/\/suncresttravelandsafaris.com\/da\/arstider\/","title":{"rendered":"\u00c5rstider"},"content":{"rendered":"<div data-elementor-type=\"wp-page\" data-elementor-id=\"11746\" class=\"elementor elementor-11746\" data-elementor-post-type=\"page\">\n\t\t\t\t<div class=\"elementor-element elementor-element-bac7399 e-con-full e-flex e-con e-parent\" data-id=\"bac7399\" data-element_type=\"container\">\n\t\t\t\t<div class=\"elementor-element elementor-element-553148c elementor-widget elementor-widget-heading\" data-id=\"553148c\" data-element_type=\"widget\" data-widget_type=\"heading.default\">\n\t\t\t\t\t<h2 class=\"elementor-heading-title elementor-size-default\">Rejses\u00e6soner i \u00d8stafrika<\/h2>\t\t\t\t<\/div>\n\t\t\t\t<div class=\"elementor-element elementor-element-d1d64ba elementor-widget elementor-widget-n-accordion\" data-id=\"d1d64ba\" data-element_type=\"widget\" data-settings=\"{&quot;default_state&quot;:&quot;expanded&quot;,&quot;max_items_expended&quot;:&quot;one&quot;,&quot;n_accordion_animation_duration&quot;:{&quot;unit&quot;:&quot;ms&quot;,&quot;size&quot;:400,&quot;sizes&quot;:[]}}\" data-widget_type=\"nested-accordion.default\">\n\t\t\t\t\t\t\t<div class=\"e-n-accordion\" aria-label=\"Accordeon. \u00c5bn links med Enter eller Space, luk med Escape, og naviger med piletasterne.\">\n\t\t\t\t\t\t<details id=\"e-n-accordion-item-2200\" class=\"e-n-accordion-item\" open>\n\t\t\t\t<summary class=\"e-n-accordion-item-title\" data-accordion-index=\"1\" tabindex=\"0\" aria-expanded=\"true\" aria-controls=\"e-n-accordion-item-2200\" >\n\t\t\t\t\t<span class='e-n-accordion-item-title-header'><div class=\"e-n-accordion-item-title-text\"> Kenya <\/div><\/span>\n\t\t\t\t\t\t\t<span class='e-n-accordion-item-title-icon'>\n\t\t\t<span class='e-opened' ><svg aria-hidden=\"true\" class=\"e-font-icon-svg e-fas-minus\" viewbox=\"0 0 448 512\" xmlns=\"http:\/\/www.w3.org\/2000\/svg\"><path d=\"M416 208H32c-17.67 0-32 14.33-32 32v32c0 17.67 14.33 32 32 32h384c17.67 0 32-14.33 32-32v-32c0-17.67-14.33-32-32-32z\"><\/path><\/svg><\/span>\n\t\t\t<span class='e-closed'><svg aria-hidden=\"true\" class=\"e-font-icon-svg e-fas-plus\" viewbox=\"0 0 448 512\" xmlns=\"http:\/\/www.w3.org\/2000\/svg\"><path d=\"M416 208H272V64c0-17.67-14.33-32-32-32h-32c-17.67 0-32 14.33-32 32v144H32c-17.67 0-32 14.33-32 32v32c0 17.67 14.33 32 32 32h144v144c0 17.67 14.33 32 32 32h32c17.67 0 32-14.33 32-32V304h144c17.67 0 32-14.33 32-32v-32c0-17.67-14.33-32-32-32z\"><\/path><\/svg><\/span>\n\t\t<\/span>\n\n\t\t\t\t\t\t<\/summary>\n\t\t\t\t<div role=\"region\" aria-labelledby=\"e-n-accordion-item-2200\" class=\"elementor-element elementor-element-7ea4842 e-con-full e-flex e-con e-child\" data-id=\"7ea4842\" data-element_type=\"container\">\n\t\t\t\t<div class=\"elementor-element elementor-element-43f88c3 elementor-widget elementor-widget-text-editor\" data-id=\"43f88c3\" data-element_type=\"widget\" data-widget_type=\"text-editor.default\">\n\t\t\t\t\t\t\t\t\t<p><span style=\"font-size: 14pt;\"><strong>\u00a0<\/strong><\/span><\/p><p><span style=\"font-size: 14pt;\"><strong>Lavs\u00e6son (april - maj):<\/strong><\/span><br \/><span style=\"font-size: 14pt;\">Dette er Kenyas lange regntid. Mens nogle afsidesliggende lodges lukker p\u00e5 grund af ufremkommelige veje, er landskabet smukt gr\u00f8nt. Det er stadig muligt at se vildt i parker som Maasai Mara, Amboseli og Samburu, selv om dyrelivet er lidt spredt. Priserne falder betydeligt, hvilket g\u00f8r det til en god v\u00e6rdi for rejsende uden for h\u00f8js\u00e6sonen.<\/span><br \/><span style=\"font-size: 14pt;\">P\u00e5 kysten (Mombasa, Diani, Watamu, Lamu) kan regnvejr forstyrre strandopholdet, men de, der ikke har noget imod lejlighedsvise byger, kan nyde godt af rabatterede ophold og f\u00e6rre turister.<\/span><\/p><p><span style=\"font-size: 14pt;\">\u00a0<\/span><\/p><p><span style=\"font-size: 14pt;\"><strong>H\u00f8js\u00e6son (januar - marts, november):<\/strong><\/span><br \/><span style=\"font-size: 14pt;\">Fremragende safarivejr i bushen: t\u00f8rt, solrigt og stor synlighed for dyrelivet. K\u00e6lvningss\u00e6sonen i Amboseli og andre omr\u00e5der byder p\u00e5 fantastisk action mellem rovdyr og byttedyr.<\/span><br \/><span style=\"font-size: 14pt;\">Kysten er varm og livlig, perfekt til strandture, snorkling og dykning, is\u00e6r efter korte regnskyl i november.<\/span><\/p><p><span style=\"font-size: 14pt;\">\u00a0<\/span><\/p><p><span style=\"font-size: 14pt;\"><strong>H\u00f8js\u00e6son (juli - oktober, ferie i december):<\/strong><\/span><br \/><span style=\"font-size: 14pt;\">Dette er det mest popul\u00e6re tidspunkt for safari p\u00e5 grund af den store gnu-migration i Maasai Mara. Safariturene er sp\u00e6ndende, og vejret er ideelt - k\u00f8ligt, t\u00f8rt og klart.<\/span><br \/><span style=\"font-size: 14pt;\">Kenyas kyster er travle i skoleferierne og under festlighederne i december. Jul og nyt\u00e5r er fuldt bookede m\u00e5neder p\u00e5 b\u00e5de bush- og stranddestinationer, s\u00e5 det er vigtigt at planl\u00e6gge i god tid.<\/span><\/p>\t\t\t\t\t\t\t\t<\/div>\n\t\t\t\t<\/div>\n\t\t\t\t\t<\/details>\n\t\t\t\t\t\t<details id=\"e-n-accordion-item-2201\" class=\"e-n-accordion-item\" >\n\t\t\t\t<summary class=\"e-n-accordion-item-title\" data-accordion-index=\"2\" tabindex=\"-1\" aria-expanded=\"false\" aria-controls=\"e-n-accordion-item-2201\" >\n\t\t\t\t\t<span class='e-n-accordion-item-title-header'><div class=\"e-n-accordion-item-title-text\"> Uganda <\/div><\/span>\n\t\t\t\t\t\t\t<span class='e-n-accordion-item-title-icon'>\n\t\t\t<span class='e-opened' ><svg aria-hidden=\"true\" class=\"e-font-icon-svg e-fas-minus\" viewbox=\"0 0 448 512\" xmlns=\"http:\/\/www.w3.org\/2000\/svg\"><path d=\"M416 208H32c-17.67 0-32 14.33-32 32v32c0 17.67 14.33 32 32 32h384c17.67 0 32-14.33 32-32v-32c0-17.67-14.33-32-32-32z\"><\/path><\/svg><\/span>\n\t\t\t<span class='e-closed'><svg aria-hidden=\"true\" class=\"e-font-icon-svg e-fas-plus\" viewbox=\"0 0 448 512\" xmlns=\"http:\/\/www.w3.org\/2000\/svg\"><path d=\"M416 208H272V64c0-17.67-14.33-32-32-32h-32c-17.67 0-32 14.33-32 32v144H32c-17.67 0-32 14.33-32 32v32c0 17.67 14.33 32 32 32h144v144c0 17.67 14.33 32 32 32h32c17.67 0 32-14.33 32-32V304h144c17.67 0 32-14.33 32-32v-32c0-17.67-14.33-32-32-32z\"><\/path><\/svg><\/span>\n\t\t<\/span>\n\n\t\t\t\t\t\t<\/summary>\n\t\t\t\t<div role=\"region\" aria-labelledby=\"e-n-accordion-item-2201\" class=\"elementor-element elementor-element-c9d1d2c e-con-full e-flex e-con e-child\" data-id=\"c9d1d2c\" data-element_type=\"container\">\n\t\t\t\t<div class=\"elementor-element elementor-element-7eaf5f9 elementor-widget elementor-widget-text-editor\" data-id=\"7eaf5f9\" data-element_type=\"widget\" data-widget_type=\"text-editor.default\">\n\t\t\t\t\t\t\t\t\t<p><span style=\"font-size: 14pt;\"><strong>\u00a0<\/strong><\/span><\/p>\n<p><span style=\"font-size: 14pt;\"><strong>Lavs\u00e6son (marts - maj, oktober - november):<\/strong><\/span><br \/><span style=\"font-size: 14pt;\">Kraftig regn g\u00f8r skovstierne mudrede og gorilla\/chimpanse-trekking mere udfordrende. Omkostningerne til tilladelser til gorilla-trekking er dog ofte reduceret. Safari-lodges og -parker er mere rolige og billigere.<\/span><br \/><span style=\"font-size: 14pt;\">Uganda er en indlandsstat, s\u00e5 der er ikke nogen strandturisme, men ferieboliger ved Victoria-s\u00f8en eller Ssese-\u00f8erne er et fredeligt alternativ.<\/span><\/p>\n<p><span style=\"font-size: 14pt;\"><strong>\u00a0<\/strong><\/span><\/p>\n<p><span style=\"font-size: 14pt;\"><strong>H\u00f8js\u00e6son (december - februar):<\/strong><\/span><br \/><span style=\"font-size: 14pt;\">Denne t\u00f8rre s\u00e6son giver bedre vandre- og trekkingforhold i Bwindi Impenetrable Forest og Kibale Forest. Der er gode muligheder for at se vilde dyr i savanneparker som Queen Elizabeth og Murchison Falls, og landskabet er frodigt, men tilg\u00e6ngeligt.<\/span><\/p>\n<p><span style=\"font-size: 14pt;\"><strong>\u00a0<\/strong><\/span><\/p>\n<p><span style=\"font-size: 14pt;\"><strong>H\u00f8js\u00e6son (juni - september):<\/strong><\/span><br \/><span style=\"font-size: 14pt;\">Ideelt tidspunkt for gorilla- og chimpanse-trekking. Lodges og tilladelser bliver booket m\u00e5neder i forvejen. Piratjagter er produktive med dyr, der samles omkring vandkilder. Forvent h\u00f8jere priser og travle parker.<\/span><\/p>\t\t\t\t\t\t\t\t<\/div>\n\t\t\t\t<\/div>\n\t\t\t\t\t<\/details>\n\t\t\t\t\t\t<details id=\"e-n-accordion-item-2202\" class=\"e-n-accordion-item\" >\n\t\t\t\t<summary class=\"e-n-accordion-item-title\" data-accordion-index=\"3\" tabindex=\"-1\" aria-expanded=\"false\" aria-controls=\"e-n-accordion-item-2202\" >\n\t\t\t\t\t<span class='e-n-accordion-item-title-header'><div class=\"e-n-accordion-item-title-text\"> Tanzania <\/div><\/span>\n\t\t\t\t\t\t\t<span class='e-n-accordion-item-title-icon'>\n\t\t\t<span class='e-opened' ><svg aria-hidden=\"true\" class=\"e-font-icon-svg e-fas-minus\" viewbox=\"0 0 448 512\" xmlns=\"http:\/\/www.w3.org\/2000\/svg\"><path d=\"M416 208H32c-17.67 0-32 14.33-32 32v32c0 17.67 14.33 32 32 32h384c17.67 0 32-14.33 32-32v-32c0-17.67-14.33-32-32-32z\"><\/path><\/svg><\/span>\n\t\t\t<span class='e-closed'><svg aria-hidden=\"true\" class=\"e-font-icon-svg e-fas-plus\" viewbox=\"0 0 448 512\" xmlns=\"http:\/\/www.w3.org\/2000\/svg\"><path d=\"M416 208H272V64c0-17.67-14.33-32-32-32h-32c-17.67 0-32 14.33-32 32v144H32c-17.67 0-32 14.33-32 32v32c0 17.67 14.33 32 32 32h144v144c0 17.67 14.33 32 32 32h32c17.67 0 32-14.33 32-32V304h144c17.67 0 32-14.33 32-32v-32c0-17.67-14.33-32-32-32z\"><\/path><\/svg><\/span>\n\t\t<\/span>\n\n\t\t\t\t\t\t<\/summary>\n\t\t\t\t<div role=\"region\" aria-labelledby=\"e-n-accordion-item-2202\" class=\"elementor-element elementor-element-512425c e-con-full e-flex e-con e-child\" data-id=\"512425c\" data-element_type=\"container\">\n\t\t\t\t<div class=\"elementor-element elementor-element-3fd00db elementor-widget elementor-widget-text-editor\" data-id=\"3fd00db\" data-element_type=\"widget\" data-widget_type=\"text-editor.default\">\n\t\t\t\t\t\t\t\t\t<p><span style=\"font-size: 14pt;\"><strong>\u00a0<\/strong><\/span><\/p>\n<p><span style=\"font-size: 14pt;\"><strong>Lavs\u00e6son (april - maj):<\/strong><\/span><br \/><span style=\"font-size: 14pt;\">Lange regnskyl p\u00e5virker adgangen til afsidesliggende safariparker, men det er det mest budgetvenlige tidspunkt. Landskabet er fantastisk gr\u00f8nt. Selous, Ruaha og nogle Northern Circuit-lodges kan lukke midlertidigt.<\/span><br \/><span style=\"font-size: 14pt;\">Zanzibar og fastlandets strande oplever kraftig regn, som kan p\u00e5virke dykning, udflugter og afslapning p\u00e5 stranden.<\/span><\/p>\n<p><span style=\"font-size: 14pt;\">\u00a0<\/span><\/p>\n<p><span style=\"font-size: 14pt;\"><strong>H\u00f8js\u00e6son (januar - marts, november - midt i december):<\/strong><\/span><br \/><span style=\"font-size: 14pt;\">Dyrelivet er fremragende, is\u00e6r i k\u00e6lvningss\u00e6sonen i det sydlige Serengeti (februar). Ngorongoro-krateret og Tarangire er tilg\u00e6ngelige og produktive.<\/span><br \/><span style=\"font-size: 14pt;\">Zanzibar og Tanzanias kyst er varm og solrig og perfekt til strandferier med ideelle forhold for snorkling og dykning.<\/span><\/p>\n<p><span style=\"font-size: 14pt;\">\u00a0<\/span><\/p>\n<p><span style=\"font-size: 14pt;\"><strong>H\u00f8js\u00e6son (juni - oktober, ferie i december):<\/strong><\/span><br \/><span style=\"font-size: 14pt;\">Det nordlige safarikredsl\u00f8b (Serengeti, Ngorongoro, Tarangire, Lake Manyara) er i sin bedste alder. Denne periode overlapper med gnuernes vandring og t\u00f8rtiden, hvor dyrene er lette at f\u00e5 \u00f8je p\u00e5.<\/span><br \/><span style=\"font-size: 14pt;\">Zanzibar er, n\u00e5r det er bedst - klar himmel, roligt vand og et pulserende strandliv. De festlige uger i december er s\u00e6rligt travle.<\/span><\/p>\t\t\t\t\t\t\t\t<\/div>\n\t\t\t\t<\/div>\n\t\t\t\t\t<\/details>\n\t\t\t\t\t\t<details id=\"e-n-accordion-item-2203\" class=\"e-n-accordion-item\" >\n\t\t\t\t<summary class=\"e-n-accordion-item-title\" data-accordion-index=\"4\" tabindex=\"-1\" aria-expanded=\"false\" aria-controls=\"e-n-accordion-item-2203\" >\n\t\t\t\t\t<span class='e-n-accordion-item-title-header'><div class=\"e-n-accordion-item-title-text\">  Zanzibar  <\/div><\/span>\n\t\t\t\t\t\t\t<span class='e-n-accordion-item-title-icon'>\n\t\t\t<span class='e-opened' ><svg aria-hidden=\"true\" class=\"e-font-icon-svg e-fas-minus\" viewbox=\"0 0 448 512\" xmlns=\"http:\/\/www.w3.org\/2000\/svg\"><path d=\"M416 208H32c-17.67 0-32 14.33-32 32v32c0 17.67 14.33 32 32 32h384c17.67 0 32-14.33 32-32v-32c0-17.67-14.33-32-32-32z\"><\/path><\/svg><\/span>\n\t\t\t<span class='e-closed'><svg aria-hidden=\"true\" class=\"e-font-icon-svg e-fas-plus\" viewbox=\"0 0 448 512\" xmlns=\"http:\/\/www.w3.org\/2000\/svg\"><path d=\"M416 208H272V64c0-17.67-14.33-32-32-32h-32c-17.67 0-32 14.33-32 32v144H32c-17.67 0-32 14.33-32 32v32c0 17.67 14.33 32 32 32h144v144c0 17.67 14.33 32 32 32h32c17.67 0 32-14.33 32-32V304h144c17.67 0 32-14.33 32-32v-32c0-17.67-14.33-32-32-32z\"><\/path><\/svg><\/span>\n\t\t<\/span>\n\n\t\t\t\t\t\t<\/summary>\n\t\t\t\t<div role=\"region\" aria-labelledby=\"e-n-accordion-item-2203\" class=\"elementor-element elementor-element-bacaad3 e-flex e-con-boxed e-con e-child\" data-id=\"bacaad3\" data-element_type=\"container\">\n\t\t\t\t\t<div class=\"e-con-inner\">\n\t\t\t\t<div class=\"elementor-element elementor-element-60eaa70 elementor-widget elementor-widget-text-editor\" data-id=\"60eaa70\" data-element_type=\"widget\" data-widget_type=\"text-editor.default\">\n\t\t\t\t\t\t\t\t\t<p><span style=\"font-size: 14pt;\"><strong>\u00a0<\/strong><\/span><\/p>\n<p><span style=\"font-size: 14pt;\"><strong>Lavs\u00e6son (april - maj):<\/strong><\/span><br \/><span style=\"font-size: 14pt;\">Dette er regntiden. Mange hoteller ved stranden lukker midlertidigt eller tilbyder store rabatter. Tang kan samle sig p\u00e5 strandene og p\u00e5virke deres udseende. Ideelt for rejsende, der vil slappe af med minimale menneskem\u00e6ngder og er okay med korte regnperioder.<\/span><\/p>\n<p><span style=\"font-size: 14pt;\">\u00a0<\/span><\/p>\n<p><span style=\"font-size: 14pt;\"><strong>H\u00f8js\u00e6son (november - midt i december, marts):<\/strong><\/span><br \/><span style=\"font-size: 14pt;\">Varme temperaturer og f\u00e6rre turister g\u00f8r dette til en behagelig strandferie. Sigtbarheden til dykning og snorkling er fremragende. Et godt tidspunkt at kombinere med en kort safari i det nordlige Tanzania.<\/span><\/p>\n<p><span style=\"font-size: 14pt;\">\u00a0<\/span><\/p>\n<p><span style=\"font-size: 14pt;\"><strong>H\u00f8js\u00e6son (juni - oktober, ferie i december):<\/strong><\/span><\/p>\n<p><span style=\"font-size: 14pt;\">Dette er den t\u00f8rre s\u00e6son, der er perfekt til solbadning, sejlads og dykning. Feriestederne er fuldt bookede i juli-august og i slutningen af december, s\u00e5 det er vigtigt at planl\u00e6gge tidligt. Popul\u00e6r for bryllupsrejsende og afslapning efter en safari.<\/span><\/p>\t\t\t\t\t\t\t\t<\/div>\n\t\t\t\t\t<\/div>\n\t\t\t\t<\/div>\n\t\t\t\t\t<\/details>\n\t\t\t\t\t\t<details id=\"e-n-accordion-item-2204\" class=\"e-n-accordion-item\" >\n\t\t\t\t<summary class=\"e-n-accordion-item-title\" data-accordion-index=\"5\" tabindex=\"-1\" aria-expanded=\"false\" aria-controls=\"e-n-accordion-item-2204\" >\n\t\t\t\t\t<span class='e-n-accordion-item-title-header'><div class=\"e-n-accordion-item-title-text\"> Seychellerne <\/div><\/span>\n\t\t\t\t\t\t\t<span class='e-n-accordion-item-title-icon'>\n\t\t\t<span class='e-opened' ><svg aria-hidden=\"true\" class=\"e-font-icon-svg e-fas-minus\" viewbox=\"0 0 448 512\" xmlns=\"http:\/\/www.w3.org\/2000\/svg\"><path d=\"M416 208H32c-17.67 0-32 14.33-32 32v32c0 17.67 14.33 32 32 32h384c17.67 0 32-14.33 32-32v-32c0-17.67-14.33-32-32-32z\"><\/path><\/svg><\/span>\n\t\t\t<span class='e-closed'><svg aria-hidden=\"true\" class=\"e-font-icon-svg e-fas-plus\" viewbox=\"0 0 448 512\" xmlns=\"http:\/\/www.w3.org\/2000\/svg\"><path d=\"M416 208H272V64c0-17.67-14.33-32-32-32h-32c-17.67 0-32 14.33-32 32v144H32c-17.67 0-32 14.33-32 32v32c0 17.67 14.33 32 32 32h144v144c0 17.67 14.33 32 32 32h32c17.67 0 32-14.33 32-32V304h144c17.67 0 32-14.33 32-32v-32c0-17.67-14.33-32-32-32z\"><\/path><\/svg><\/span>\n\t\t<\/span>\n\n\t\t\t\t\t\t<\/summary>\n\t\t\t\t<div role=\"region\" aria-labelledby=\"e-n-accordion-item-2204\" class=\"elementor-element elementor-element-85668dc e-flex e-con-boxed e-con e-child\" data-id=\"85668dc\" data-element_type=\"container\">\n\t\t\t\t\t<div class=\"e-con-inner\">\n\t\t\t\t<div class=\"elementor-element elementor-element-b414e60 elementor-widget elementor-widget-text-editor\" data-id=\"b414e60\" data-element_type=\"widget\" data-widget_type=\"text-editor.default\">\n\t\t\t\t\t\t\t\t\t<p><span style=\"font-size: 14pt;\"><strong>\u00a0<\/strong><\/span><\/p>\n<p><span style=\"font-size: 14pt;\"><strong>Lavs\u00e6son (januar - marts, juli - august):<\/strong><\/span><br \/><span style=\"font-size: 14pt;\">Disse m\u00e5neder er pr\u00e6get af h\u00f8jere luftfugtighed og lejlighedsvis tropisk regn, is\u00e6r tidligt p\u00e5 \u00e5ret. I juli og august er der kraftigere passatvinde, som kan p\u00e5virke sv\u00f8mning og sejlads. Der er dog f\u00e6rre mennesker, og der er rabatter uden for s\u00e6sonen.<\/span><\/p>\n<p><span style=\"font-size: 14pt;\">\u00a0<\/span><\/p>\n<p><span style=\"font-size: 14pt;\"><strong>H\u00f8js\u00e6son (april - juni, september - november):<\/strong><\/span><br \/><span style=\"font-size: 14pt;\">Det er de bedste m\u00e5neder for en perfekt strandoplevelse: roligt hav, lette briser og krystalklart vand, der er ideelt til snorkling, dykning og \u00f8hop. Dyreelskere kan opleve fuglenes yngletid og skildpaddernes \u00e6gl\u00e6gningss\u00e6son.<\/span><\/p>\n<p><span style=\"font-size: 14pt;\">\u00a0<\/span><\/p>\n<p><span style=\"font-size: 14pt;\"><strong>H\u00f8js\u00e6son (decemberferie, p\u00e5ske):<\/strong><\/span><br \/><span style=\"font-size: 14pt;\">Fests\u00e6sonen tiltr\u00e6kker internationale rejsende, og priserne stiger. Strandene er livlige, der er stor eftersp\u00f8rgsel p\u00e5 feriesteder, og vejret er normalt varmt med lejlighedsvise byger.<\/span><\/p>\t\t\t\t\t\t\t\t<\/div>\n\t\t\t\t\t<\/div>\n\t\t\t\t<\/div>\n\t\t\t\t\t<\/details>\n\t\t\t\t\t\t<details id=\"e-n-accordion-item-2205\" class=\"e-n-accordion-item\" >\n\t\t\t\t<summary class=\"e-n-accordion-item-title\" data-accordion-index=\"6\" tabindex=\"-1\" aria-expanded=\"false\" aria-controls=\"e-n-accordion-item-2205\" >\n\t\t\t\t\t<span class='e-n-accordion-item-title-header'><div class=\"e-n-accordion-item-title-text\"> Rwanda <\/div><\/span>\n\t\t\t\t\t\t\t<span class='e-n-accordion-item-title-icon'>\n\t\t\t<span class='e-opened' ><svg aria-hidden=\"true\" class=\"e-font-icon-svg e-fas-minus\" viewbox=\"0 0 448 512\" xmlns=\"http:\/\/www.w3.org\/2000\/svg\"><path d=\"M416 208H32c-17.67 0-32 14.33-32 32v32c0 17.67 14.33 32 32 32h384c17.67 0 32-14.33 32-32v-32c0-17.67-14.33-32-32-32z\"><\/path><\/svg><\/span>\n\t\t\t<span class='e-closed'><svg aria-hidden=\"true\" class=\"e-font-icon-svg e-fas-plus\" viewbox=\"0 0 448 512\" xmlns=\"http:\/\/www.w3.org\/2000\/svg\"><path d=\"M416 208H272V64c0-17.67-14.33-32-32-32h-32c-17.67 0-32 14.33-32 32v144H32c-17.67 0-32 14.33-32 32v32c0 17.67 14.33 32 32 32h144v144c0 17.67 14.33 32 32 32h32c17.67 0 32-14.33 32-32V304h144c17.67 0 32-14.33 32-32v-32c0-17.67-14.33-32-32-32z\"><\/path><\/svg><\/span>\n\t\t<\/span>\n\n\t\t\t\t\t\t<\/summary>\n\t\t\t\t<div role=\"region\" aria-labelledby=\"e-n-accordion-item-2205\" class=\"elementor-element elementor-element-f421b6d e-flex e-con-boxed e-con e-child\" data-id=\"f421b6d\" data-element_type=\"container\">\n\t\t\t\t\t<div class=\"e-con-inner\">\n\t\t\t\t<div class=\"elementor-element elementor-element-7c8e293 elementor-widget elementor-widget-text-editor\" data-id=\"7c8e293\" data-element_type=\"widget\" data-widget_type=\"text-editor.default\">\n\t\t\t\t\t\t\t\t\t<p><span style=\"font-size: 14pt;\"><strong>\u00a0<\/strong><\/span><\/p>\n<p><span style=\"font-size: 14pt;\"><strong>Lavs\u00e6son (marts - maj, oktober - midt i december):<\/strong><\/span><br \/><span style=\"font-size: 14pt;\">Regnvejr g\u00f8r gorillatrekking sv\u00e6rere, men det betyder ogs\u00e5 f\u00e6rre turister og lavere priser p\u00e5 tilladelser og lodges. Nogle stier kan v\u00e6re mudrede og glatte.<\/span><\/p>\n<p><span style=\"font-size: 14pt;\">\u00a0<\/span><\/p>\n<p><span style=\"font-size: 14pt;\"><strong>H\u00f8js\u00e6son (december - februar):<\/strong><\/span><br \/><span style=\"font-size: 14pt;\">T\u00f8rt og varmt vejr g\u00f8r det fantastisk til skovvandringer og primatsporing. Volcanoes National Park, Nyungwe Forest og Akagera National Park er alle tilg\u00e6ngelige og produktive.<\/span><\/p>\n<p><span style=\"font-size: 14pt;\">\u00a0<\/span><\/p>\n<p><span style=\"font-size: 14pt;\"><strong>H\u00f8js\u00e6son (juni - september):<\/strong><\/span><br \/><span style=\"font-size: 14pt;\">Fremragende trekkingforhold og f\u00f8rsteklasses observationer af dyrelivet. Det er ogs\u00e5 t\u00f8rs\u00e6son, hvilket g\u00f8r det lettere at f\u00e5 adgang til alle parker. Lodges og gorillatilladelser er ofte udsolgt - ideelt til planl\u00e6gning i god tid.<\/span><\/p>\t\t\t\t\t\t\t\t<\/div>\n\t\t\t\t\t<\/div>\n\t\t\t\t<\/div>\n\t\t\t\t\t<\/details>\n\t\t\t\t\t<\/div>\n\t\t\t\t\t\t<\/div>\n\t\t\t\t<\/div>\n\t\t\t\t<\/div>","protected":false},"excerpt":{"rendered":"<p>Travel Seasons in East Africa Kenya \u00a0 Low Season (April \u2013 May):This is Kenya\u2019s long rainy season. While some remote lodges close due to impassable roads, the landscape is beautifully green. Game viewing is still possible in parks like Maasai Mara, Amboseli, and Samburu, though the wildlife is a bit scattered. Rates drop significantly, making [&hellip;]<\/p>","protected":false},"author":1,"featured_media":0,"parent":0,"menu_order":0,"comment_status":"closed","ping_status":"closed","template":"elementor_theme","meta":{"om_disable_all_campaigns":false,"_monsterinsights_skip_tracking":false,"_monsterinsights_sitenote_active":false,"_monsterinsights_sitenote_note":"","_monsterinsights_sitenote_category":0,"footnotes":""},"class_list":["post-11746","page","type-page","status-publish","hentry"],"aioseo_notices":[],"_links":{"self":[{"href":"https:\/\/suncresttravelandsafaris.com\/da\/wp-json\/wp\/v2\/pages\/11746","targetHints":{"allow":["GET"]}}],"collection":[{"href":"https:\/\/suncresttravelandsafaris.com\/da\/wp-json\/wp\/v2\/pages"}],"about":[{"href":"https:\/\/suncresttravelandsafaris.com\/da\/wp-json\/wp\/v2\/types\/page"}],"author":[{"embeddable":true,"href":"https:\/\/suncresttravelandsafaris.com\/da\/wp-json\/wp\/v2\/users\/1"}],"replies":[{"embeddable":true,"href":"https:\/\/suncresttravelandsafaris.com\/da\/wp-json\/wp\/v2\/comments?post=11746"}],"version-history":[{"count":21,"href":"https:\/\/suncresttravelandsafaris.com\/da\/wp-json\/wp\/v2\/pages\/11746\/revisions"}],"predecessor-version":[{"id":12080,"href":"https:\/\/suncresttravelandsafaris.com\/da\/wp-json\/wp\/v2\/pages\/11746\/revisions\/12080"}],"wp:attachment":[{"href":"https:\/\/suncresttravelandsafaris.com\/da\/wp-json\/wp\/v2\/media?parent=11746"}],"curies":[{"name":"wp","href":"https:\/\/api.w.org\/{rel}","templated":true}]}}