{"id":9367,"date":"2022-06-23T07:12:45","date_gmt":"2022-06-23T07:12:45","guid":{"rendered":"https:\/\/suncresttravelandsafaris.com\/?page_id=3"},"modified":"2025-09-01T12:51:06","modified_gmt":"2025-09-01T12:51:06","slug":"privacy-policy-2","status":"publish","type":"page","link":"https:\/\/suncresttravelandsafaris.com\/da\/privatlivspolitik-2\/","title":{"rendered":"Privatlivspolitik"},"content":{"rendered":"<h2 class=\"wp-block-heading\">Hvem vi er<\/h2>\n\n\n\n<p>Suncrest travel and safaris travel er forpligtet til at beskytte vores kunders privatliv og sikkerhed og til at tage skridt til at sikre dine personlige og \u00f8konomiske oplysninger. Vi mener, at dine private oplysninger skal forblive netop det, og n\u00e5r du deler personlige oplysninger med os, vil vi g\u00f8re alle rimelige bestr\u00e6belser p\u00e5 at holde dine oplysninger sikre og private. Vi er forpligtet til at sikre, at dine personlige oplysninger er beskyttet.<\/p>\n\n\n\n<h2 class=\"wp-block-heading\">VORES PRIVATLIVSPOLITIK<\/h2>\n\n\n\n<p>Suncrest travel and safaris travel forst\u00e5r, at privatlivets fred er vigtigt for dig og \u00f8nsker, at din oplevelse, n\u00e5r du handler med os, skal v\u00e6re s\u00e5 behagelig og sikker som muligt. Denne politik beskriver, hvem Suncrest travel and safaris travel er, og hvordan de h\u00e5ndterer dine personlige oplysninger generelt, samt n\u00e5r du bruger vores hjemmeside.<\/p>\n\n\n\n<h2 class=\"wp-block-heading\">TYPEN AF PERSONLIG<br>OPLYSNINGER, VI INDSAMLER OG OPBEVARER<\/h2>\n\n\n\n<p>Personlige oplysninger er oplysninger eller en mening om en identificeret person eller en person, der med rimelighed kan identificeres. Generelt indsamler Suncrest travel and safaris travel ikke f\u00f8lsomme oplysninger om dig, s\u00e5som detaljer om din race, politiske overbevisning, religion eller helbred. Afh\u00e6ngigt af de produkter og tjenester, du beder os om at levere, kan vi dog v\u00e6re n\u00f8dt til at indsamle nogle f\u00f8lsomme oplysninger, n\u00e5r vi leverer specialiserede tjenester til dig.<\/p>\n\n\n\n<p>Vi vil bede om en bred vifte af personlige oplysninger, som er n\u00f8dvendige for, at vi kan levere vores tjenester til dig. Den type personlige oplysninger, vi beder om, afh\u00e6nger af, hvilke af rejseprodukterne med Suncrest travel and safaris travel du bestiller, og hvilken type produkt eller tjeneste du v\u00e6lger.<\/p>\n\n\n\n<p>Hvis vi ikke er i stand til at indsamle personlige oplysninger om dig, er vi muligvis ikke i stand til at give dig de produkter, tjenester eller den hj\u00e6lp, du har brug for. Indsamling, brug eller videregivelse af dine personlige oplysninger er n\u00f8dvendig for at levere disse.<\/p>\n\n\n\n<p>Vi vil generelt bede om f\u00f8lgende typer af personlige oplysninger:<\/p>\n\n\n\n<p>navn, adresse, e-mail og kontaktoplysninger; f\u00f8dselsdato;<br>k\u00f8n; og\/eller<br>oplysninger om din brug af vores produkt eller tjeneste<\/p>\n\n\n\n<p>Afh\u00e6ngigt af det produkt eller den tjeneste, du v\u00e6lger, kan du ogs\u00e5 blive bedt om andre typer personlige oplysninger som f.eks:<\/p>\n\n\n\n<p>forsikring- rejse Pasnummer<br>Oplysninger om kreditkort<\/p>\n\n\n\n<h2 class=\"wp-block-heading\">M\u00e5der vi indsamler dine personlige oplysninger p\u00e5<\/h2>\n\n\n\n<p>Vi indsamler dine personlige oplysninger:<\/p>\n\n\n\n<ul class=\"wp-block-list\">\n<li>ved hj\u00e6lp af skriftlige formularer; gennem kontakt over telefonen, din mobil eller anden meddelelsesteknologi; via internettet, herunder websteder og sociale medier; og\/eller<\/li>\n\n\n\n<li>personlig kontakt<\/li>\n\n\n\n<li>Gennem abonnements- og tilmeldingsformularer<\/li>\n\n\n\n<li>Bookingformularer og anmodninger om yderligere information E-mails, svarapparater <\/li>\n<\/ul>\n\n\n\n<p>Vi vil indsamle dine personlige oplysninger i l\u00f8bet af informationens livscyklus, p\u00e5 et ad hoc eller tilbagevendende grundlag ved hj\u00e6lp af ovenst\u00e5ende metoder. Vi indsamler f.eks. personlige oplysninger, n\u00e5r du k\u00f8ber et produkt eller en tjeneste fra os, n\u00e5r du foretager \u00e6ndringer i det p\u00e5g\u00e6ldende produkt, n\u00e5r du sp\u00f8rger til vores produkter og tjenester eller anmoder om oplysninger om vores tjenester. Vi vil kombinere eller linke personlige oplysninger, som vi allerede kender om dig, til andre personlige oplysninger, som vi indsamler om dig.<\/p>\n\n\n\n<p>Vi indsamler dine personlige oplysninger:<\/p>\n\n\n\n<p>direkte fra dig skriftligt, telefonisk eller via vores online bookingmotor. fra en gruppekoordinator, der arrangerer din rejse (hvis dette er tilf\u00e6ldet, vil vi<br>anmodning fra gruppelederen om, at hvert medlem af gruppen har givet samtykke til, at de leverer disse personlige oplysninger til os, for at vi kan levere disse produkter og tjenester).<br>fra andre personer eller organisationer (herunder relaterede og tredjeparter).<\/p>\n\n\n\n<p>Se afsnittet \"Parter, som vi videregiver og indsamler dine personlige oplysninger til\", som beskriver de typer organisationer, vi videregiver dine personlige oplysninger til og indsamler dine personlige oplysninger fra.<\/p>\n\n\n\n<h2 class=\"wp-block-heading\">COOKIES<\/h2>\n\n\n\n<p>Vores websteder er afh\u00e6ngige af \"cookies\" for at kunne levere en r\u00e6kke tjenester til dig. En cookie er et stykke data, som et websted sender til din browser, og som derefter gemmes p\u00e5 din computer eller anden internetaktiveret enhed. Cookies er generelt en af to typer, en<br>sessionscookie eller en vedvarende cookie. En sessionscookie er en midlertidig cookie, der er<br>placeres p\u00e5 enheden og forbliver der, indtil du forlader en af vores hjemmesider. En vedvarende cookie forbliver p\u00e5 din enhed i et tidsrum eller en varighed, der er angivet i<br>cookie, selvom du forlader vores hjemmesider.<\/p>\n\n\n\n<h2 class=\"wp-block-heading\">FORM\u00c5L MED INDSAMLING AF PERSONLIGE OPLYSNINGER<\/h2>\n\n\n\n<p>Vi indsamler dine personlige oplysninger, s\u00e5 vi kan:<\/p>\n\n\n\n<ul class=\"wp-block-list\">\n<li><img decoding=\"async\" width=\"4\" height=\"4\" src=\"\">\u00a0identificere dig og give dig vores produkter og tjenester, herunder at underrette dig om nye produkter, tjenester og kampagner fra tid til anden.<\/li>\n\n\n\n<li>forst\u00e5 dine behov og give dig et produkt eller en service; <img decoding=\"async\" width=\"4\" height=\"4\" src=\"\">\u00a0<\/li>\n\n\n\n<li>ops\u00e6tte, administrere og styre vores produkter og tjenester,<\/li>\n\n\n\n<li>f\u00e5 en bedre forst\u00e5else af dig, dine behov, din adf\u00e6rd og hvordan du interagerer med os, s\u00e5 vi kan engagere os i produkt- og serviceforskning, udvikling og forretningsstrategi, herunder styring af leveringen af vores tjenester og produkter via de m\u00e5der, vi kommunikerer med dig p\u00e5.<\/li>\n<\/ul>\n\n\n\n<p>Nogle gange er vi n\u00f8dt til at indsamle dine personlige oplysninger for at opfylde specifikke juridiske forpligtelser.<\/p>\n\n\n\n<h2 class=\"wp-block-heading\">BRUG OG VIDEREGIVELSE<\/h2>\n\n\n\n<p>Vi bruger og videregiver dine personlige oplysninger til de form\u00e5l, vi har indsamlet dem til. Se venligst afsnittet \"Form\u00e5l med indsamling af personlige oplysninger\" for at forst\u00e5, hvad disse form\u00e5l kan v\u00e6re.<\/p>\n\n\n\n<p>Hvis dine personlige oplysninger er underlagt Kenyas regler om beskyttelse af personlige oplysninger, vil vi bruge og<br>videregive dine personlige oplysninger til et sekund\u00e6rt form\u00e5l, der er relateret til et form\u00e5l, som vi indsamlede dem til, hvor du med rimelighed ville forvente, at vi bruger eller videregiver dine personlige oplysninger til det sekund\u00e6re form\u00e5l. I tilf\u00e6lde af f\u00f8lsomme<br>oplysninger, vil enhver sekund\u00e6r brug eller videregivelse v\u00e6re direkte relateret til form\u00e5let<\/p>\n\n\n\n<p>For eksempel vil vi videregive dine personlige oplysninger til tredjepartstjenesteudbydere, s\u00e5 de kan levere de aftalte tjenester til Suncrest travel and safaris travel, s\u00e5som informationsteknologisk support eller programmering, hostingtjenester, telefonitjenester, mailing eller afsendelse af dokumentation til kunder digitalt eller p\u00e5 anden m\u00e5de.<\/p>\n\n\n\n<p>Som rejsebureau kan Suncrest travel and safaris travel v\u00e6re forpligtet til at videregive dine personlige oplysninger til disse udbydere for at g\u00f8re det muligt for dem at levere deres tjenester til dig og hj\u00e6lpe med at g\u00f8re din oplevelse tilfredsstillende. Da disse udbydere kr\u00e6ver disse personlige oplysninger, n\u00e5r du foretager din reservation, vil vi ikke v\u00e6re i stand til at afslutte din reservation, hvis de ikke leveres.<\/p>\n\n\n\n<p>Der vil v\u00e6re andre tilf\u00e6lde, hvor vi kan bruge og videregive dine personlige oplysninger i overensstemmelse med de kenyanske regler om beskyttelse af personlige oplysninger, herunder hvor:<\/p>\n\n\n\n<ul class=\"wp-block-list\">\n<li>du udtrykkeligt eller underforst\u00e5et har givet samtykke til brugen eller videregivelsen;<\/li>\n<\/ul>\n\n\n\n<h2 class=\"wp-block-heading\">INDSAMLING BRUG OG VIDEREGIVELSE AF PERSONLIGE OPLYSNINGER TIL MARKEDSF\u00d8RING<\/h2>\n\n\n\n<p>Suncrest travel and safaris travel har et stort udvalg af tjenester inden for rejser, medier og ture. Markedsf\u00f8ring er en vigtig del af vores forretning. Vi \u00f8nsker at indsamle, bruge og videregive dine personlige oplysninger for at holde dig opdateret med udvalget af produkter og tjenester, der er tilg\u00e6ngelige fra Suncrest travel and safaris travel, og som vi mener kan v\u00e6re af interesse for dig. Vi bruger en bred vifte af markedsf\u00f8ringsstrategier, herunder mail, sms, telefon og anden internetbaseret markedsf\u00f8ring, herunder m\u00e5lrettet onlineannoncering og online<\/p>\n\n\n\n<p>Hvis du \u00f8nsker at ud\u00f8ve dine pr\u00e6ferencer, kan du henvende dig til vores databeskyttelsesr\u00e5dgiver, hvis kontaktoplysninger findes nedenfor.<\/p>\n\n\n\n<h2 class=\"wp-block-heading\">PARTER, SOM VI VIDEREGIVER OG INDSAMLER DINE PERSONLIGE OPLYSNINGER TIL<\/h2>\n\n\n\n<p>Som beskrevet i afsnittet \"M\u00e5der vi indsamler dine personlige oplysninger p\u00e5\" er der en r\u00e6kke personer og organisationer ('parter'), som vi videregiver dine personlige oplysninger til og indsamler personlige oplysninger fra - som ikke er dig. Disse kan v\u00e6re parter, der er relateret til Suncrest travel og safaris travel eller tredjeparter. Den p\u00e5g\u00e6ldende part vil afh\u00e6nge af, hvilket firma eller brand i Suncrest travel and safaris travel du handler med, og hvilket produkt eller hvilken service du modtager.<\/p>\n\n\n\n<p>Nogle eksempler p\u00e5 de parter, som vi kan videregive dine personlige oplysninger til og indsamle personlige oplysninger fra, er:<\/p>\n\n\n\n<ul class=\"wp-block-list\">\n<li>andre virksomheder inden for Suncrest travel and safaris travel og andre handelsdivisioner eller afdelinger inden for samme virksomhed<\/li>\n\n\n\n<li>kunde-, produkt-, forretnings- eller strategiske forsknings- og udviklingsorganisationer;<\/li>\n\n\n\n<li>en tredjepart, som vi har indg\u00e5et aftale med om at levere rejsetjenester, administrative eller andre forretningstjenester - f.eks:<\/li>\n<\/ul>\n\n\n\n<p>- udbydere af informationsteknologi,<\/p>\n\n\n\n<p>- marketingbureauer og andre udbydere af marketingtjenester;<\/p>\n\n\n\n<p>- rejseudbydere, hvis produkt du rejser med;<\/p>\n\n\n\n<p>- udbydere af print\/post\/digitale tjenester; og<\/p>\n\n\n\n<p>- tjenester til billedbehandling og dokumenth\u00e5ndtering<\/p>\n\n\n\n<ul class=\"wp-block-list\">\n<li>data warehouses,<\/li>\n\n\n\n<li>sociale medier og andre virtuelle f\u00e6llesskaber og netv\u00e6rk, hvor folk skaber, deler eller udveksler information;<\/li>\n\n\n\n<li>offentligt tilg\u00e6ngelige informationskilder;<\/li>\n\n\n\n<li>klubber, foreninger, udbydere af loyalitets- eller bel\u00f8nningsprogrammer for medlemmer og andre brancherelevante organisationer;<\/li>\n\n\n\n<li>enhver anden organisation eller person, hvor du har bedt dem om at give os dine personlige oplysninger eller bedt os om at indhente personlige oplysninger fra dem (f.eks. din for\u00e6lder eller gruppearrang\u00f8r).<\/li>\n<\/ul>\n\n\n\n<h2 class=\"wp-block-heading\">OFFENTLIGG\u00d8RELSE I UDLANDET<\/h2>\n\n\n\n<p>Vi sender dine personlige oplysninger til udlandet og indsamler personlige oplysninger fra udlandet. Tilf\u00e6lde, hvor vi vil g\u00f8re dette, omfatter:<\/p>\n\n\n\n<ul class=\"wp-block-list\">\n<li>n\u00e5r du har bedt os om at g\u00f8re det, eller vi har dit samtykke;<\/li>\n\n\n\n<li>n\u00e5r vi er autoriseret eller forpligtet af en kenyansk lov eller en domstol til at g\u00f8re det;<\/li>\n\n\n\n<li>n\u00e5r vi har outsourcet en forretningsaktivitet eller -funktion til en udenlandsk serviceudbyder; og<\/li>\n\n\n\n<li>visse elektroniske transaktioner.<\/li>\n<\/ul>\n\n\n\n<p>Vi videregiver alle former for personlige oplysninger i udlandet, men kun i det omfang det er n\u00f8dvendigt for at udf\u00f8re vores funktioner og tjenester. For at kunne udf\u00f8re vores forretningsaktiviteter og funktioner vil vi videregive dine personlige oplysninger til og indsamle dine personlige oplysninger fra parter i en r\u00e6kke lande.<\/p>\n\n\n\n<p>Vi opbevarer dine personlige oplysninger i:<\/p>\n\n\n\n<p>Vi vil tage alle rimelige skridt til at beskytte dine personlige oplysninger mod misbrug, indblanding og tab samt uautoriseret adgang, \u00e6ndring eller offentligg\u00f8relse. De m\u00e5der, vi g\u00f8r dette p\u00e5, omfatter:<\/p>\n\n\n\n<ul class=\"wp-block-list\">\n<li>computersystemer;<\/li>\n\n\n\n<li>elektroniske databaser;<\/li>\n\n\n\n<li>digitale optegnelser;<\/li>\n\n\n\n<li>telefonoptagelser; og i papirkopier eller papirfiler.<\/li>\n<\/ul>\n\n\n\n<p>Disse opbevaringsmekanismer kan administreres p\u00e5 en r\u00e6kke m\u00e5der. De kan styres eller administreres internt af en virksomhed i Suncrest travel and safaris travel og kan opbevares lokalt, eller de kan styres af en tredjeparts lagerudbyder, som Suncrest travel and safaris travel har et kontraktligt forhold til, og som enten styres lokalt og\/eller i udlandet.<\/p>\n\n\n\n<ul class=\"wp-block-list\">\n<li>at begr\u00e6nse den fysiske adgang til vores lokaler;<\/li>\n\n\n\n<li>begr\u00e6nsning af elektronisk og fysisk adgang til personlige oplysninger, vi har;<\/li>\n\n\n\n<li>at have standby-systemer og sikkerhedskopier af information p\u00e5 plads til at h\u00e5ndtere st\u00f8rre forretningsafbrydelser;<\/li>\n\n\n\n<li>vedligeholdelse af teknologiske sikkerhedsprodukter;<\/li>\n\n\n\n<li>at kr\u00e6ve, at alle tredjepartsleverand\u00f8rer har acceptable sikkerhedsforanstaltninger for at holde dine personlige oplysninger sikre; og<\/li>\n<\/ul>\n\n\n\n<p>Vi opretholder industristandardteknologi og -procedurer med hensyn til vores informationsstyring og levering af onlinetjenester. Suncrest travel and safaris travel har et l\u00f8bende program for gennemgang og forbedring af sine sikkerhedsforanstaltninger. Gennemgangene og opdateringerne omhandler forhold som sikkerheds- og informationsstyringspolitikker, processer og procedurer samt teknologigennemgange som f.eks. software, virusbeskyttelse og firewall-indstillinger. Suncrest travel and safaris travel's systemer og informationsteknologiske infrastruktur bliver regelm\u00e6ssigt revideret af b\u00e5de interne og eksterne eksperter.<\/p>\n\n\n\n<p>E-mail-transmissioner til Suncrest travel and safaris travel er ikke n\u00f8dvendigvis sikre. Hvis du er bekymret for sikkerheden af indholdet af din e-mail eller enhver anden transaktion over internettet, b\u00f8r du overveje at kontakte os p\u00e5 andre m\u00e5der.<br>Suncrest travel and safaris travel anvender dog st\u00e6rke krypteringsteknikker og brug af firewalls i lighed med finansielle institutioner og internettransaktionssystemer globalt. Hvis du foretager en transaktion, der involverer indsendelse af personlige oplysninger over internettet til Suncrest travel and safaris travel ved hj\u00e6lp af en af vores onlineformularer, anvender Suncrest travel and safaris travel denne krypteringsteknologi. N\u00e5r Suncrest travel and safaris travel har modtaget dine personlige oplysninger, opbevares og beskyttes de af en r\u00e6kke sikkerhedskontroller, herunder firewalls, krav til brugeridentifikation og revisionsspor.<\/p>\n\n\n\n<p>Suncrest travel og safaris travel medarbejdere og repr\u00e6sentanter i deres forpligtelser til beskyttelse af personlige oplysninger,<br>anvender fortrolighedsforpligtelser og giver autoriserede personer brugeridentifikatorer, adgangskoder eller andre adgangskoder til at kontrollere adgangen til dine personlige oplysninger.<\/p>\n\n\n\n<h2 class=\"wp-block-heading\">IKKE-KUNDER<\/h2>\n\n\n\n<p>Du er m\u00e5ske ikke kunde hos os, men du interagerer m\u00e5ske med en af vores virksomheder. Du kan interagere med en af vores virksomheder ved at bruge vores transaktionswebsteder, deltage i en konkurrence eller kommentere via sociale medier. Vi indsamler, bruger og videregiver dine personlige oplysninger i overensstemmelse med denne fortrolighedspolitik og enhver fortrolighedserkl\u00e6ring, du m\u00e5tte modtage, n\u00e5r du interagerer med os. Se vores onlinevilk\u00e5r p\u00e5 vores transaktionswebsteder for at f\u00e5 flere oplysninger om interaktion med os via internettet.<\/p>\n\n\n\n<p>Vi er afh\u00e6ngige af n\u00f8jagtigheden af de personlige oplysninger, vi har om dig, for at kunne levere vores produkter og tjenester til dig. Du har ret til at anmode os om at rette eventuelle un\u00f8jagtige, for\u00e6ldede, ufuldst\u00e6ndige, irrelevante eller vildledende personlige oplysninger. Vi vil tage s\u00e5danne skridt, der er rimelige under omst\u00e6ndighederne med hensyn til det form\u00e5l, som dine personlige oplysninger opbevares til, for at foretage en korrektion. Vi kan n\u00e6gte at rette dine personlige oplysninger og vil give en skriftlig begrundelse for afslaget. Hvis vi n\u00e6gter at rette dine personlige oplysninger, har du ret til at knytte en erkl\u00e6ring til oplysningerne om, at oplysningerne er un\u00f8jagtige, for\u00e6ldede, ufuldst\u00e6ndige, irrelevante eller vildledende. Vi vil tage s\u00e5danne skridt, der er rimelige under omst\u00e6ndighederne, for at knytte denne erkl\u00e6ring til alle optegnelser, der indeholder de relevante oplysninger. Du kan kontakte os for at anmode om rettelse af de personlige oplysninger, vi har om dig, ved at bruge den relevante adgangs- eller rettelseskontakt i Suncrest travel and safaris travel Privacy.<\/p>\n\n\n\n<h2 class=\"wp-block-heading\"><strong>FJERNELSE FRA VORES MARKETINGLISTER<\/strong><\/h2>\n\n\n\n<p>Hvis du ikke \u00f8nsker at modtage e-mails eller tilbud fra Suncrest travel and safaris travel, bedes du give os besked ved at sende en e-mail, eller hvis du blot f\u00f8lger instruktionerne for \"afmelding\", der er inkluderet som en del af Suncrest travel and safaris travel almindelige post og e-mail-tilbud, vil dit navn blive fjernet fra mailinglisten.<\/p>","protected":false},"excerpt":{"rendered":"<p>Who we are Suncrest travel and safaris travel is committed to our client\u2019s privacy and security and to taking steps designed to secure your personal and financial information. We believe your private details should be kept just that and when you share personal information with us, we will make all reasonable endeavours to keep your [&hellip;]<\/p>","protected":false},"author":1,"featured_media":0,"parent":0,"menu_order":0,"comment_status":"closed","ping_status":"open","template":"","meta":{"om_disable_all_campaigns":false,"_monsterinsights_skip_tracking":false,"_monsterinsights_sitenote_active":false,"_monsterinsights_sitenote_note":"","_monsterinsights_sitenote_category":0,"footnotes":""},"class_list":["post-9367","page","type-page","status-publish","hentry"],"aioseo_notices":[],"_links":{"self":[{"href":"https:\/\/suncresttravelandsafaris.com\/da\/wp-json\/wp\/v2\/pages\/9367","targetHints":{"allow":["GET"]}}],"collection":[{"href":"https:\/\/suncresttravelandsafaris.com\/da\/wp-json\/wp\/v2\/pages"}],"about":[{"href":"https:\/\/suncresttravelandsafaris.com\/da\/wp-json\/wp\/v2\/types\/page"}],"author":[{"embeddable":true,"href":"https:\/\/suncresttravelandsafaris.com\/da\/wp-json\/wp\/v2\/users\/1"}],"replies":[{"embeddable":true,"href":"https:\/\/suncresttravelandsafaris.com\/da\/wp-json\/wp\/v2\/comments?post=9367"}],"version-history":[{"count":1,"href":"https:\/\/suncresttravelandsafaris.com\/da\/wp-json\/wp\/v2\/pages\/9367\/revisions"}],"predecessor-version":[{"id":11584,"href":"https:\/\/suncresttravelandsafaris.com\/da\/wp-json\/wp\/v2\/pages\/9367\/revisions\/11584"}],"wp:attachment":[{"href":"https:\/\/suncresttravelandsafaris.com\/da\/wp-json\/wp\/v2\/media?parent=9367"}],"curies":[{"name":"wp","href":"https:\/\/api.w.org\/{rel}","templated":true}]}}