{"id":12417,"date":"2025-09-16T07:07:11","date_gmt":"2025-09-16T07:07:11","guid":{"rendered":"https:\/\/suncresttravelandsafaris.com\/?post_type=product&#038;p=12417"},"modified":"2025-09-17T11:49:01","modified_gmt":"2025-09-17T11:49:01","slug":"3-days-maasai-mara-glamping","status":"publish","type":"product","link":"https:\/\/suncresttravelandsafaris.com\/da\/vare\/3-dages-maasai-mara-glamping\/","title":{"rendered":"3 dages glamping i Maasai Mara"},"content":{"rendered":"<h2>Oversigt<\/h2>\n<p>Denne 3-dages Maasai Mara glamping-safari byder p\u00e5 den perfekte blanding af vildmark, kultur og komfort. Sl\u00e5 lejr under de afrikanske stjerner med alle de bekvemmeligheder, du har brug for, tag p\u00e5 sp\u00e6ndende jagtture, og oplev Maasai-livsstilen p\u00e5 f\u00f8rste h\u00e5nd. Fra swahilimiddage ved lejrb\u00e5let til heldagseventyr i naturen - dette er en autentisk, men komfortabel safariflugt i et af verdens mest ikoniske reservater.<\/p>\n<h4>Turens h\u00f8jdepunkt<\/h4>\n<ul>\n<li>Komfortabel camping i telt<\/li>\n<li>F\u00f8rste m\u00f8de med vilde dyr under stjernerne<\/li>\n<li>Piratjagt<\/li>\n<li>Afslappende lejrb\u00e5l<\/li>\n<\/ul>\n<h4>Gebyrer fra:<\/h4>\n<p><span style=\"color: red; font-weight: bold;\">Priser med forbehold for \u00e6ndringer<\/span><\/p>\n<div style=\"overflow-x: auto; -webkit-overflow-scrolling: touch; margin-top: 10px;\">\n<table style=\"width: 100%; border-collapse: collapse; font-size: 16px; text-align: center; min-width: 500px;\">\n<thead>\n<tr>\n<th style=\"border: 1px solid #ddd; padding: 12px; background: #299fc3; color: #fff; font-weight: bold;\"><\/th>\n<th style=\"border: 1px solid #ddd; padding: 12px; background: #299fc3; color: #fff; font-weight: bold;\">Lavs\u00e6son<br \/>\n(April - maj)<\/th>\n<th style=\"border: 1px solid #ddd; padding: 12px; background: #299fc3; color: #fff; font-weight: bold;\">H\u00f8js\u00e6son<br \/>\n(Januar - marts,<br \/>\nNovember)<\/th>\n<th style=\"border: 1px solid #ddd; padding: 12px; background: #299fc3; color: #fff; font-weight: bold;\">H\u00f8js\u00e6son<br \/>\n(Januar - marts,<br \/>\nNovember)<\/th>\n<\/tr>\n<\/thead>\n<tbody>\n<tr>\n<td style=\"border: 1px solid #ddd; padding: 12px; background: #fff; color: #000;\">Budget<\/td>\n<td style=\"border: 1px solid #ddd; padding: 12px; background: #fff; color: #000;\">900<\/td>\n<td style=\"border: 1px solid #ddd; padding: 12px; background: #fff; color: #000;\">1200<\/td>\n<td style=\"border: 1px solid #ddd; padding: 12px; background: #fff; color: #000;\">1800<\/td>\n<\/tr>\n<tr>\n<td style=\"border: 1px solid #ddd; padding: 12px; background: #fff; color: #000;\">Mellemklasse<\/td>\n<td style=\"border: 1px solid #ddd; padding: 12px; background: #fff; color: #000;\">1500<\/td>\n<td style=\"border: 1px solid #ddd; padding: 12px; background: #fff; color: #000;\">1800<\/td>\n<td style=\"border: 1px solid #ddd; padding: 12px; background: #fff; color: #000;\">2400<\/td>\n<\/tr>\n<tr>\n<td style=\"border: 1px solid #ddd; padding: 12px; background: #fff; color: #000;\">Luksus<\/td>\n<td style=\"border: 1px solid #ddd; padding: 12px; background: #fff; color: #000;\">1800<\/td>\n<td style=\"border: 1px solid #ddd; padding: 12px; background: #fff; color: #000;\">2100<\/td>\n<td style=\"border: 1px solid #ddd; padding: 12px; background: #fff; color: #000;\">2700<\/td>\n<\/tr>\n<\/tbody>\n<\/table>\n<\/div>","protected":false},"excerpt":{"rendered":"<p>Et 3-dages Maasai Mara glamping-eventyr med game drives, Maasai-kultur, swahili-b\u00e5lmiddage og stjernekiggeri under den afrikanske himmel.<\/p>","protected":false},"featured_media":12418,"comment_status":"closed","ping_status":"closed","template":"","meta":{"om_disable_all_campaigns":false,"_monsterinsights_skip_tracking":false,"_monsterinsights_sitenote_active":false,"_monsterinsights_sitenote_note":"","_monsterinsights_sitenote_category":0},"product_brand":[],"product_cat":[51],"product_tag":[],"class_list":{"0":"post-12417","1":"product","2":"type-product","3":"status-publish","4":"has-post-thumbnail","6":"brw_tour_types-glamping","7":"product_cat-glamping","9":"first","10":"instock","11":"shipping-taxable","12":"purchasable","13":"product-type-ovabrw_car_rental"},"aioseo_notices":[],"_links":{"self":[{"href":"https:\/\/suncresttravelandsafaris.com\/da\/wp-json\/wp\/v2\/product\/12417","targetHints":{"allow":["GET"]}}],"collection":[{"href":"https:\/\/suncresttravelandsafaris.com\/da\/wp-json\/wp\/v2\/product"}],"about":[{"href":"https:\/\/suncresttravelandsafaris.com\/da\/wp-json\/wp\/v2\/types\/product"}],"replies":[{"embeddable":true,"href":"https:\/\/suncresttravelandsafaris.com\/da\/wp-json\/wp\/v2\/comments?post=12417"}],"wp:featuredmedia":[{"embeddable":true,"href":"https:\/\/suncresttravelandsafaris.com\/da\/wp-json\/wp\/v2\/media\/12418"}],"wp:attachment":[{"href":"https:\/\/suncresttravelandsafaris.com\/da\/wp-json\/wp\/v2\/media?parent=12417"}],"wp:term":[{"taxonomy":"product_brand","embeddable":true,"href":"https:\/\/suncresttravelandsafaris.com\/da\/wp-json\/wp\/v2\/product_brand?post=12417"},{"taxonomy":"product_cat","embeddable":true,"href":"https:\/\/suncresttravelandsafaris.com\/da\/wp-json\/wp\/v2\/product_cat?post=12417"},{"taxonomy":"product_tag","embeddable":true,"href":"https:\/\/suncresttravelandsafaris.com\/da\/wp-json\/wp\/v2\/product_tag?post=12417"}],"curies":[{"name":"wp","href":"https:\/\/api.w.org\/{rel}","templated":true}]}}