{"id":12429,"date":"2025-09-16T09:10:28","date_gmt":"2025-09-16T09:10:28","guid":{"rendered":"https:\/\/suncresttravelandsafaris.com\/?post_type=product&#038;p=12429"},"modified":"2025-09-16T14:34:28","modified_gmt":"2025-09-16T14:34:28","slug":"11-day-kenya-tanzania-safari-adventure","status":"publish","type":"product","link":"https:\/\/suncresttravelandsafaris.com\/da\/vare\/11-dages-kenya-tanzania-safari-eventyr\/","title":{"rendered":"11-dages safarieventyr i Kenya og Tanzania"},"content":{"rendered":"<h2>Oversigt<\/h2>\n<p data-start=\"213\" data-end=\"1024\">Denne 11-dages safari byder p\u00e5 det bedste af Kenyas og Tanzanias f\u00f8rende parker og tager dig fra Kenyas Maasai Mara og Amboseli til Tanzanias Tarangire, Serengeti og Ngorongoro-krateret. Se Big Five, flamingoer ved Nakuru-s\u00f8en, elefanter mod Kilimanjaro og store flokke p\u00e5 Serengeti-sletten. Eventyret omfatter safariture, natursk\u00f8nne k\u00f8reture, kulturelle m\u00f8der og betagende landskaber. Med professionelle guider, komfortabel indkvartering og problemfri rejse p\u00e5 tv\u00e6rs af gr\u00e6nserne garanterer denne safari en episk oplevelse af dyrelivet i \u00d8stafrika.<\/p>\n<h4>Turens h\u00f8jdepunkt<\/h4>\n<ul>\n<li>De fem store i Maasai Mara<\/li>\n<li>N\u00e6sehorn og flamingoer ved Nakuru-s\u00f8en<\/li>\n<li>Elefanter i Amboseli<\/li>\n<li>Gr\u00e6nseoverskridende safari i Tanzania<\/li>\n<li>Tarangires baobabtr\u00e6er og l\u00f8ver<\/li>\n<li>K\u00f8reture i Serengeti<\/li>\n<li>Dyrelivet i Ngorongoro-krateret<\/li>\n<\/ul>\n<h4>Gebyrer fra:<\/h4>\n<p><span style=\"color: red; font-weight: bold;\">Priser med forbehold for \u00e6ndringer<\/span><\/p>\n<div style=\"overflow-x: auto; -webkit-overflow-scrolling: touch; margin-top: 10px;\">\n<table style=\"width: 100%; border-collapse: collapse; font-size: 16px; text-align: center; min-width: 500px;\">\n<thead>\n<tr>\n<th style=\"border: 1px solid #ddd; padding: 12px; background: #299fc3; color: #fff; font-weight: bold;\"><\/th>\n<th style=\"border: 1px solid #ddd; padding: 12px; background: #299fc3; color: #fff; font-weight: bold;\">Lavs\u00e6son<br \/>\n(Januar - marts,<br \/>\nJuli - august)<\/th>\n<th style=\"border: 1px solid #ddd; padding: 12px; background: #299fc3; color: #fff; font-weight: bold;\">H\u00f8js\u00e6son<br \/>\n(April - juni,<br \/>\nSeptember - november)<\/th>\n<th style=\"border: 1px solid #ddd; padding: 12px; background: #299fc3; color: #fff; font-weight: bold;\">H\u00f8js\u00e6son<br \/>\n(Helligdage i december,<br \/>\nP\u00e5ske)<\/th>\n<\/tr>\n<\/thead>\n<tbody>\n<tr>\n<td style=\"border: 1px solid #ddd; padding: 12px; background: #fff; color: #000;\">Budget<\/td>\n<td style=\"border: 1px solid #ddd; padding: 12px; background: #fff; color: #000;\">3300<\/td>\n<td style=\"border: 1px solid #ddd; padding: 12px; background: #fff; color: #000;\">4400<\/td>\n<td style=\"border: 1px solid #ddd; padding: 12px; background: #fff; color: #000;\">6600<\/td>\n<\/tr>\n<tr>\n<td style=\"border: 1px solid #ddd; padding: 12px; background: #fff; color: #000;\">Mellemklasse<\/td>\n<td style=\"border: 1px solid #ddd; padding: 12px; background: #fff; color: #000;\">5700<\/td>\n<td style=\"border: 1px solid #ddd; padding: 12px; background: #fff; color: #000;\">6800<\/td>\n<td style=\"border: 1px solid #ddd; padding: 12px; background: #fff; color: #000;\">9000<\/td>\n<\/tr>\n<tr>\n<td style=\"border: 1px solid #ddd; padding: 12px; background: #fff; color: #000;\">Luksus<\/td>\n<td style=\"border: 1px solid #ddd; padding: 12px; background: #fff; color: #000;\">6900<\/td>\n<td style=\"border: 1px solid #ddd; padding: 12px; background: #fff; color: #000;\">8000<\/td>\n<td style=\"border: 1px solid #ddd; padding: 12px; background: #fff; color: #000;\">10200<\/td>\n<\/tr>\n<\/tbody>\n<\/table>\n<\/div>","protected":false},"excerpt":{"rendered":"<p>En sp\u00e6ndende 11-dages gr\u00e6nseoverskridende safari gennem Kenya og Tanzania, der kombinerer Maasai Mara, Amboseli, Serengeti, Ngorongoro og meget mere for uforglemmelige m\u00f8der med dyrelivet.<\/p>","protected":false},"featured_media":12432,"comment_status":"open","ping_status":"closed","template":"","meta":{"om_disable_all_campaigns":false,"_monsterinsights_skip_tracking":false,"_monsterinsights_sitenote_active":false,"_monsterinsights_sitenote_note":"","_monsterinsights_sitenote_category":0},"product_brand":[],"product_cat":[279],"product_tag":[],"class_list":{"0":"post-12429","1":"product","2":"type-product","3":"status-publish","4":"has-post-thumbnail","6":"product_cat-featured","8":"first","9":"instock","10":"featured","11":"shipping-taxable","12":"purchasable","13":"product-type-ovabrw_car_rental"},"aioseo_notices":[],"_links":{"self":[{"href":"https:\/\/suncresttravelandsafaris.com\/da\/wp-json\/wp\/v2\/product\/12429","targetHints":{"allow":["GET"]}}],"collection":[{"href":"https:\/\/suncresttravelandsafaris.com\/da\/wp-json\/wp\/v2\/product"}],"about":[{"href":"https:\/\/suncresttravelandsafaris.com\/da\/wp-json\/wp\/v2\/types\/product"}],"replies":[{"embeddable":true,"href":"https:\/\/suncresttravelandsafaris.com\/da\/wp-json\/wp\/v2\/comments?post=12429"}],"wp:featuredmedia":[{"embeddable":true,"href":"https:\/\/suncresttravelandsafaris.com\/da\/wp-json\/wp\/v2\/media\/12432"}],"wp:attachment":[{"href":"https:\/\/suncresttravelandsafaris.com\/da\/wp-json\/wp\/v2\/media?parent=12429"}],"wp:term":[{"taxonomy":"product_brand","embeddable":true,"href":"https:\/\/suncresttravelandsafaris.com\/da\/wp-json\/wp\/v2\/product_brand?post=12429"},{"taxonomy":"product_cat","embeddable":true,"href":"https:\/\/suncresttravelandsafaris.com\/da\/wp-json\/wp\/v2\/product_cat?post=12429"},{"taxonomy":"product_tag","embeddable":true,"href":"https:\/\/suncresttravelandsafaris.com\/da\/wp-json\/wp\/v2\/product_tag?post=12429"}],"curies":[{"name":"wp","href":"https:\/\/api.w.org\/{rel}","templated":true}]}}