{"id":12458,"date":"2025-09-16T14:38:16","date_gmt":"2025-09-16T14:38:16","guid":{"rendered":"https:\/\/suncresttravelandsafaris.com\/?post_type=product&#038;p=12458"},"modified":"2025-09-16T15:02:19","modified_gmt":"2025-09-16T15:02:19","slug":"10-day-kenya-safari-seychelles-beach-escape","status":"publish","type":"product","link":"https:\/\/suncresttravelandsafaris.com\/da\/vare\/10-dages-kenya-safari-seychellerne-strand-flugt\/","title":{"rendered":"10-dages Kenya-safari og strandferie p\u00e5 Seychellerne"},"content":{"rendered":"<h2>Oversigt<\/h2>\n<p data-start=\"213\" data-end=\"1024\">Denne 10-dages rejse kombinerer sp\u00e6ndingen ved Kenyas ikoniske dyrelivssafarier med roen i Seychellernes turkisbl\u00e5 vand. Begynd i Nairobi, f\u00f8r du flyver til det legendariske Maasai Mara, hvor du skal p\u00e5 safari og m\u00f8de masaiernes kultur. Se de fem store, nyd en valgfri tur i varmluftsballon, og sug savannens magi til dig. Skift derefter de vilde sletter ud med hvide sandstrande, n\u00e5r du flyver til Seychellerne. Udforsk Mah\u00e9s frodige landskaber, Praslins UNESCO-listede Vall\u00e9e de Mai og La Digues charmerende cykelstier til verdensber\u00f8mte strande som Anse Lazio og Anse Source d'Argent.<\/p>\n<h4>Turens h\u00f8jdepunkt<\/h4>\n<ul>\n<li>Big Five-safari i den verdensber\u00f8mte Maasai Mara<\/li>\n<li>M\u00f8der med giraffer og oplevelser i Nairobis dyreliv<\/li>\n<li>Hvide sandstrande p\u00e5 Seychellernes Mah\u00e9, Praslin og La Digue<\/li>\n<li>Snorkling, cykling og \u00f8-hop i paradis<\/li>\n<li>UNESCO-listet naturreservat - Vall\u00e9e de Mai<\/li>\n<\/ul>\n<h4>Gebyrer fra:<\/h4>\n<p><span style=\"color: red; font-weight: bold;\">Priser med forbehold for \u00e6ndringer<\/span><\/p>\n<div style=\"overflow-x: auto; -webkit-overflow-scrolling: touch; margin-top: 10px;\">\n<table style=\"width: 100%; border-collapse: collapse; font-size: 16px; text-align: center; min-width: 500px;\">\n<thead>\n<tr>\n<th style=\"border: 1px solid #ddd; padding: 12px; background: #299fc3; color: #fff; font-weight: bold;\"><\/th>\n<th style=\"border: 1px solid #ddd; padding: 12px; background: #299fc3; color: #fff; font-weight: bold;\">Lavs\u00e6son<br \/>\n(Januar - marts,<br \/>\nJuli - august)<\/th>\n<th style=\"border: 1px solid #ddd; padding: 12px; background: #299fc3; color: #fff; font-weight: bold;\">H\u00f8js\u00e6son<br \/>\n(April - juni,<br \/>\nSeptember - november)<\/th>\n<th style=\"border: 1px solid #ddd; padding: 12px; background: #299fc3; color: #fff; font-weight: bold;\">H\u00f8js\u00e6son<br \/>\n(Helligdage i december,<br \/>\nP\u00e5ske)<\/th>\n<\/tr>\n<\/thead>\n<tbody>\n<tr>\n<td style=\"border: 1px solid #ddd; padding: 12px; background: #fff; color: #000;\">Budget<\/td>\n<td style=\"border: 1px solid #ddd; padding: 12px; background: #fff; color: #000;\">3000<\/td>\n<td style=\"border: 1px solid #ddd; padding: 12px; background: #fff; color: #000;\">4000<\/td>\n<td style=\"border: 1px solid #ddd; padding: 12px; background: #fff; color: #000;\">6000<\/td>\n<\/tr>\n<tr>\n<td style=\"border: 1px solid #ddd; padding: 12px; background: #fff; color: #000;\">Mellemklasse<\/td>\n<td style=\"border: 1px solid #ddd; padding: 12px; background: #fff; color: #000;\">5000<\/td>\n<td style=\"border: 1px solid #ddd; padding: 12px; background: #fff; color: #000;\">6000<\/td>\n<td style=\"border: 1px solid #ddd; padding: 12px; background: #fff; color: #000;\">8000<\/td>\n<\/tr>\n<tr>\n<td style=\"border: 1px solid #ddd; padding: 12px; background: #fff; color: #000;\">Luksus<\/td>\n<td style=\"border: 1px solid #ddd; padding: 12px; background: #fff; color: #000;\">6000<\/td>\n<td style=\"border: 1px solid #ddd; padding: 12px; background: #fff; color: #000;\">7000<\/td>\n<td style=\"border: 1px solid #ddd; padding: 12px; background: #fff; color: #000;\">9000<\/td>\n<\/tr>\n<\/tbody>\n<\/table>\n<\/div>","protected":false},"excerpt":{"rendered":"<p data-start=\"180\" data-end=\"337\">En perfekt blanding af sp\u00e6ndende afrikansk safari og afslapning p\u00e5 tropiske \u00f8er - 10 dage fra Kenyas Maasai Mara til Seychellernes uber\u00f8rte strande.<\/p>\n<p data-start=\"339\" data-end=\"875\">","protected":false},"featured_media":12460,"comment_status":"closed","ping_status":"closed","template":"","meta":{"om_disable_all_campaigns":false,"_monsterinsights_skip_tracking":false,"_monsterinsights_sitenote_active":false,"_monsterinsights_sitenote_note":"","_monsterinsights_sitenote_category":0},"product_brand":[],"product_cat":[279],"product_tag":[],"class_list":{"0":"post-12458","1":"product","2":"type-product","3":"status-publish","4":"has-post-thumbnail","6":"product_cat-featured","8":"first","9":"instock","10":"featured","11":"shipping-taxable","12":"purchasable","13":"product-type-ovabrw_car_rental"},"aioseo_notices":[],"_links":{"self":[{"href":"https:\/\/suncresttravelandsafaris.com\/da\/wp-json\/wp\/v2\/product\/12458","targetHints":{"allow":["GET"]}}],"collection":[{"href":"https:\/\/suncresttravelandsafaris.com\/da\/wp-json\/wp\/v2\/product"}],"about":[{"href":"https:\/\/suncresttravelandsafaris.com\/da\/wp-json\/wp\/v2\/types\/product"}],"replies":[{"embeddable":true,"href":"https:\/\/suncresttravelandsafaris.com\/da\/wp-json\/wp\/v2\/comments?post=12458"}],"wp:featuredmedia":[{"embeddable":true,"href":"https:\/\/suncresttravelandsafaris.com\/da\/wp-json\/wp\/v2\/media\/12460"}],"wp:attachment":[{"href":"https:\/\/suncresttravelandsafaris.com\/da\/wp-json\/wp\/v2\/media?parent=12458"}],"wp:term":[{"taxonomy":"product_brand","embeddable":true,"href":"https:\/\/suncresttravelandsafaris.com\/da\/wp-json\/wp\/v2\/product_brand?post=12458"},{"taxonomy":"product_cat","embeddable":true,"href":"https:\/\/suncresttravelandsafaris.com\/da\/wp-json\/wp\/v2\/product_cat?post=12458"},{"taxonomy":"product_tag","embeddable":true,"href":"https:\/\/suncresttravelandsafaris.com\/da\/wp-json\/wp\/v2\/product_tag?post=12458"}],"curies":[{"name":"wp","href":"https:\/\/api.w.org\/{rel}","templated":true}]}}