{"id":11746,"date":"2025-09-02T21:23:25","date_gmt":"2025-09-02T21:23:25","guid":{"rendered":"https:\/\/suncresttravelandsafaris.com\/?page_id=11746"},"modified":"2025-09-11T17:04:26","modified_gmt":"2025-09-11T17:04:26","slug":"seasons","status":"publish","type":"page","link":"https:\/\/suncresttravelandsafaris.com\/de\/jahreszeiten\/","title":{"rendered":"Jahreszeiten"},"content":{"rendered":"<div data-elementor-type=\"wp-page\" data-elementor-id=\"11746\" class=\"elementor elementor-11746\" data-elementor-post-type=\"page\">\n\t\t\t\t<div class=\"elementor-element elementor-element-bac7399 e-con-full e-flex e-con e-parent\" data-id=\"bac7399\" data-element_type=\"container\">\n\t\t\t\t<div class=\"elementor-element elementor-element-553148c elementor-widget elementor-widget-heading\" data-id=\"553148c\" data-element_type=\"widget\" data-widget_type=\"heading.default\">\n\t\t\t\t\t<h2 class=\"elementor-heading-title elementor-size-default\">Reisezeiten in Ostafrika<\/h2>\t\t\t\t<\/div>\n\t\t\t\t<div class=\"elementor-element elementor-element-d1d64ba elementor-widget elementor-widget-n-accordion\" data-id=\"d1d64ba\" data-element_type=\"widget\" data-settings=\"{&quot;default_state&quot;:&quot;expanded&quot;,&quot;max_items_expended&quot;:&quot;one&quot;,&quot;n_accordion_animation_duration&quot;:{&quot;unit&quot;:&quot;ms&quot;,&quot;size&quot;:400,&quot;sizes&quot;:[]}}\" data-widget_type=\"nested-accordion.default\">\n\t\t\t\t\t\t\t<div class=\"e-n-accordion\" aria-label=\"Akkordeon. \u00d6ffnen Sie Links mit Enter oder Space, schlie\u00dfen Sie sie mit Escape und navigieren Sie mit den Pfeiltasten.\">\n\t\t\t\t\t\t<details id=\"e-n-accordion-item-2200\" class=\"e-n-accordion-item\" open>\n\t\t\t\t<summary class=\"e-n-accordion-item-title\" data-accordion-index=\"1\" tabindex=\"0\" aria-expanded=\"true\" aria-controls=\"e-n-accordion-item-2200\" >\n\t\t\t\t\t<span class='e-n-accordion-item-title-header'><div class=\"e-n-accordion-item-title-text\"> Kenia <\/div><\/span>\n\t\t\t\t\t\t\t<span class='e-n-accordion-item-title-icon'>\n\t\t\t<span class='e-opened' ><svg aria-hidden=\"true\" class=\"e-font-icon-svg e-fas-minus\" viewbox=\"0 0 448 512\" xmlns=\"http:\/\/www.w3.org\/2000\/svg\"><path d=\"M416 208H32c-17.67 0-32 14.33-32 32v32c0 17.67 14.33 32 32 32h384c17.67 0 32-14.33 32-32v-32c0-17.67-14.33-32-32-32z\"><\/path><\/svg><\/span>\n\t\t\t<span class='e-closed'><svg aria-hidden=\"true\" class=\"e-font-icon-svg e-fas-plus\" viewbox=\"0 0 448 512\" xmlns=\"http:\/\/www.w3.org\/2000\/svg\"><path d=\"M416 208H272V64c0-17.67-14.33-32-32-32h-32c-17.67 0-32 14.33-32 32v144H32c-17.67 0-32 14.33-32 32v32c0 17.67 14.33 32 32 32h144v144c0 17.67 14.33 32 32 32h32c17.67 0 32-14.33 32-32V304h144c17.67 0 32-14.33 32-32v-32c0-17.67-14.33-32-32-32z\"><\/path><\/svg><\/span>\n\t\t<\/span>\n\n\t\t\t\t\t\t<\/summary>\n\t\t\t\t<div role=\"region\" aria-labelledby=\"e-n-accordion-item-2200\" class=\"elementor-element elementor-element-7ea4842 e-con-full e-flex e-con e-child\" data-id=\"7ea4842\" data-element_type=\"container\">\n\t\t\t\t<div class=\"elementor-element elementor-element-43f88c3 elementor-widget elementor-widget-text-editor\" data-id=\"43f88c3\" data-element_type=\"widget\" data-widget_type=\"text-editor.default\">\n\t\t\t\t\t\t\t\t\t<p><span style=\"font-size: 14pt;\"><strong>\u00a0<\/strong><\/span><\/p><p><span style=\"font-size: 14pt;\"><strong>Nebensaison (April - Mai):<\/strong><\/span><br \/><span style=\"font-size: 14pt;\">In Kenia ist jetzt die lange Regenzeit. W\u00e4hrend einige abgelegene Lodges wegen unpassierbarer Stra\u00dfen geschlossen sind, ist die Landschaft wundersch\u00f6n gr\u00fcn. Wildbeobachtungen sind in Parks wie Maasai Mara, Amboseli und Samburu immer noch m\u00f6glich, auch wenn die Tierwelt etwas verstreut ist. Die Preise sind deutlich gesunken, was die Reise in der Nebensaison besonders g\u00fcnstig macht.<\/span><br \/><span style=\"font-size: 14pt;\">An der K\u00fcste (Mombasa, Diani, Watamu, Lamu) k\u00f6nnen Regenf\u00e4lle den Strandbesuch st\u00f6ren, aber wer sich nicht an gelegentlichen Regenschauern st\u00f6rt, kann sich \u00fcber verg\u00fcnstigte Aufenthalte und weniger Touristen freuen.<\/span><\/p><p><span style=\"font-size: 14pt;\">\u00a0<\/span><\/p><p><span style=\"font-size: 14pt;\"><strong>Hochsaison (Januar - M\u00e4rz, November):<\/strong><\/span><br \/><span style=\"font-size: 14pt;\">Ausgezeichnetes Safari-Wetter im Busch: trocken, sonnig und gute Sicht f\u00fcr Wildtiere. Die Kalbungszeit in Amboseli und anderen Gebieten bietet erstaunliche Raubtier-Beute-Action.<\/span><br \/><span style=\"font-size: 14pt;\">Die K\u00fcste ist warm und lebendig, ideal f\u00fcr Strandausfl\u00fcge, Schnorcheln und Tauchen, vor allem nach kurzen Regenf\u00e4llen im November.<\/span><\/p><p><span style=\"font-size: 14pt;\">\u00a0<\/span><\/p><p><span style=\"font-size: 14pt;\"><strong>Hauptsaison (Juli - Oktober, Dezemberferien):<\/strong><\/span><br \/><span style=\"font-size: 14pt;\">Dies ist die beliebteste Zeit f\u00fcr Safaris aufgrund der gro\u00dfen Gnuwanderung in der Maasai Mara. Die Pirschfahrten sind aufregend und das Wetter ist ideal: k\u00fchl, trocken und klar.<\/span><br \/><span style=\"font-size: 14pt;\">W\u00e4hrend der Schulferien und im Dezember ist an der kenianischen K\u00fcste viel los. Weihnachten und Neujahr sind sowohl im Busch als auch an den Str\u00e4nden ausgebucht, daher ist eine fr\u00fchzeitige Planung unerl\u00e4sslich.<\/span><\/p>\t\t\t\t\t\t\t\t<\/div>\n\t\t\t\t<\/div>\n\t\t\t\t\t<\/details>\n\t\t\t\t\t\t<details id=\"e-n-accordion-item-2201\" class=\"e-n-accordion-item\" >\n\t\t\t\t<summary class=\"e-n-accordion-item-title\" data-accordion-index=\"2\" tabindex=\"-1\" aria-expanded=\"false\" aria-controls=\"e-n-accordion-item-2201\" >\n\t\t\t\t\t<span class='e-n-accordion-item-title-header'><div class=\"e-n-accordion-item-title-text\"> Uganda <\/div><\/span>\n\t\t\t\t\t\t\t<span class='e-n-accordion-item-title-icon'>\n\t\t\t<span class='e-opened' ><svg aria-hidden=\"true\" class=\"e-font-icon-svg e-fas-minus\" viewbox=\"0 0 448 512\" xmlns=\"http:\/\/www.w3.org\/2000\/svg\"><path d=\"M416 208H32c-17.67 0-32 14.33-32 32v32c0 17.67 14.33 32 32 32h384c17.67 0 32-14.33 32-32v-32c0-17.67-14.33-32-32-32z\"><\/path><\/svg><\/span>\n\t\t\t<span class='e-closed'><svg aria-hidden=\"true\" class=\"e-font-icon-svg e-fas-plus\" viewbox=\"0 0 448 512\" xmlns=\"http:\/\/www.w3.org\/2000\/svg\"><path d=\"M416 208H272V64c0-17.67-14.33-32-32-32h-32c-17.67 0-32 14.33-32 32v144H32c-17.67 0-32 14.33-32 32v32c0 17.67 14.33 32 32 32h144v144c0 17.67 14.33 32 32 32h32c17.67 0 32-14.33 32-32V304h144c17.67 0 32-14.33 32-32v-32c0-17.67-14.33-32-32-32z\"><\/path><\/svg><\/span>\n\t\t<\/span>\n\n\t\t\t\t\t\t<\/summary>\n\t\t\t\t<div role=\"region\" aria-labelledby=\"e-n-accordion-item-2201\" class=\"elementor-element elementor-element-c9d1d2c e-con-full e-flex e-con e-child\" data-id=\"c9d1d2c\" data-element_type=\"container\">\n\t\t\t\t<div class=\"elementor-element elementor-element-7eaf5f9 elementor-widget elementor-widget-text-editor\" data-id=\"7eaf5f9\" data-element_type=\"widget\" data-widget_type=\"text-editor.default\">\n\t\t\t\t\t\t\t\t\t<p><span style=\"font-size: 14pt;\"><strong>\u00a0<\/strong><\/span><\/p>\n<p><span style=\"font-size: 14pt;\"><strong>Nebensaison (M\u00e4rz - Mai, Oktober - November):<\/strong><\/span><br \/><span style=\"font-size: 14pt;\">Starke Regenf\u00e4lle machen die Waldwege schlammig und das Gorilla- und Schimpansen-Trekking schwieriger. Allerdings sind die Genehmigungskosten f\u00fcr Gorilla-Trekking oft geringer. Safari-Lodges und -Parks sind ruhiger und erschwinglicher.<\/span><br \/><span style=\"font-size: 14pt;\">Da Uganda ein Binnenstaat ist, gibt es keinen Strandtourismus, aber die R\u00fcckzugsorte am Viktoriasee oder auf den Ssese-Inseln bieten eine friedliche Alternative.<\/span><\/p>\n<p><span style=\"font-size: 14pt;\"><strong>\u00a0<\/strong><\/span><\/p>\n<p><span style=\"font-size: 14pt;\"><strong>Hochsaison (Dezember - Februar):<\/strong><\/span><br \/><span style=\"font-size: 14pt;\">Die Trockenzeit bietet bessere Wander- und Trekkingbedingungen im Bwindi Impenetrable Forest und im Kibale Forest. Die Wildtierbeobachtung in Savannenparks wie Queen Elizabeth und Murchison Falls ist gut, und die Landschaft ist \u00fcppig, aber zug\u00e4nglich.<\/span><\/p>\n<p><span style=\"font-size: 14pt;\"><strong>\u00a0<\/strong><\/span><\/p>\n<p><span style=\"font-size: 14pt;\"><strong>Hauptsaison (Juni - September):<\/strong><\/span><br \/><span style=\"font-size: 14pt;\">Ideale Zeit f\u00fcr Gorilla- und Schimpansen-Trekking. Lodges und Genehmigungen werden Monate im Voraus gebucht. Pirschfahrten sind ergiebig, da sich die Tiere um Wasserquellen versammeln. Rechnen Sie mit h\u00f6heren Preisen und \u00fcberf\u00fcllten Parks.<\/span><\/p>\t\t\t\t\t\t\t\t<\/div>\n\t\t\t\t<\/div>\n\t\t\t\t\t<\/details>\n\t\t\t\t\t\t<details id=\"e-n-accordion-item-2202\" class=\"e-n-accordion-item\" >\n\t\t\t\t<summary class=\"e-n-accordion-item-title\" data-accordion-index=\"3\" tabindex=\"-1\" aria-expanded=\"false\" aria-controls=\"e-n-accordion-item-2202\" >\n\t\t\t\t\t<span class='e-n-accordion-item-title-header'><div class=\"e-n-accordion-item-title-text\"> Tansania <\/div><\/span>\n\t\t\t\t\t\t\t<span class='e-n-accordion-item-title-icon'>\n\t\t\t<span class='e-opened' ><svg aria-hidden=\"true\" class=\"e-font-icon-svg e-fas-minus\" viewbox=\"0 0 448 512\" xmlns=\"http:\/\/www.w3.org\/2000\/svg\"><path d=\"M416 208H32c-17.67 0-32 14.33-32 32v32c0 17.67 14.33 32 32 32h384c17.67 0 32-14.33 32-32v-32c0-17.67-14.33-32-32-32z\"><\/path><\/svg><\/span>\n\t\t\t<span class='e-closed'><svg aria-hidden=\"true\" class=\"e-font-icon-svg e-fas-plus\" viewbox=\"0 0 448 512\" xmlns=\"http:\/\/www.w3.org\/2000\/svg\"><path d=\"M416 208H272V64c0-17.67-14.33-32-32-32h-32c-17.67 0-32 14.33-32 32v144H32c-17.67 0-32 14.33-32 32v32c0 17.67 14.33 32 32 32h144v144c0 17.67 14.33 32 32 32h32c17.67 0 32-14.33 32-32V304h144c17.67 0 32-14.33 32-32v-32c0-17.67-14.33-32-32-32z\"><\/path><\/svg><\/span>\n\t\t<\/span>\n\n\t\t\t\t\t\t<\/summary>\n\t\t\t\t<div role=\"region\" aria-labelledby=\"e-n-accordion-item-2202\" class=\"elementor-element elementor-element-512425c e-con-full e-flex e-con e-child\" data-id=\"512425c\" data-element_type=\"container\">\n\t\t\t\t<div class=\"elementor-element elementor-element-3fd00db elementor-widget elementor-widget-text-editor\" data-id=\"3fd00db\" data-element_type=\"widget\" data-widget_type=\"text-editor.default\">\n\t\t\t\t\t\t\t\t\t<p><span style=\"font-size: 14pt;\"><strong>\u00a0<\/strong><\/span><\/p>\n<p><span style=\"font-size: 14pt;\"><strong>Nebensaison (April - Mai):<\/strong><\/span><br \/><span style=\"font-size: 14pt;\">Lange Regenf\u00e4lle beeintr\u00e4chtigen den Zugang zu abgelegenen Safariparks, aber dies ist die budgetfreundlichste Zeit. Die Landschaft ist atemberaubend gr\u00fcn. Selous, Ruaha und einige Lodges des Northern Circuit k\u00f6nnen vor\u00fcbergehend geschlossen sein.<\/span><br \/><span style=\"font-size: 14pt;\">Auf Sansibar und an den Str\u00e4nden des Festlands kommt es zu starken Regenf\u00e4llen, die das Tauchen, die Ausfl\u00fcge und die Erholung am Strand beeintr\u00e4chtigen k\u00f6nnen.<\/span><\/p>\n<p><span style=\"font-size: 14pt;\">\u00a0<\/span><\/p>\n<p><span style=\"font-size: 14pt;\"><strong>Hochsaison (Januar - M\u00e4rz, November - Mitte Dezember):<\/strong><\/span><br \/><span style=\"font-size: 14pt;\">Wildtierbeobachtungen sind ausgezeichnet, besonders w\u00e4hrend der Kalbungszeit in der s\u00fcdlichen Serengeti (Februar). Der Ngorongoro-Krater und Tarangire sind zug\u00e4nglich und produktiv.<\/span><br \/><span style=\"font-size: 14pt;\">Sansibar und die tansanische K\u00fcste sind hei\u00df und sonnig und eignen sich hervorragend f\u00fcr einen Strandurlaub, mit idealen Bedingungen zum Schnorcheln und Tauchen.<\/span><\/p>\n<p><span style=\"font-size: 14pt;\">\u00a0<\/span><\/p>\n<p><span style=\"font-size: 14pt;\"><strong>Hauptsaison (Juni - Oktober, Feiertage im Dezember):<\/strong><\/span><br \/><span style=\"font-size: 14pt;\">Die n\u00f6rdliche Safari-Route (Serengeti, Ngorongoro, Tarangire, Lake Manyara) ist in ihrer Bl\u00fctezeit. Dieser Zeitraum \u00fcberschneidet sich mit der Gnu-Wanderung und der Trockenzeit, in der die Tiere leicht zu sehen sind.<\/span><br \/><span style=\"font-size: 14pt;\">Sansibar zeigt sich von seiner besten Seite - klarer Himmel, ruhiges Wasser und pulsierendes Strandleben. Die Festwochen im Dezember sind besonders gesch\u00e4ftig.<\/span><\/p>\t\t\t\t\t\t\t\t<\/div>\n\t\t\t\t<\/div>\n\t\t\t\t\t<\/details>\n\t\t\t\t\t\t<details id=\"e-n-accordion-item-2203\" class=\"e-n-accordion-item\" >\n\t\t\t\t<summary class=\"e-n-accordion-item-title\" data-accordion-index=\"4\" tabindex=\"-1\" aria-expanded=\"false\" aria-controls=\"e-n-accordion-item-2203\" >\n\t\t\t\t\t<span class='e-n-accordion-item-title-header'><div class=\"e-n-accordion-item-title-text\">  Sansibar  <\/div><\/span>\n\t\t\t\t\t\t\t<span class='e-n-accordion-item-title-icon'>\n\t\t\t<span class='e-opened' ><svg aria-hidden=\"true\" class=\"e-font-icon-svg e-fas-minus\" viewbox=\"0 0 448 512\" xmlns=\"http:\/\/www.w3.org\/2000\/svg\"><path d=\"M416 208H32c-17.67 0-32 14.33-32 32v32c0 17.67 14.33 32 32 32h384c17.67 0 32-14.33 32-32v-32c0-17.67-14.33-32-32-32z\"><\/path><\/svg><\/span>\n\t\t\t<span class='e-closed'><svg aria-hidden=\"true\" class=\"e-font-icon-svg e-fas-plus\" viewbox=\"0 0 448 512\" xmlns=\"http:\/\/www.w3.org\/2000\/svg\"><path d=\"M416 208H272V64c0-17.67-14.33-32-32-32h-32c-17.67 0-32 14.33-32 32v144H32c-17.67 0-32 14.33-32 32v32c0 17.67 14.33 32 32 32h144v144c0 17.67 14.33 32 32 32h32c17.67 0 32-14.33 32-32V304h144c17.67 0 32-14.33 32-32v-32c0-17.67-14.33-32-32-32z\"><\/path><\/svg><\/span>\n\t\t<\/span>\n\n\t\t\t\t\t\t<\/summary>\n\t\t\t\t<div role=\"region\" aria-labelledby=\"e-n-accordion-item-2203\" class=\"elementor-element elementor-element-bacaad3 e-flex e-con-boxed e-con e-child\" data-id=\"bacaad3\" data-element_type=\"container\">\n\t\t\t\t\t<div class=\"e-con-inner\">\n\t\t\t\t<div class=\"elementor-element elementor-element-60eaa70 elementor-widget elementor-widget-text-editor\" data-id=\"60eaa70\" data-element_type=\"widget\" data-widget_type=\"text-editor.default\">\n\t\t\t\t\t\t\t\t\t<p><span style=\"font-size: 14pt;\"><strong>\u00a0<\/strong><\/span><\/p>\n<p><span style=\"font-size: 14pt;\"><strong>Nebensaison (April - Mai):<\/strong><\/span><br \/><span style=\"font-size: 14pt;\">Dies ist die Regenzeit. Viele Hotels am Strand sind vor\u00fcbergehend geschlossen oder bieten hohe Rabatte an. An den Str\u00e4nden kann sich Seetang ansammeln, der das Aussehen der Str\u00e4nde beeintr\u00e4chtigt. Ideal f\u00fcr Reisende, die sich in einem ruhigen Umfeld entspannen wollen und kurze Regenschauer in Kauf nehmen.<\/span><\/p>\n<p><span style=\"font-size: 14pt;\">\u00a0<\/span><\/p>\n<p><span style=\"font-size: 14pt;\"><strong>Hochsaison (November - Mitte Dezember, M\u00e4rz):<\/strong><\/span><br \/><span style=\"font-size: 14pt;\">Warme Temperaturen und weniger Touristen machen diese Zeit zu einem angenehmen Strandausflug. Die Sichtverh\u00e4ltnisse zum Tauchen und Schnorcheln sind ausgezeichnet. Eine gute Zeit, um sie mit einer kurzen Safari durch Nordtansania zu kombinieren.<\/span><\/p>\n<p><span style=\"font-size: 14pt;\">\u00a0<\/span><\/p>\n<p><span style=\"font-size: 14pt;\"><strong>Hauptsaison (Juni - Oktober, Feiertage im Dezember):<\/strong><\/span><\/p>\n<p><span style=\"font-size: 14pt;\">Dies ist die Trockenzeit, die sich perfekt zum Sonnenbaden, Segeln und Tauchen eignet. Die Resorts sind im Juli-August und Ende Dezember ausgebucht, daher ist eine fr\u00fchzeitige Planung unerl\u00e4sslich. Beliebt f\u00fcr Flitterw\u00f6chner und zur Entspannung nach der Safari.<\/span><\/p>\t\t\t\t\t\t\t\t<\/div>\n\t\t\t\t\t<\/div>\n\t\t\t\t<\/div>\n\t\t\t\t\t<\/details>\n\t\t\t\t\t\t<details id=\"e-n-accordion-item-2204\" class=\"e-n-accordion-item\" >\n\t\t\t\t<summary class=\"e-n-accordion-item-title\" data-accordion-index=\"5\" tabindex=\"-1\" aria-expanded=\"false\" aria-controls=\"e-n-accordion-item-2204\" >\n\t\t\t\t\t<span class='e-n-accordion-item-title-header'><div class=\"e-n-accordion-item-title-text\"> Seychellen <\/div><\/span>\n\t\t\t\t\t\t\t<span class='e-n-accordion-item-title-icon'>\n\t\t\t<span class='e-opened' ><svg aria-hidden=\"true\" class=\"e-font-icon-svg e-fas-minus\" viewbox=\"0 0 448 512\" xmlns=\"http:\/\/www.w3.org\/2000\/svg\"><path d=\"M416 208H32c-17.67 0-32 14.33-32 32v32c0 17.67 14.33 32 32 32h384c17.67 0 32-14.33 32-32v-32c0-17.67-14.33-32-32-32z\"><\/path><\/svg><\/span>\n\t\t\t<span class='e-closed'><svg aria-hidden=\"true\" class=\"e-font-icon-svg e-fas-plus\" viewbox=\"0 0 448 512\" xmlns=\"http:\/\/www.w3.org\/2000\/svg\"><path d=\"M416 208H272V64c0-17.67-14.33-32-32-32h-32c-17.67 0-32 14.33-32 32v144H32c-17.67 0-32 14.33-32 32v32c0 17.67 14.33 32 32 32h144v144c0 17.67 14.33 32 32 32h32c17.67 0 32-14.33 32-32V304h144c17.67 0 32-14.33 32-32v-32c0-17.67-14.33-32-32-32z\"><\/path><\/svg><\/span>\n\t\t<\/span>\n\n\t\t\t\t\t\t<\/summary>\n\t\t\t\t<div role=\"region\" aria-labelledby=\"e-n-accordion-item-2204\" class=\"elementor-element elementor-element-85668dc e-flex e-con-boxed e-con e-child\" data-id=\"85668dc\" data-element_type=\"container\">\n\t\t\t\t\t<div class=\"e-con-inner\">\n\t\t\t\t<div class=\"elementor-element elementor-element-b414e60 elementor-widget elementor-widget-text-editor\" data-id=\"b414e60\" data-element_type=\"widget\" data-widget_type=\"text-editor.default\">\n\t\t\t\t\t\t\t\t\t<p><span style=\"font-size: 14pt;\"><strong>\u00a0<\/strong><\/span><\/p>\n<p><span style=\"font-size: 14pt;\"><strong>Nebensaison (Januar - M\u00e4rz, Juli - August):<\/strong><\/span><br \/><span style=\"font-size: 14pt;\">Diese Monate sind durch eine h\u00f6here Luftfeuchtigkeit und gelegentliche tropische Regenf\u00e4lle gekennzeichnet, vor allem zu Beginn des Jahres. Im Juli und August herrschen st\u00e4rkere Passatwinde, die das Schwimmen und Bootfahren beeintr\u00e4chtigen k\u00f6nnen. Allerdings ist der Andrang geringer und au\u00dferhalb der Saison gibt es Erm\u00e4\u00dfigungen.<\/span><\/p>\n<p><span style=\"font-size: 14pt;\">\u00a0<\/span><\/p>\n<p><span style=\"font-size: 14pt;\"><strong>Hochsaison (April - Juni, September - November):<\/strong><\/span><br \/><span style=\"font-size: 14pt;\">Dies sind die besten Monate f\u00fcr ein perfektes Stranderlebnis: ruhige See, leichte Brise und kristallklares Wasser, ideal zum Schnorcheln, Tauchen und Inselh\u00fcpfen. Liebhaber der Tierwelt k\u00f6nnen die Nistzeit der V\u00f6gel und die Legezeit der Schildkr\u00f6ten beobachten.<\/span><\/p>\n<p><span style=\"font-size: 14pt;\">\u00a0<\/span><\/p>\n<p><span style=\"font-size: 14pt;\"><strong>Hochsaison (Dezemberfeiertage, Ostern):<\/strong><\/span><br \/><span style=\"font-size: 14pt;\">Die Festtage ziehen internationale Reisende an und die Preise steigen. Die Str\u00e4nde sind belebt, die Resorts sind sehr gefragt und das Wetter ist in der Regel warm mit gelegentlichen Schauern.<\/span><\/p>\t\t\t\t\t\t\t\t<\/div>\n\t\t\t\t\t<\/div>\n\t\t\t\t<\/div>\n\t\t\t\t\t<\/details>\n\t\t\t\t\t\t<details id=\"e-n-accordion-item-2205\" class=\"e-n-accordion-item\" >\n\t\t\t\t<summary class=\"e-n-accordion-item-title\" data-accordion-index=\"6\" tabindex=\"-1\" aria-expanded=\"false\" aria-controls=\"e-n-accordion-item-2205\" >\n\t\t\t\t\t<span class='e-n-accordion-item-title-header'><div class=\"e-n-accordion-item-title-text\"> Ruanda <\/div><\/span>\n\t\t\t\t\t\t\t<span class='e-n-accordion-item-title-icon'>\n\t\t\t<span class='e-opened' ><svg aria-hidden=\"true\" class=\"e-font-icon-svg e-fas-minus\" viewbox=\"0 0 448 512\" xmlns=\"http:\/\/www.w3.org\/2000\/svg\"><path d=\"M416 208H32c-17.67 0-32 14.33-32 32v32c0 17.67 14.33 32 32 32h384c17.67 0 32-14.33 32-32v-32c0-17.67-14.33-32-32-32z\"><\/path><\/svg><\/span>\n\t\t\t<span class='e-closed'><svg aria-hidden=\"true\" class=\"e-font-icon-svg e-fas-plus\" viewbox=\"0 0 448 512\" xmlns=\"http:\/\/www.w3.org\/2000\/svg\"><path d=\"M416 208H272V64c0-17.67-14.33-32-32-32h-32c-17.67 0-32 14.33-32 32v144H32c-17.67 0-32 14.33-32 32v32c0 17.67 14.33 32 32 32h144v144c0 17.67 14.33 32 32 32h32c17.67 0 32-14.33 32-32V304h144c17.67 0 32-14.33 32-32v-32c0-17.67-14.33-32-32-32z\"><\/path><\/svg><\/span>\n\t\t<\/span>\n\n\t\t\t\t\t\t<\/summary>\n\t\t\t\t<div role=\"region\" aria-labelledby=\"e-n-accordion-item-2205\" class=\"elementor-element elementor-element-f421b6d e-flex e-con-boxed e-con e-child\" data-id=\"f421b6d\" data-element_type=\"container\">\n\t\t\t\t\t<div class=\"e-con-inner\">\n\t\t\t\t<div class=\"elementor-element elementor-element-7c8e293 elementor-widget elementor-widget-text-editor\" data-id=\"7c8e293\" data-element_type=\"widget\" data-widget_type=\"text-editor.default\">\n\t\t\t\t\t\t\t\t\t<p><span style=\"font-size: 14pt;\"><strong>\u00a0<\/strong><\/span><\/p>\n<p><span style=\"font-size: 14pt;\"><strong>Nebensaison (M\u00e4rz - Mai, Oktober - Mitte Dezember):<\/strong><\/span><br \/><span style=\"font-size: 14pt;\">Bei Regen wird das Gorillatrekking schwieriger, aber das bedeutet auch weniger Touristen und niedrigere Preise f\u00fcr Genehmigungen und Lodges. Einige Pfade k\u00f6nnen schlammig und rutschig sein.<\/span><\/p>\n<p><span style=\"font-size: 14pt;\">\u00a0<\/span><\/p>\n<p><span style=\"font-size: 14pt;\"><strong>Hochsaison (Dezember - Februar):<\/strong><\/span><br \/><span style=\"font-size: 14pt;\">Das trockene und warme Wetter ist ideal f\u00fcr Waldwanderungen und Primatenbeobachtungen. Der Volcanoes-Nationalpark, der Nyungwe-Wald und der Akagera-Nationalpark sind alle zug\u00e4nglich und ertragreich.<\/span><\/p>\n<p><span style=\"font-size: 14pt;\">\u00a0<\/span><\/p>\n<p><span style=\"font-size: 14pt;\"><strong>Hauptsaison (Juni - September):<\/strong><\/span><br \/><span style=\"font-size: 14pt;\">Ausgezeichnete Trekking-Bedingungen und erstklassige Wildtiersichtungen. Es ist auch die Trockenzeit, was den Zugang zu allen Parks erleichtert. Lodges und Gorilla-Permits sind oft ausgebucht - ideal f\u00fcr eine rechtzeitige Planung.<\/span><\/p>\t\t\t\t\t\t\t\t<\/div>\n\t\t\t\t\t<\/div>\n\t\t\t\t<\/div>\n\t\t\t\t\t<\/details>\n\t\t\t\t\t<\/div>\n\t\t\t\t\t\t<\/div>\n\t\t\t\t<\/div>\n\t\t\t\t<\/div>","protected":false},"excerpt":{"rendered":"<p>Travel Seasons in East Africa Kenya \u00a0 Low Season (April \u2013 May):This is Kenya\u2019s long rainy season. While some remote lodges close due to impassable roads, the landscape is beautifully green. Game viewing is still possible in parks like Maasai Mara, Amboseli, and Samburu, though the wildlife is a bit scattered. Rates drop significantly, making [&hellip;]<\/p>","protected":false},"author":1,"featured_media":0,"parent":0,"menu_order":0,"comment_status":"closed","ping_status":"closed","template":"elementor_theme","meta":{"om_disable_all_campaigns":false,"_monsterinsights_skip_tracking":false,"_monsterinsights_sitenote_active":false,"_monsterinsights_sitenote_note":"","_monsterinsights_sitenote_category":0,"footnotes":""},"class_list":["post-11746","page","type-page","status-publish","hentry"],"aioseo_notices":[],"_links":{"self":[{"href":"https:\/\/suncresttravelandsafaris.com\/de\/wp-json\/wp\/v2\/pages\/11746","targetHints":{"allow":["GET"]}}],"collection":[{"href":"https:\/\/suncresttravelandsafaris.com\/de\/wp-json\/wp\/v2\/pages"}],"about":[{"href":"https:\/\/suncresttravelandsafaris.com\/de\/wp-json\/wp\/v2\/types\/page"}],"author":[{"embeddable":true,"href":"https:\/\/suncresttravelandsafaris.com\/de\/wp-json\/wp\/v2\/users\/1"}],"replies":[{"embeddable":true,"href":"https:\/\/suncresttravelandsafaris.com\/de\/wp-json\/wp\/v2\/comments?post=11746"}],"version-history":[{"count":21,"href":"https:\/\/suncresttravelandsafaris.com\/de\/wp-json\/wp\/v2\/pages\/11746\/revisions"}],"predecessor-version":[{"id":12080,"href":"https:\/\/suncresttravelandsafaris.com\/de\/wp-json\/wp\/v2\/pages\/11746\/revisions\/12080"}],"wp:attachment":[{"href":"https:\/\/suncresttravelandsafaris.com\/de\/wp-json\/wp\/v2\/media?parent=11746"}],"curies":[{"name":"wp","href":"https:\/\/api.w.org\/{rel}","templated":true}]}}