{"id":9367,"date":"2022-06-23T07:12:45","date_gmt":"2022-06-23T07:12:45","guid":{"rendered":"https:\/\/suncresttravelandsafaris.com\/?page_id=3"},"modified":"2025-09-01T12:51:06","modified_gmt":"2025-09-01T12:51:06","slug":"privacy-policy-2","status":"publish","type":"page","link":"https:\/\/suncresttravelandsafaris.com\/de\/datenschutzrichtlinie-2\/","title":{"rendered":"Datenschutzbestimmungen"},"content":{"rendered":"<h2 class=\"wp-block-heading\">Wer wir sind<\/h2>\n\n\n\n<p>Suncrest Travel and Safaris Travel verpflichtet sich, die Privatsph\u00e4re und Sicherheit unserer Kunden zu sch\u00fctzen und Ma\u00dfnahmen zu ergreifen, um Ihre pers\u00f6nlichen und finanziellen Daten zu sichern. Wenn Sie uns Ihre pers\u00f6nlichen Daten mitteilen, werden wir alle angemessenen Anstrengungen unternehmen, um Ihre Daten sicher und privat zu halten. Wir verpflichten uns, den Schutz Ihrer pers\u00f6nlichen Daten zu gew\u00e4hrleisten.<\/p>\n\n\n\n<h2 class=\"wp-block-heading\">UNSERE DATENSCHUTZPOLITIK<\/h2>\n\n\n\n<p>Suncrest travel and safaris travel versteht, dass der Datenschutz f\u00fcr Sie wichtig ist und m\u00f6chte, dass Ihre Erfahrungen mit uns so angenehm und sicher wie m\u00f6glich sind. Diese Richtlinie beschreibt, wer Suncrest Reisen und Safaris Travel ist und wie es mit Ihren pers\u00f6nlichen Daten im Allgemeinen sowie bei der Nutzung unserer Website umgeht.<\/p>\n\n\n\n<h2 class=\"wp-block-heading\">DIE ART DES PERSONALS<br>INFORMATIONEN, DIE WIR SAMMELN UND AUFBEWAHREN<\/h2>\n\n\n\n<p>Pers\u00f6nliche Daten sind Informationen oder Meinungen \u00fcber eine identifizierte Person oder eine Person, die vern\u00fcnftigerweise identifizierbar ist. Im Allgemeinen sammelt Suncrest Travel and Safaris Travel keine sensiblen Informationen \u00fcber Sie, wie z.B. Details \u00fcber Ihre Ethnie, politische \u00dcberzeugungen, Religion oder Gesundheit. Abh\u00e4ngig von den Produkten und Dienstleistungen, um die Sie uns bitten, k\u00f6nnen wir jedoch verpflichtet sein, einige sensible Informationen zu sammeln, wenn wir Ihnen spezielle Dienstleistungen anbieten.<\/p>\n\n\n\n<p>Wir fragen Sie nach einer breiten Palette von pers\u00f6nlichen Informationen, die wir ben\u00f6tigen, um Ihnen unsere Dienstleistungen anbieten zu k\u00f6nnen. Die Art der pers\u00f6nlichen Informationen, nach denen wir fragen, h\u00e4ngt davon ab, welche Reiseprodukte von Suncrest Travel and Safaris Travel Sie buchen und welche Art von Produkt oder Dienstleistung Sie w\u00e4hlen.<\/p>\n\n\n\n<p>Wenn wir nicht in der Lage sind, personenbezogene Daten \u00fcber Sie zu erfassen, k\u00f6nnen wir Ihnen m\u00f6glicherweise nicht die Produkte, Dienstleistungen oder Unterst\u00fctzung bieten, die Sie ben\u00f6tigen. Die Erhebung, Verwendung oder Weitergabe Ihrer personenbezogenen Daten ist erforderlich, um diese bereitzustellen.<\/p>\n\n\n\n<p>Im Allgemeinen fragen wir nach den folgenden Arten von pers\u00f6nlichen Informationen:<\/p>\n\n\n\n<p>Name, Anschrift, E-Mail und Kontaktdaten; Geburtsdatum;<br>Geschlecht; und\/oder<br>Informationen \u00fcber Ihre Nutzung unseres Produkts oder unserer Dienstleistung<\/p>\n\n\n\n<p>Je nach dem von Ihnen gew\u00e4hlten Produkt oder Dienst k\u00f6nnen Sie auch nach anderen Arten von pers\u00f6nlichen Informationen gefragt werden, wie zum Beispiel:<\/p>\n\n\n\n<p>Versicherung - Reise Reisepassnummer<br>Angaben zur Kreditkarte<\/p>\n\n\n\n<h2 class=\"wp-block-heading\">Wie wir Ihre pers\u00f6nlichen Informationen sammeln<\/h2>\n\n\n\n<p>Wir sammeln Ihre pers\u00f6nlichen Informationen:<\/p>\n\n\n\n<ul class=\"wp-block-list\">\n<li>durch die Verwendung schriftlicher Formulare, durch Kontaktaufnahme \u00fcber das Telefon, Ihr Mobiltelefon oder andere Nachrichtentechnologien, \u00fcber das Internet, einschlie\u00dflich Websites und sozialer Medien, und\/oder<\/li>\n\n\n\n<li>Pers\u00f6nlicher Kontakt<\/li>\n\n\n\n<li>Durch Abonnement- und Anmeldeformulare<\/li>\n\n\n\n<li>Buchungsformulare und Anfragen f\u00fcr weitere Informationen E-Mails, Antwortger\u00e4te <\/li>\n<\/ul>\n\n\n\n<p>Wir werden Ihre pers\u00f6nlichen Daten w\u00e4hrend des Lebenszyklus der Informationen einmalig oder regelm\u00e4\u00dfig mit den oben genannten Methoden erfassen. So erfassen wir beispielsweise personenbezogene Daten, wenn Sie ein Produkt oder eine Dienstleistung von uns erwerben, wenn Sie \u00c4nderungen an diesem Produkt vornehmen, wenn Sie sich \u00fcber unsere Produkte und Dienstleistungen informieren oder Informationen \u00fcber unsere Dienstleistungen anfordern. Wir werden pers\u00f6nliche Informationen, die wir bereits \u00fcber Sie kennen, mit anderen pers\u00f6nlichen Informationen, die wir \u00fcber Sie sammeln, kombinieren oder verkn\u00fcpfen.<\/p>\n\n\n\n<p>Wir sammeln Ihre pers\u00f6nlichen Informationen:<\/p>\n\n\n\n<p>direkt von Ihnen schriftlich, telefonisch oder \u00fcber unsere Online-Buchungsmaschine. von einem Gruppenkoordinator, der Ihre Reise arrangiert (in diesem Fall werden wir<br>vom Gruppenleiter verlangen, dass jedes Mitglied der Gruppe zugestimmt hat, diese pers\u00f6nlichen Daten an uns weiterzugeben, damit wir diese Produkte und Dienstleistungen anbieten k\u00f6nnen).<br>von anderen Personen oder Organisationen (einschlie\u00dflich verwandter und dritter Parteien).<\/p>\n\n\n\n<p>Bitte lesen Sie den Abschnitt \"Parteien, denen wir Ihre pers\u00f6nlichen Daten offenlegen und sammeln\", in dem die Arten von Organisationen aufgef\u00fchrt sind, denen wir Ihre pers\u00f6nlichen Daten offenlegen und von denen wir Ihre pers\u00f6nlichen Daten sammeln.<\/p>\n\n\n\n<h2 class=\"wp-block-heading\">COOKIES<\/h2>\n\n\n\n<p>Unsere Websites verwenden \"Cookies\", um Ihnen eine Reihe von Diensten anbieten zu k\u00f6nnen. Ein Cookie ist ein Datenelement, das eine Website an Ihren Browser sendet und das dann auf Ihrem Computer oder einem anderen internetf\u00e4higen Ger\u00e4t gespeichert wird. Im Allgemeinen gibt es zwei Arten von Cookies, ein<br>Sitzungs-Cookie oder ein dauerhafter Cookie. Ein Sitzungs-Cookie ist ein tempor\u00e4rer Cookie, der<br>auf dem Ger\u00e4t platziert und bleibt, bis Sie eine unserer Websites verlassen. Ein dauerhafter Cookie verbleibt auf Ihrem Ger\u00e4t f\u00fcr einen Zeitraum oder eine Dauer, die in den<br>Cookie, auch wenn Sie unsere Websites verlassen.<\/p>\n\n\n\n<h2 class=\"wp-block-heading\">ZWECKE DER ERHEBUNG PERSONENBEZOGENER DATEN<\/h2>\n\n\n\n<p>Wir sammeln Ihre pers\u00f6nlichen Daten, damit wir:<\/p>\n\n\n\n<ul class=\"wp-block-list\">\n<li><img decoding=\"async\" width=\"4\" height=\"4\" src=\"\">\u00a0Sie zu identifizieren und Ihnen unsere Produkte und Dienstleistungen anzubieten. Dazu geh\u00f6rt auch, Sie von Zeit zu Zeit \u00fcber neue Produkte, Dienstleistungen und Werbeaktionen zu informieren.<\/li>\n\n\n\n<li>Ihre Anforderungen zu verstehen und Ihnen ein Produkt oder eine Dienstleistung anzubieten; <img decoding=\"async\" width=\"4\" height=\"4\" src=\"\">\u00a0<\/li>\n\n\n\n<li>unsere Produkte und Dienstleistungen einzurichten, zu verwalten und zu managen,<\/li>\n\n\n\n<li>ein besseres Verst\u00e4ndnis von Ihnen, Ihren Bed\u00fcrfnissen, Ihrem Verhalten und Ihrer Interaktion mit uns zu erlangen, damit wir unsere Produkt- und Dienstleistungsforschung, -entwicklung und Gesch\u00e4ftsstrategie einschlie\u00dflich der Bereitstellung unserer Dienstleistungen und Produkte \u00fcber die Art und Weise unserer Kommunikation mit Ihnen steuern k\u00f6nnen.<\/li>\n<\/ul>\n\n\n\n<p>Manchmal sind wir gezwungen, Ihre pers\u00f6nlichen Daten zu erfassen, um bestimmten rechtlichen Verpflichtungen nachzukommen.<\/p>\n\n\n\n<h2 class=\"wp-block-heading\">NUTZUNG UND OFFENLEGUNG<\/h2>\n\n\n\n<p>Wir verwenden Ihre personenbezogenen Daten f\u00fcr die Zwecke, f\u00fcr die wir sie gesammelt haben, und geben sie weiter. Bitte lesen Sie den Abschnitt \"Zwecke der Erfassung personenbezogener Daten\", um zu verstehen, was diese Zwecke sein k\u00f6nnen.<\/p>\n\n\n\n<p>Wenn Ihre personenbezogenen Daten der kenianischen Datenschutzregelung unterliegen, werden wir sie verwenden und<br>Ihre personenbezogenen Daten f\u00fcr einen sekund\u00e4ren Zweck weitergeben, der mit dem Zweck zusammenh\u00e4ngt, f\u00fcr den wir sie erhoben haben, wenn Sie vern\u00fcnftigerweise erwarten w\u00fcrden, dass wir Ihre personenbezogenen Daten f\u00fcr diesen sekund\u00e4ren Zweck verwenden oder weitergeben. Im Fall von sensiblen<br>Informationen, wird jede sekund\u00e4re Nutzung oder Offenlegung direkt mit dem Zweck verbunden sein<\/p>\n\n\n\n<p>Zum Beispiel werden wir Ihre pers\u00f6nlichen Daten an dritte Dienstleister weitergeben, damit diese die vertraglich vereinbarten Dienstleistungen f\u00fcr Suncrest Travel und Safaris Travel erbringen k\u00f6nnen, wie z. B. informationstechnologische Unterst\u00fctzung oder Programmierung, Hosting-Dienste, Telefonie-Dienste, Postversand oder Versand von Unterlagen an Kunden in digitaler oder anderer Form.<\/p>\n\n\n\n<p>Als Reisevermittler kann Suncrest Travel and Safaris Travel verpflichtet sein, Ihre pers\u00f6nlichen Daten an diese Anbieter weiterzugeben, damit diese Ihnen ihre Dienstleistungen anbieten und Ihnen helfen k\u00f6nnen, Ihre Reise zu einem zufriedenstellenden Erlebnis zu machen. Da diese Anbieter diese pers\u00f6nlichen Daten f\u00fcr Ihre Buchung ben\u00f6tigen, k\u00f6nnen wir Ihre Buchung nicht abschlie\u00dfen, wenn sie nicht zur Verf\u00fcgung gestellt werden.<\/p>\n\n\n\n<p>Es wird weitere F\u00e4lle geben, in denen wir Ihre pers\u00f6nlichen Daten in \u00dcbereinstimmung mit den kenianischen Datenschutzbestimmungen verwenden und weitergeben k\u00f6nnen:<\/p>\n\n\n\n<ul class=\"wp-block-list\">\n<li>Sie ausdr\u00fccklich oder stillschweigend in die Nutzung oder Weitergabe eingewilligt haben;<\/li>\n<\/ul>\n\n\n\n<h2 class=\"wp-block-heading\">ERHEBUNG, VERWENDUNG UND WEITERGABE PERSONENBEZOGENER DATEN F\u00dcR MARKETINGZWECKE<\/h2>\n\n\n\n<p>Suncrest Reisen und Safaris Travel bietet eine breite Palette von Reise-, Medien- und Touristikdienstleistungen an. Marketing ist ein wichtiger Teil unseres Gesch\u00e4fts. Wir m\u00f6chten Ihre pers\u00f6nlichen Daten sammeln, verwenden und weitergeben, um Sie \u00fcber das Angebot an Produkten und Dienstleistungen von Suncrest Reisen und Safaris Travel auf dem Laufenden zu halten, von denen wir glauben, dass sie f\u00fcr Sie von Interesse sein k\u00f6nnten. Wir setzen eine Vielzahl von Marketingstrategien ein, darunter Post, SMS, Telefon und anderes internetbasiertes Marketing, einschlie\u00dflich gezielter Online-Werbung und Online<\/p>\n\n\n\n<p>Ihre Pr\u00e4ferenzen k\u00f6nnen Sie bei unserem Datenschutzbeauftragten geltend machen, dessen Kontaktdaten Sie unten finden.<\/p>\n\n\n\n<h2 class=\"wp-block-heading\">PARTEIEN, AN DIE WIR IHRE PERS\u00d6NLICHEN DATEN WEITERGEBEN UND SAMMELN<\/h2>\n\n\n\n<p>Wie im Abschnitt \"Wie wir Ihre pers\u00f6nlichen Daten sammeln\" beschrieben, gibt es eine Reihe von Personen und Organisationen (\"Parteien\"), an die wir Ihre pers\u00f6nlichen Daten weitergeben und von denen wir pers\u00f6nliche Daten sammeln - das sind nicht Sie. Dabei kann es sich um Parteien handeln, die mit Suncrest Reisen und Safaris Reisen verbunden sind, oder um Dritte. Die jeweilige Partei h\u00e4ngt davon ab, mit welchem Unternehmen oder welcher Marke von Suncrest Reisen und Safaris Travel Sie Gesch\u00e4fte machen und welches Produkt oder welche Dienstleistung Sie erhalten.<\/p>\n\n\n\n<p>Einige Beispiele f\u00fcr die Parteien, an die wir Ihre pers\u00f6nlichen Daten weitergeben und von denen wir pers\u00f6nliche Daten sammeln k\u00f6nnen, sind:<\/p>\n\n\n\n<ul class=\"wp-block-list\">\n<li>andere Unternehmen innerhalb der Suncrest Travel and Safaris Travel und andere Gesch\u00e4ftsbereiche oder Abteilungen innerhalb desselben Unternehmens<\/li>\n\n\n\n<li>Kunden-, Produkt-, Unternehmens- oder strategische Forschungs- und Entwicklungsorganisationen;<\/li>\n\n\n\n<li>Dritte, mit denen wir einen Vertrag \u00fcber die Erbringung von Reisedienstleistungen, Verwaltungs- oder anderen Gesch\u00e4ftsdienstleistungen abgeschlossen haben - zum Beispiel:<\/li>\n<\/ul>\n\n\n\n<p>- Anbieter von Informationstechnologie,<\/p>\n\n\n\n<p>- Marketing-Agenturen und andere Marketing-Dienstleister;<\/p>\n\n\n\n<p>- Reiseanbieter, mit deren Produkt Sie reisen;<\/p>\n\n\n\n<p>- Druck-\/Post-\/Digitaldienstleister; und<\/p>\n\n\n\n<p>- Dienstleistungen im Bereich Bildgebung und Dokumentenmanagement<\/p>\n\n\n\n<ul class=\"wp-block-list\">\n<li>Data Warehouses,<\/li>\n\n\n\n<li>soziale Medien und andere virtuelle Gemeinschaften und Netzwerke, in denen Menschen Informationen erstellen, teilen oder austauschen;<\/li>\n\n\n\n<li>\u00f6ffentlich zug\u00e4ngliche Informationsquellen;<\/li>\n\n\n\n<li>Clubs, Verb\u00e4nde, Anbieter von Mitgliederbindungs- oder Pr\u00e4mienprogrammen und andere branchenrelevante Organisationen;<\/li>\n\n\n\n<li>jede andere Organisation oder Person, die Sie gebeten haben, uns Ihre pers\u00f6nlichen Daten zur Verf\u00fcgung zu stellen, oder die Sie gebeten haben, pers\u00f6nliche Daten von uns einzuholen (z. B. Ihre Eltern oder Gruppenorganisatoren).<\/li>\n<\/ul>\n\n\n\n<h2 class=\"wp-block-heading\">OFFENLEGUNG IN \u00dcBERSEE<\/h2>\n\n\n\n<p>Wir werden Ihre pers\u00f6nlichen Daten ins Ausland senden und pers\u00f6nliche Daten aus dem Ausland sammeln. Zu den F\u00e4llen, in denen wir dies tun, geh\u00f6ren:<\/p>\n\n\n\n<ul class=\"wp-block-list\">\n<li>wenn Sie uns darum gebeten haben oder wir Ihre Zustimmung haben;<\/li>\n\n\n\n<li>wenn wir durch ein kenianisches Gesetz oder ein Gericht dazu berechtigt oder verpflichtet sind;<\/li>\n\n\n\n<li>wenn wir eine Gesch\u00e4ftsaktivit\u00e4t oder Funktion an einen ausl\u00e4ndischen Dienstleister ausgelagert haben; und<\/li>\n\n\n\n<li>bestimmte elektronische Transaktionen.<\/li>\n<\/ul>\n\n\n\n<p>Wir werden alle Arten von personenbezogenen Daten im Ausland offenlegen, jedoch nur in dem Ma\u00dfe, wie es f\u00fcr die Erf\u00fcllung unserer Aufgaben und Dienstleistungen erforderlich ist. Um unsere gesch\u00e4ftlichen Aktivit\u00e4ten und Funktionen aus\u00fcben zu k\u00f6nnen, werden wir Ihre personenbezogenen Daten an Parteien in einer Reihe von L\u00e4ndern weitergeben und von diesen sammeln.<\/p>\n\n\n\n<p>Wir bewahren Ihre pers\u00f6nlichen Informationen auf:<\/p>\n\n\n\n<p>Wir ergreifen alle angemessenen Ma\u00dfnahmen, um Ihre pers\u00f6nlichen Daten vor Missbrauch, Beeintr\u00e4chtigung und Verlust sowie vor unbefugtem Zugriff, \u00c4nderung oder Offenlegung zu sch\u00fctzen. Dies geschieht unter anderem auf folgende Weise:<\/p>\n\n\n\n<ul class=\"wp-block-list\">\n<li>Computersysteme;<\/li>\n\n\n\n<li>elektronische Datenbanken;<\/li>\n\n\n\n<li>digitale Aufzeichnungen;<\/li>\n\n\n\n<li>Telefonaufzeichnungen; und in Papierform oder in Akten.<\/li>\n<\/ul>\n\n\n\n<p>Diese Speichersysteme k\u00f6nnen auf verschiedene Weise verwaltet werden. Sie k\u00f6nnen intern von einem Unternehmen von Suncrest Travel and Safaris Travel verwaltet werden und vor Ort aufbewahrt werden. Oder sie k\u00f6nnen von einem Drittanbieter verwaltet werden, mit dem Suncrest Travel and Safaris Travel eine vertragliche Beziehung hat und der entweder vor Ort und\/oder im Ausland verwaltet wird.<\/p>\n\n\n\n<ul class=\"wp-block-list\">\n<li>Beschr\u00e4nkung des physischen Zugangs zu unseren R\u00e4umlichkeiten;<\/li>\n\n\n\n<li>Beschr\u00e4nkung des elektronischen und physischen Zugriffs auf personenbezogene Daten, \u00fcber die wir verf\u00fcgen;<\/li>\n\n\n\n<li>Bereitschaftssysteme und Informationssicherungen f\u00fcr den Fall gr\u00f6\u00dferer Betriebsunterbrechungen einzurichten;<\/li>\n\n\n\n<li>die Wartung von technologischen Sicherheitsprodukten;<\/li>\n\n\n\n<li>von Drittanbietern verlangen, dass sie akzeptable Sicherheitsma\u00dfnahmen ergreifen, um Ihre pers\u00f6nlichen Daten zu sch\u00fctzen; und<\/li>\n<\/ul>\n\n\n\n<p>Wir verwenden branchen\u00fcbliche Technologien und Verfahren in Bezug auf unser Informationsmanagement und die Bereitstellung von Online-Diensten. Suncrest Travel and Safaris Travel hat ein laufendes Programm zur \u00dcberpr\u00fcfung und Verbesserung seiner Sicherheitsma\u00dfnahmen. Die \u00dcberpr\u00fcfungen und Aktualisierungen betreffen Themen wie Sicherheits- und Informationsmanagementrichtlinien, Prozesse und Verfahren sowie Technologie\u00fcberpr\u00fcfungen wie Software, Virenschutz und Firewall-Einstellungen. Die Systeme und die informationstechnische Infrastruktur von Suncrest Travel and Safaris Travel werden regelm\u00e4\u00dfig von internen und externen Experten \u00fcberpr\u00fcft.<\/p>\n\n\n\n<p>E-Mail-\u00dcbertragungen an Suncrest Travel und Safaris Travel sind nicht unbedingt sicher. Wenn Sie Bedenken bez\u00fcglich der Sicherheit des Inhalts Ihrer E-Mail oder einer anderen Transaktion \u00fcber das Internet haben, sollten Sie erw\u00e4gen, uns auf anderem Wege zu kontaktieren.<br>Suncrest travel and safaris travel verwendet jedoch starke Verschl\u00fcsselungstechniken und den Einsatz von Firewalls, \u00e4hnlich wie bei Finanzinstituten und Internet-Transaktionssystemen weltweit. Wenn Sie eine Transaktion durchf\u00fchren, die die \u00dcbermittlung von pers\u00f6nlichen Daten \u00fcber das Internet an Suncrest travel and safaris travel unter Verwendung eines unserer Online-Formulare beinhaltet, verwendet Suncrest travel and safaris travel diese Verschl\u00fcsselungstechnologie. Sobald Suncrest travel and safaris travel Ihre pers\u00f6nlichen Daten erhalten hat, werden diese gespeichert und durch eine Reihe von Sicherheitskontrollen gesch\u00fctzt, darunter Firewalls, Anforderungen an die Benutzeridentifikation und Pr\u00fcfpfade.<\/p>\n\n\n\n<p>Suncrest Travel und Safaris Travel Mitarbeiter und Vertreter in ihren Datenschutzpflichten,<br>Vertraulichkeitsverpflichtungen anwendet und autorisierten Personen Benutzerkennungen, Passw\u00f6rter oder andere Zugangscodes zur Verf\u00fcgung stellt, um den Zugang zu Ihren pers\u00f6nlichen Daten zu kontrollieren.<\/p>\n\n\n\n<h2 class=\"wp-block-heading\">NICHT-KUNDEN<\/h2>\n\n\n\n<p>Auch wenn Sie kein Kunde von uns sind, k\u00f6nnen Sie mit einem unserer Unternehmen interagieren. Sie k\u00f6nnen mit einem unserer Unternehmen interagieren, indem Sie unsere Transaktionswebseiten nutzen, an einem Wettbewerb teilnehmen oder \u00fcber soziale Medien kommentieren. Wir werden Ihre pers\u00f6nlichen Daten in \u00dcbereinstimmung mit dieser Datenschutzrichtlinie und allen Datenschutzerkl\u00e4rungen, die Sie erhalten, wenn Sie mit uns interagieren, erfassen, verwenden und weitergeben. Weitere Informationen \u00fcber die Interaktion mit uns \u00fcber das Internet finden Sie in unseren Online-Bedingungen, die Sie auf unseren Transaktions-Websites finden.<\/p>\n\n\n\n<p>Wir sind auf die Richtigkeit der personenbezogenen Daten angewiesen, die wir \u00fcber Sie gespeichert haben, um Ihnen unsere Produkte und Dienstleistungen anbieten zu k\u00f6nnen. Sie haben das Recht, uns aufzufordern, ungenaue, veraltete, unvollst\u00e4ndige, irrelevante oder irref\u00fchrende personenbezogene Daten zu korrigieren. Wir werden alle Ma\u00dfnahmen ergreifen, die unter den gegebenen Umst\u00e4nden und im Hinblick auf den Zweck, f\u00fcr den Ihre personenbezogenen Daten gespeichert sind, angemessen sind, um eine Korrektur vorzunehmen. Wir k\u00f6nnen uns weigern, Ihre personenbezogenen Daten zu korrigieren, und werden die Gr\u00fcnde f\u00fcr die Ablehnung schriftlich mitteilen. Wenn wir uns weigern, Ihre personenbezogenen Daten zu korrigieren, haben Sie das Recht, den Daten eine Erkl\u00e4rung beizuf\u00fcgen, dass die Daten ungenau, veraltet, unvollst\u00e4ndig, irrelevant oder irref\u00fchrend sind. Wir werden die unter den gegebenen Umst\u00e4nden angemessenen Schritte unternehmen, um diese Erkl\u00e4rung mit allen Aufzeichnungen zu verbinden, die die entsprechenden Informationen enthalten. Sie k\u00f6nnen sich mit uns in Verbindung setzen, um die Berichtigung der pers\u00f6nlichen Daten, die wir \u00fcber Sie gespeichert haben, zu verlangen, indem Sie den entsprechenden Kontakt f\u00fcr den Zugang oder die Berichtigung in der Suncrest Travel and Safaris Travel Privacy<\/p>\n\n\n\n<h2 class=\"wp-block-heading\"><strong>ENTFERNUNG AUS UNSEREN MARKETINGLISTEN<\/strong><\/h2>\n\n\n\n<p>Wenn Sie keine E-Mail- oder Postangebote von Suncrest Reisen und Safaris Travel erhalten m\u00f6chten, teilen Sie uns dies bitte mit, indem Sie uns eine E-Mail-Nachricht schicken oder indem Sie einfach die Anweisungen zum \"Abbestellen\" befolgen, die in den regul\u00e4ren Post- und E-Mail-Angeboten von Suncrest Reisen und Safaris Travel enthalten sind, wird Ihr Name aus der Verteilerliste entfernt.<\/p>","protected":false},"excerpt":{"rendered":"<p>Who we are Suncrest travel and safaris travel is committed to our client\u2019s privacy and security and to taking steps designed to secure your personal and financial information. We believe your private details should be kept just that and when you share personal information with us, we will make all reasonable endeavours to keep your [&hellip;]<\/p>","protected":false},"author":1,"featured_media":0,"parent":0,"menu_order":0,"comment_status":"closed","ping_status":"open","template":"","meta":{"om_disable_all_campaigns":false,"_monsterinsights_skip_tracking":false,"_monsterinsights_sitenote_active":false,"_monsterinsights_sitenote_note":"","_monsterinsights_sitenote_category":0,"footnotes":""},"class_list":["post-9367","page","type-page","status-publish","hentry"],"aioseo_notices":[],"_links":{"self":[{"href":"https:\/\/suncresttravelandsafaris.com\/de\/wp-json\/wp\/v2\/pages\/9367","targetHints":{"allow":["GET"]}}],"collection":[{"href":"https:\/\/suncresttravelandsafaris.com\/de\/wp-json\/wp\/v2\/pages"}],"about":[{"href":"https:\/\/suncresttravelandsafaris.com\/de\/wp-json\/wp\/v2\/types\/page"}],"author":[{"embeddable":true,"href":"https:\/\/suncresttravelandsafaris.com\/de\/wp-json\/wp\/v2\/users\/1"}],"replies":[{"embeddable":true,"href":"https:\/\/suncresttravelandsafaris.com\/de\/wp-json\/wp\/v2\/comments?post=9367"}],"version-history":[{"count":1,"href":"https:\/\/suncresttravelandsafaris.com\/de\/wp-json\/wp\/v2\/pages\/9367\/revisions"}],"predecessor-version":[{"id":11584,"href":"https:\/\/suncresttravelandsafaris.com\/de\/wp-json\/wp\/v2\/pages\/9367\/revisions\/11584"}],"wp:attachment":[{"href":"https:\/\/suncresttravelandsafaris.com\/de\/wp-json\/wp\/v2\/media?parent=9367"}],"curies":[{"name":"wp","href":"https:\/\/api.w.org\/{rel}","templated":true}]}}