{"id":12369,"date":"2025-09-15T20:33:55","date_gmt":"2025-09-15T20:33:55","guid":{"rendered":"https:\/\/suncresttravelandsafaris.com\/?post_type=product&#038;p=12369"},"modified":"2025-09-17T11:52:45","modified_gmt":"2025-09-17T11:52:45","slug":"6-days-bush-safari-and-beach-experience","status":"publish","type":"product","link":"https:\/\/suncresttravelandsafaris.com\/de\/produkt\/6-days-bush-safari-and-beach-experience\/","title":{"rendered":"7 Tage Busch-Safari und Strand-Erlebnis"},"content":{"rendered":"<h2>\u00dcbersicht<\/h2>\n<p>Diese Busch- und Strandsafari kombiniert aufregende Wildtierabenteuer in der Maasai Mara mit einem entspannenden K\u00fcstenaufenthalt in Diani. Verbringen Sie die ersten Tage damit, die Savanne mit Pirschfahrten und optionalen kulturellen Erlebnissen zu erkunden, und entspannen Sie dann an unber\u00fchrten Str\u00e4nden mit Freizeitaktivit\u00e4ten, Spa-Behandlungen und Meeresbrisen. Es ist die perfekte Mischung aus aufregender Safari und Entspannung am Meer.<\/p>\n<h4>H\u00f6hepunkt der Tour<\/h4>\n<ul>\n<li>Pirschfahrten<\/li>\n<li>Maasai village visit<\/li>\n<li>Beach relaxation in Diani<\/li>\n<\/ul>\n<h4>Tarife ab:<\/h4>\n<p><span style=\"color: #ff0000;\"><b>Preis\u00e4nderungen vorbehalten<\/b><\/span><\/p>\n<table style=\"width: 100%; border-collapse: collapse; font-size: 16px; text-align: center; min-width: 500px;\">\n<thead>\n<tr>\n<th style=\"border: 1px solid #ddd; padding: 12px; background: #299fc3; color: #fff; font-weight: bold;\"><\/th>\n<th style=\"border: 1px solid #ddd; padding: 12px; background: #299fc3; color: #fff; font-weight: bold;\">Nebensaison<br \/>\n(April - Mai)<\/th>\n<th style=\"border: 1px solid #ddd; padding: 12px; background: #299fc3; color: #fff; font-weight: bold;\">Hochsaison<br \/>\n(Januar - M\u00e4rz,<br \/>\nNovember):<\/th>\n<th style=\"border: 1px solid #ddd; padding: 12px; background: #299fc3; color: #fff; font-weight: bold;\">Hochsaison<br \/>\n(Juli - Oktober,<br \/>\nDezember-Feiertage)<\/th>\n<\/tr>\n<\/thead>\n<tbody>\n<tr>\n<td style=\"border: 1px solid #ddd; padding: 12px; background: #fff; color: #000;\">Haushalt<\/td>\n<td style=\"border: 1px solid #ddd; padding: 12px; background: #fff; color: #000;\">1500<\/td>\n<td style=\"border: 1px solid #ddd; padding: 12px; background: #fff; color: #000;\">2000<\/td>\n<td style=\"border: 1px solid #ddd; padding: 12px; background: #fff; color: #000;\">3000<\/td>\n<\/tr>\n<tr>\n<td style=\"border: 1px solid #ddd; padding: 12px; background: #fff; color: #000;\">Mittelklasse<\/td>\n<td style=\"border: 1px solid #ddd; padding: 12px; background: #fff; color: #000;\">2500<\/td>\n<td style=\"border: 1px solid #ddd; padding: 12px; background: #fff; color: #000;\">3000<\/td>\n<td style=\"border: 1px solid #ddd; padding: 12px; background: #fff; color: #000;\">4000<\/td>\n<\/tr>\n<tr>\n<td style=\"border: 1px solid #ddd; padding: 12px; background: #fff; color: #000;\">Luxus<\/td>\n<td style=\"border: 1px solid #ddd; padding: 12px; background: #fff; color: #000;\">3000<\/td>\n<td style=\"border: 1px solid #ddd; padding: 12px; background: #fff; color: #000;\">3500<\/td>\n<td style=\"border: 1px solid #ddd; padding: 12px; background: #fff; color: #000;\">4500<\/td>\n<\/tr>\n<\/tbody>\n<\/table>","protected":false},"excerpt":{"rendered":"<p>A safari and beach holiday combining Maasai Mara game drives with relaxing days on Diani\u2019s white-sand beaches.<\/p>","protected":false},"featured_media":12371,"comment_status":"open","ping_status":"closed","template":"","meta":{"om_disable_all_campaigns":false,"_monsterinsights_skip_tracking":false,"_monsterinsights_sitenote_active":false,"_monsterinsights_sitenote_note":"","_monsterinsights_sitenote_category":0},"product_brand":[],"product_cat":[96],"product_tag":[],"class_list":{"0":"post-12369","1":"product","2":"type-product","3":"status-publish","4":"has-post-thumbnail","6":"brw_tour_types-honeymoon","7":"product_cat-honeymoon","9":"first","10":"instock","11":"shipping-taxable","12":"purchasable","13":"product-type-ovabrw_car_rental"},"aioseo_notices":[],"_links":{"self":[{"href":"https:\/\/suncresttravelandsafaris.com\/de\/wp-json\/wp\/v2\/product\/12369","targetHints":{"allow":["GET"]}}],"collection":[{"href":"https:\/\/suncresttravelandsafaris.com\/de\/wp-json\/wp\/v2\/product"}],"about":[{"href":"https:\/\/suncresttravelandsafaris.com\/de\/wp-json\/wp\/v2\/types\/product"}],"replies":[{"embeddable":true,"href":"https:\/\/suncresttravelandsafaris.com\/de\/wp-json\/wp\/v2\/comments?post=12369"}],"wp:featuredmedia":[{"embeddable":true,"href":"https:\/\/suncresttravelandsafaris.com\/de\/wp-json\/wp\/v2\/media\/12371"}],"wp:attachment":[{"href":"https:\/\/suncresttravelandsafaris.com\/de\/wp-json\/wp\/v2\/media?parent=12369"}],"wp:term":[{"taxonomy":"product_brand","embeddable":true,"href":"https:\/\/suncresttravelandsafaris.com\/de\/wp-json\/wp\/v2\/product_brand?post=12369"},{"taxonomy":"product_cat","embeddable":true,"href":"https:\/\/suncresttravelandsafaris.com\/de\/wp-json\/wp\/v2\/product_cat?post=12369"},{"taxonomy":"product_tag","embeddable":true,"href":"https:\/\/suncresttravelandsafaris.com\/de\/wp-json\/wp\/v2\/product_tag?post=12369"}],"curies":[{"name":"wp","href":"https:\/\/api.w.org\/{rel}","templated":true}]}}