{"id":1185,"date":"2022-07-07T04:36:44","date_gmt":"2022-07-07T04:36:44","guid":{"rendered":"https:\/\/suncresttravelandsafaris.com\/?page_id=1185"},"modified":"2025-09-17T14:14:07","modified_gmt":"2025-09-17T14:14:07","slug":"about-us","status":"publish","type":"page","link":"https:\/\/suncresttravelandsafaris.com\/es\/acerca-de-nosotros\/","title":{"rendered":"Qui\u00e9nes somos"},"content":{"rendered":"<div data-elementor-type=\"wp-page\" data-elementor-id=\"1185\" class=\"elementor elementor-1185\" data-elementor-post-type=\"page\">\n\t\t\t\t\t\t<section class=\"elementor-section elementor-top-section elementor-element elementor-element-b7df894 elementor-section-boxed elementor-section-height-default elementor-section-height-default\" data-id=\"b7df894\" data-element_type=\"section\" data-settings=\"{&quot;background_background&quot;:&quot;classic&quot;}\">\n\t\t\t\t\t\t<div class=\"elementor-container elementor-column-gap-no\">\n\t\t\t\t\t<div class=\"elementor-column elementor-col-50 elementor-top-column elementor-element elementor-element-e8ca6c7 elementor-invisible\" data-id=\"e8ca6c7\" data-element_type=\"column\" data-settings=\"{&quot;animation&quot;:&quot;ova-move-right&quot;,&quot;animation_tablet&quot;:&quot;none&quot;}\">\n\t\t\t<div class=\"elementor-widget-wrap elementor-element-populated\">\n\t\t\t\t\t\t<div class=\"elementor-element elementor-element-4ed1a3a elementor-widget elementor-widget-tripgo_elementor_heading\" data-id=\"4ed1a3a\" data-element_type=\"widget\" data-widget_type=\"tripgo_elementor_heading.default\">\n\t\t\t\t<div class=\"elementor-widget-container\">\n\t\t\t\t\t\t\t\t<div class=\"ova-title\">\n\t\t\t\t\t\t\t\t\t<h3 class=\"sub-title\">Bienvenido a Suncrest Travel and Safaris <\/h3>\n\t\t\t\t\t\t\t\t\t\t<h2 class=\"title\">\n\t\t\t\t\t\t\tQui\u00e9nes somos\t\t\t\t\t\t<\/h2>\n\t\t\t\t\t\t\t\t<\/div>\n\t\t\t\t\t\t\t<\/div>\n\t\t\t\t<\/div>\n\t\t\t\t<section class=\"elementor-section elementor-inner-section elementor-element elementor-element-651c821 elementor-section-full_width elementor-section-height-default elementor-section-height-default\" data-id=\"651c821\" data-element_type=\"section\">\n\t\t\t\t\t\t<div class=\"elementor-container elementor-column-gap-no\">\n\t\t\t\t\t<div class=\"elementor-column elementor-col-66 elementor-inner-column elementor-element elementor-element-88cd609\" data-id=\"88cd609\" data-element_type=\"column\">\n\t\t\t<div class=\"elementor-widget-wrap elementor-element-populated\">\n\t\t\t\t\t\t<div class=\"elementor-element elementor-element-51bc3ea elementor-widget elementor-widget-text-editor\" data-id=\"51bc3ea\" data-element_type=\"widget\" data-widget_type=\"text-editor.default\">\n\t\t\t\t\t\t\t\t\t<p>Suncrest Travel and Safaris es una empresa tur\u00edstica apasionada y centrada en el cliente, dedicada a crear experiencias de viaje significativas. Desde nuestra fundaci\u00f3n, nos hemos especializado en ofrecer aventuras personalizadas, aut\u00e9nticas y sostenibles que celebran la belleza, la cultura y la diversidad de \u00c1frica. Nuestro equipo se compromete a hacer que cada viaje sea memorable, fluido e impactante.<\/p>\t\t\t\t\t\t\t\t<\/div>\n\t\t\t\t\t<\/div>\n\t\t<\/div>\n\t\t\t\t<div class=\"elementor-column elementor-col-33 elementor-inner-column elementor-element elementor-element-3a060ba\" data-id=\"3a060ba\" data-element_type=\"column\">\n\t\t\t<div class=\"elementor-widget-wrap elementor-element-populated\">\n\t\t\t\t\t\t<div class=\"elementor-element elementor-element-def03d9 elementor-position-left elementor-view-default elementor-mobile-position-top elementor-widget elementor-widget-icon-box\" data-id=\"def03d9\" data-element_type=\"widget\" data-widget_type=\"icon-box.default\">\n\t\t\t\t\t\t\t<div class=\"elementor-icon-box-wrapper\">\n\n\t\t\t\t\t\t<div class=\"elementor-icon-box-icon\">\n\t\t\t\t<span  class=\"elementor-icon\">\n\t\t\t\t<i aria-hidden=\"true\" class=\"icomoon icomoon-reliable\"><\/i>\t\t\t\t<\/span>\n\t\t\t<\/div>\n\t\t\t\n\t\t\t\t\t\t<div class=\"elementor-icon-box-content\">\n\n\t\t\t\t\t\t\t\t\t<h6 class=\"elementor-icon-box-title\">\n\t\t\t\t\t\t<span  >\n\t\t\t\t\t\t\tNuestra misi\u00f3n\t\t\t\t\t\t<\/span>\n\t\t\t\t\t<\/h6>\n\t\t\t\t\n\t\t\t\t\t\t\t\t\t<p class=\"elementor-icon-box-description\">\n\t\t\t\t\t\tConectar a los viajeros con la belleza, la diversidad y las maravillas de \u00c1frica a trav\u00e9s de viajes personalizados que dejen recuerdos imborrables.\t\t\t\t\t<\/p>\n\t\t\t\t\n\t\t\t<\/div>\n\t\t\t\n\t\t<\/div>\n\t\t\t\t\t\t<\/div>\n\t\t\t\t<div class=\"elementor-element elementor-element-28b4169 elementor-position-left elementor-view-default elementor-mobile-position-top elementor-widget elementor-widget-icon-box\" data-id=\"28b4169\" data-element_type=\"widget\" data-widget_type=\"icon-box.default\">\n\t\t\t\t\t\t\t<div class=\"elementor-icon-box-wrapper\">\n\n\t\t\t\t\t\t<div class=\"elementor-icon-box-icon\">\n\t\t\t\t<span  class=\"elementor-icon\">\n\t\t\t\t<i aria-hidden=\"true\" class=\"icomoon icomoon-experienced\"><\/i>\t\t\t\t<\/span>\n\t\t\t<\/div>\n\t\t\t\n\t\t\t\t\t\t<div class=\"elementor-icon-box-content\">\n\n\t\t\t\t\t\t\t\t\t<h6 class=\"elementor-icon-box-title\">\n\t\t\t\t\t\t<span  >\n\t\t\t\t\t\t\tNuestra visi\u00f3n\t\t\t\t\t\t<\/span>\n\t\t\t\t\t<\/h6>\n\t\t\t\t\n\t\t\t\t\t\t\t\t\t<p class=\"elementor-icon-box-description\">\n\t\t\t\t\t\tConvertirnos en la principal empresa de viajes de \u00c1frica Oriental, conocida por su fiabilidad, innovaci\u00f3n y excepcional servicio al cliente.\t\t\t\t\t<\/p>\n\t\t\t\t\n\t\t\t<\/div>\n\t\t\t\n\t\t<\/div>\n\t\t\t\t\t\t<\/div>\n\t\t\t\t\t<\/div>\n\t\t<\/div>\n\t\t\t\t\t<\/div>\n\t\t<\/section>\n\t\t\t\t<div class=\"elementor-element elementor-element-6677e38 elementor-align-left elementor-widget-mobile__width-auto elementor-widget elementor-widget-button\" data-id=\"6677e38\" data-element_type=\"widget\" data-widget_type=\"button.default\">\n\t\t\t\t\t\t\t\t\t\t<a class=\"elementor-button elementor-button-link elementor-size-sm\" href=\"https:\/\/suncresttravelandsafaris.com\/es\/contact\/?wmc-currency=EUR\">\n\t\t\t\t\t\t<span class=\"elementor-button-content-wrapper\">\n\t\t\t\t\t\t\t\t\t<span class=\"elementor-button-text\">Contacto<\/span>\n\t\t\t\t\t<\/span>\n\t\t\t\t\t<\/a>\n\t\t\t\t\t\t\t\t<\/div>\n\t\t\t\t\t<\/div>\n\t\t<\/div>\n\t\t\t\t<div class=\"elementor-column elementor-col-50 elementor-top-column elementor-element elementor-element-f012ac5\" data-id=\"f012ac5\" data-element_type=\"column\">\n\t\t\t<div class=\"elementor-widget-wrap elementor-element-populated\">\n\t\t\t\t\t\t<div class=\"elementor-element elementor-element-14cfd98 elementor-widget__width-initial elementor-absolute animated-fast elementor-invisible elementor-widget elementor-widget-tripgo_elementor_counter\" data-id=\"14cfd98\" data-element_type=\"widget\" data-settings=\"{&quot;_position&quot;:&quot;absolute&quot;,&quot;_animation&quot;:&quot;ova-scale-up&quot;,&quot;_animation_tablet&quot;:&quot;none&quot;}\" data-widget_type=\"tripgo_elementor_counter.default\">\n\t\t\t\t<div class=\"elementor-widget-container\">\n\t\t\t\t\t\t        <div class=\"ova-counter\" data-count=\"500\">\n\t            \t            \t<div class=\"icon-wrapper\">\n\t            \t\t<div class=\"icon\">\n\t\t\t\t\t\t\t<i class=\"icomoon icomoon-flig\"><\/i>\n\t\t\t\t\t\t<\/div>\n\t            \t<\/div>\n\t\t\t\t                <div class=\"odometer-wrapper\">\n\t\t\t\t\t<span class=\"odometer\">0<\/span>\n\t\t\t\t\t<span class=\"suffix\">\n\t\t\t\t\t\t+\t\t\t        <\/span>\n\t\t\t    <\/div>\n\t      \t    \t\t\t\t\t<h4 class=\"title\">\n\t\t\t\t\t\tPaquetes tur\u00edsticos\t\t\t\t\t<\/h4>\n\t\t\t\t\t        <\/div>\n\t\t\t\t\t\t\t<\/div>\n\t\t\t\t<\/div>\n\t\t\t\t<div class=\"elementor-element elementor-element-2ef6c1f elementor-widget__width-auto elementor-invisible elementor-widget elementor-widget-image\" data-id=\"2ef6c1f\" data-element_type=\"widget\" data-settings=\"{&quot;_animation&quot;:&quot;ova-move-up&quot;,&quot;_animation_tablet&quot;:&quot;none&quot;}\" data-widget_type=\"image.default\">\n\t\t\t\t\t\t\t\t\t\t\t\t\t\t\t<img fetchpriority=\"high\" decoding=\"async\" width=\"768\" height=\"1154\" src=\"https:\/\/suncresttravelandsafaris.com\/wp-content\/uploads\/2025\/08\/pexels-eva-purrer-1937326549-28830743-768x1154.jpg\" class=\"attachment-medium_large size-medium_large wp-image-11433\" alt=\"\" srcset=\"https:\/\/suncresttravelandsafaris.com\/wp-content\/uploads\/2025\/08\/pexels-eva-purrer-1937326549-28830743-768x1154.jpg 768w, https:\/\/suncresttravelandsafaris.com\/wp-content\/uploads\/2025\/08\/pexels-eva-purrer-1937326549-28830743-200x300.jpg 200w, https:\/\/suncresttravelandsafaris.com\/wp-content\/uploads\/2025\/08\/pexels-eva-purrer-1937326549-28830743-682x1024.jpg 682w, https:\/\/suncresttravelandsafaris.com\/wp-content\/uploads\/2025\/08\/pexels-eva-purrer-1937326549-28830743-1022x1536.jpg 1022w, https:\/\/suncresttravelandsafaris.com\/wp-content\/uploads\/2025\/08\/pexels-eva-purrer-1937326549-28830743-600x901.jpg 600w, https:\/\/suncresttravelandsafaris.com\/wp-content\/uploads\/2025\/08\/pexels-eva-purrer-1937326549-28830743.jpg 1280w\" sizes=\"(max-width: 768px) 100vw, 768px\" \/>\t\t\t\t\t\t\t\t\t\t\t\t\t\t\t<\/div>\n\t\t\t\t\t<\/div>\n\t\t<\/div>\n\t\t\t\t\t<\/div>\n\t\t<\/section>\n\t\t\t\t<section class=\"elementor-section elementor-top-section elementor-element elementor-element-906b39f elementor-section-boxed elementor-section-height-default elementor-section-height-default\" data-id=\"906b39f\" data-element_type=\"section\" data-settings=\"{&quot;background_background&quot;:&quot;classic&quot;}\">\n\t\t\t\t\t\t<div class=\"elementor-container elementor-column-gap-default\">\n\t\t\t\t\t<div class=\"elementor-column elementor-col-100 elementor-top-column elementor-element elementor-element-f68da19\" data-id=\"f68da19\" data-element_type=\"column\">\n\t\t\t<div class=\"elementor-widget-wrap elementor-element-populated\">\n\t\t\t\t\t\t<section class=\"elementor-section elementor-inner-section elementor-element elementor-element-e07938c elementor-section-full_width elementor-section-height-default elementor-section-height-default\" data-id=\"e07938c\" data-element_type=\"section\">\n\t\t\t\t\t\t<div class=\"elementor-container elementor-column-gap-default\">\n\t\t\t\t\t<div class=\"elementor-column elementor-col-33 elementor-inner-column elementor-element elementor-element-2abfe97\" data-id=\"2abfe97\" data-element_type=\"column\">\n\t\t\t<div class=\"elementor-widget-wrap elementor-element-populated\">\n\t\t\t\t\t\t<div class=\"elementor-element elementor-element-d85e7e2 elementor-view-stacked elementor-shape-square elementor-position-top elementor-mobile-position-top elementor-invisible elementor-widget elementor-widget-icon-box\" data-id=\"d85e7e2\" data-element_type=\"widget\" data-settings=\"{&quot;_animation&quot;:&quot;fadeInLeft&quot;,&quot;_animation_tablet&quot;:&quot;none&quot;,&quot;_animation_delay&quot;:100}\" data-widget_type=\"icon-box.default\">\n\t\t\t\t\t\t\t<div class=\"elementor-icon-box-wrapper\">\n\n\t\t\t\t\t\t<div class=\"elementor-icon-box-icon\">\n\t\t\t\t<span  class=\"elementor-icon\">\n\t\t\t\t<i aria-hidden=\"true\" class=\"icomoon icomoon-suitcase\"><\/i>\t\t\t\t<\/span>\n\t\t\t<\/div>\n\t\t\t\n\t\t\t\t\t\t<div class=\"elementor-icon-box-content\">\n\n\t\t\t\t\t\t\t\t\t<h3 class=\"elementor-icon-box-title\">\n\t\t\t\t\t\t<span  >\n\t\t\t\t\t\t\tNuestros valores\t\t\t\t\t\t<\/span>\n\t\t\t\t\t<\/h3>\n\t\t\t\t\n\t\t\t\t\t\t\t\t\t<p class=\"elementor-icon-box-description\">\n\t\t\t\t\t\t- Integridad\n- Pasi\u00f3n\n- Satisfacci\u00f3n del cliente\n- Sostenibilidad\n- Respeto cultural\n\t\t\t\t\t<\/p>\n\t\t\t\t\n\t\t\t<\/div>\n\t\t\t\n\t\t<\/div>\n\t\t\t\t\t\t<\/div>\n\t\t\t\t\t<\/div>\n\t\t<\/div>\n\t\t\t\t<div class=\"elementor-column elementor-col-33 elementor-inner-column elementor-element elementor-element-62cd712\" data-id=\"62cd712\" data-element_type=\"column\">\n\t\t\t<div class=\"elementor-widget-wrap elementor-element-populated\">\n\t\t\t\t\t\t<div class=\"elementor-element elementor-element-ee22fca elementor-view-stacked elementor-shape-square elementor-position-top elementor-mobile-position-top elementor-invisible elementor-widget elementor-widget-icon-box\" data-id=\"ee22fca\" data-element_type=\"widget\" data-settings=\"{&quot;_animation&quot;:&quot;fadeInUp&quot;,&quot;_animation_tablet&quot;:&quot;none&quot;,&quot;_animation_delay&quot;:300}\" data-widget_type=\"icon-box.default\">\n\t\t\t\t\t\t\t<div class=\"elementor-icon-box-wrapper\">\n\n\t\t\t\t\t\t<div class=\"elementor-icon-box-icon\">\n\t\t\t\t<span  class=\"elementor-icon\">\n\t\t\t\t<i aria-hidden=\"true\" class=\"icomoon icomoon-car\"><\/i>\t\t\t\t<\/span>\n\t\t\t<\/div>\n\t\t\t\n\t\t\t\t\t\t<div class=\"elementor-icon-box-content\">\n\n\t\t\t\t\t\t\t\t\t<h3 class=\"elementor-icon-box-title\">\n\t\t\t\t\t\t<span  >\n\t\t\t\t\t\t\tAfiliaciones y licencias\t\t\t\t\t\t<\/span>\n\t\t\t\t\t<\/h3>\n\t\t\t\t\n\t\t\t\t\t\t\t\t\t<p class=\"elementor-icon-box-description\">\n\t\t\t\t\t\t- Registrado por el Ministerio de Turismo\n- Operador tur\u00edstico autorizado\n\t\t\t\t\t<\/p>\n\t\t\t\t\n\t\t\t<\/div>\n\t\t\t\n\t\t<\/div>\n\t\t\t\t\t\t<\/div>\n\t\t\t\t\t<\/div>\n\t\t<\/div>\n\t\t\t\t<div class=\"elementor-column elementor-col-33 elementor-inner-column elementor-element elementor-element-e83bd4c\" data-id=\"e83bd4c\" data-element_type=\"column\">\n\t\t\t<div class=\"elementor-widget-wrap elementor-element-populated\">\n\t\t\t\t\t\t<div class=\"elementor-element elementor-element-d35b75a elementor-view-stacked elementor-shape-square elementor-position-top elementor-mobile-position-top elementor-invisible elementor-widget elementor-widget-icon-box\" data-id=\"d35b75a\" data-element_type=\"widget\" data-settings=\"{&quot;_animation&quot;:&quot;fadeInRight&quot;,&quot;_animation_tablet&quot;:&quot;none&quot;,&quot;_animation_delay&quot;:100}\" data-widget_type=\"icon-box.default\">\n\t\t\t\t\t\t\t<div class=\"elementor-icon-box-wrapper\">\n\n\t\t\t\t\t\t<div class=\"elementor-icon-box-icon\">\n\t\t\t\t<span  class=\"elementor-icon\">\n\t\t\t\t<i aria-hidden=\"true\" class=\"icomoon icomoon-star-2\"><\/i>\t\t\t\t<\/span>\n\t\t\t<\/div>\n\t\t\t\n\t\t\t\t\t\t<div class=\"elementor-icon-box-content\">\n\n\t\t\t\t\t\t\t\t\t<h3 class=\"elementor-icon-box-title\">\n\t\t\t\t\t\t<span  >\n\t\t\t\t\t\t\tApoyo comunitario \t\t\t\t\t\t<\/span>\n\t\t\t\t\t<\/h3>\n\t\t\t\t\n\t\t\t\t\t\t\t\t\t<p class=\"elementor-icon-box-description\">\n\t\t\t\t\t\tAunque nuestros safaris ofrecen excepcionales aventuras en la naturaleza, estancias de lujo y paisajes sobrecogedores, tambi\u00e9n nos apasiona retribuir a la comunidad.\t\t\t\t\t<\/p>\n\t\t\t\t\n\t\t\t<\/div>\n\t\t\t\n\t\t<\/div>\n\t\t\t\t\t\t<\/div>\n\t\t\t\t\t<\/div>\n\t\t<\/div>\n\t\t\t\t\t<\/div>\n\t\t<\/section>\n\t\t\t\t\t<\/div>\n\t\t<\/div>\n\t\t\t\t\t<\/div>\n\t\t<\/section>\n\t\t\t\t<section class=\"elementor-section elementor-top-section elementor-element elementor-element-4d2ae82 elementor-section-boxed elementor-section-height-default elementor-section-height-default\" data-id=\"4d2ae82\" data-element_type=\"section\">\n\t\t\t\t\t\t<div class=\"elementor-container elementor-column-gap-default\">\n\t\t\t\t\t<div class=\"elementor-column elementor-col-50 elementor-top-column elementor-element elementor-element-a725ada\" data-id=\"a725ada\" data-element_type=\"column\">\n\t\t\t<div class=\"elementor-widget-wrap elementor-element-populated\">\n\t\t\t\t\t\t<div class=\"elementor-element elementor-element-a9bbc14 elementor-widget elementor-widget-tripgo_elementor_heading\" data-id=\"a9bbc14\" data-element_type=\"widget\" data-widget_type=\"tripgo_elementor_heading.default\">\n\t\t\t\t<div class=\"elementor-widget-container\">\n\t\t\t\t\t\t\t\t<div class=\"ova-title\">\n\t\t\t\t\t\t\t\t\t\t<h2 class=\"title\">\n\t\t\t\t\t\t\t\u00bfPor qu\u00e9 elegirnos?\t\t\t\t\t\t<\/h2>\n\t\t\t\t\t\t\t\t\t\t<p class=\"description\">- Atenci\u00f3n al cliente personalizada para una comunicaci\u00f3n fluida\n- Itinerarios a la medida de los sue\u00f1os de cada viajero\n- Pr\u00e1cticas de viaje respetuosas con el medio ambiente para proteger la naturaleza\n- Personal de seguridad y seguro de viaje a petici\u00f3n\n- Gu\u00edas locales profesionales y expertos\n- Alojamiento c\u00f3modo y cuidadosamente seleccionado\n- Paquetes flexibles que se adaptan a su agenda y presupuesto\n<\/p>\n\t\t\t\t\t\t\t<\/div>\n\t\t\t\t\t\t\t<\/div>\n\t\t\t\t<\/div>\n\t\t\t\t\t<\/div>\n\t\t<\/div>\n\t\t\t\t<div class=\"elementor-column elementor-col-50 elementor-top-column elementor-element elementor-element-496b054\" data-id=\"496b054\" data-element_type=\"column\">\n\t\t\t<div class=\"elementor-widget-wrap elementor-element-populated\">\n\t\t\t\t\t\t<div class=\"elementor-element elementor-element-b4d0cfb elementor-widget__width-auto elementor-widget elementor-widget-image\" data-id=\"b4d0cfb\" data-element_type=\"widget\" data-widget_type=\"image.default\">\n\t\t\t\t\t\t\t\t\t\t\t\t\t\t\t<img decoding=\"async\" src=\"https:\/\/suncresttravelandsafaris.com\/wp-content\/uploads\/elementor\/thumbs\/Safari-rbmb10h7uyvxr72w2x0bfu3cuu3ce57awarnzos6q0.jpg\" title=\"Safari\" alt=\"Safari\" loading=\"lazy\" \/>\t\t\t\t\t\t\t\t\t\t\t\t\t\t\t<\/div>\n\t\t\t\t<div class=\"elementor-element elementor-element-48f29ca elementor-widget__width-auto elementor-absolute elementor-hidden-mobile elementor-widget elementor-widget-image\" data-id=\"48f29ca\" data-element_type=\"widget\" data-settings=\"{&quot;_position&quot;:&quot;absolute&quot;}\" data-widget_type=\"image.default\">\n\t\t\t\t\t\t\t\t\t\t\t\t\t\t\t<img decoding=\"async\" src=\"https:\/\/suncresttravelandsafaris.com\/wp-content\/uploads\/elementor\/thumbs\/safari-east-africa-rbmb2x3e01e6o7vaqqdhboat5at8afne633m1dsizk.jpg\" title=\"safari \u00e1frica oriental\" alt=\"safari \u00e1frica oriental\" loading=\"lazy\" \/>\t\t\t\t\t\t\t\t\t\t\t\t\t\t\t<\/div>\n\t\t\t\t<div class=\"elementor-element elementor-element-8a7368a elementor-widget__width-auto elementor-absolute elementor-widget elementor-widget-image\" data-id=\"8a7368a\" data-element_type=\"widget\" data-settings=\"{&quot;_position&quot;:&quot;absolute&quot;}\" data-widget_type=\"image.default\">\n\t\t\t\t\t\t\t\t\t\t\t\t\t\t\t<img decoding=\"async\" width=\"213\" height=\"105\" src=\"https:\/\/suncresttravelandsafaris.com\/wp-content\/uploads\/2022\/07\/Framebg-2-2.png\" class=\"attachment-large size-large wp-image-1593\" alt=\"\" \/>\t\t\t\t\t\t\t\t\t\t\t\t\t\t\t<\/div>\n\t\t\t\t\t<\/div>\n\t\t<\/div>\n\t\t\t\t\t<\/div>\n\t\t<\/section>\n\t\t\t\t<section class=\"elementor-section elementor-top-section elementor-element elementor-element-81d37e7 elementor-section-boxed elementor-section-height-default elementor-section-height-default\" data-id=\"81d37e7\" data-element_type=\"section\">\n\t\t\t\t\t\t<div class=\"elementor-container elementor-column-gap-default\">\n\t\t\t\t\t<div class=\"elementor-column elementor-col-100 elementor-top-column elementor-element elementor-element-d67da0b\" data-id=\"d67da0b\" data-element_type=\"column\">\n\t\t\t<div class=\"elementor-widget-wrap elementor-element-populated\">\n\t\t\t\t\t\t<div class=\"elementor-element elementor-element-1433caf elementor-widget elementor-widget-tripgo_elementor_heading\" data-id=\"1433caf\" data-element_type=\"widget\" data-widget_type=\"tripgo_elementor_heading.default\">\n\t\t\t\t<div class=\"elementor-widget-container\">\n\t\t\t\t\t\t\t\t<div class=\"ova-title\">\n\t\t\t\t\t\t\t\t\t\t<h2 class=\"title\">\n\t\t\t\t\t\t\tNuestro equipo\t\t\t\t\t\t<\/h2>\n\t\t\t\t\t\t\t\t<\/div>\n\t\t\t\t\t\t\t<\/div>\n\t\t\t\t<\/div>\n\t\t\t\t<div class=\"elementor-element elementor-element-79cdf37 elementor-widget elementor-widget-tripgo_elementor_testimonial_2\" data-id=\"79cdf37\" data-element_type=\"widget\" data-settings=\"{&quot;_animation&quot;:&quot;none&quot;}\" data-widget_type=\"tripgo_elementor_testimonial_2.default\">\n\t\t\t\t<div class=\"elementor-widget-container\">\n\t\t\t\t\t\t\t\t<section class=\"ova-testimonial version-2\">\n\t\t\t\t<div class=\"slide-testimonials owl-carousel owl-theme slide-testimonials-version-2\" \n\t\t\t\t\tdata-options=\"{&quot;items&quot;:2,&quot;slideBy&quot;:0,&quot;margin&quot;:30,&quot;autoplayTimeout&quot;:&quot;&quot;,&quot;smartSpeed&quot;:500,&quot;nav&quot;:false,&quot;dots&quot;:false,&quot;loop&quot;:false,&quot;autoplay&quot;:false,&quot;autoplayHoverPause&quot;:false,&quot;rtl&quot;:false}\"\n\t\t\t\t>\n\t\t\t\t\t\t\t\t\t\t\t\t<div class=\"item\">\n\t\t\t\t\t\t\t\t\t\t\t\t\t\t\t\t<div class=\"info-content\">\n\t\t\t\t\t\t\t\t\t<div class=\"client-info\">\n\t\t\t\t\t\t\t\t\t\t\t\t\t\t\t\t\t\t\t\t\t<div class=\"client\">\n\t\t\t\t\t\t\t\t\t\t\t\t\t\t\t\t\t\t\t\t\t\t\t\t\t<img decoding=\"async\" src=\"https:\/\/suncresttravelandsafaris.com\/wp-content\/uploads\/2025\/09\/WhatsApp-Image-2025-09-10-at-16.53.41.jpeg\" alt=\"MERCY ACHIENG ATEE\">\n\t\t\t\t\t\t\t\t\t\t\t\t\t\t\t\t\t\t\t\t\t\t\t<\/div>\n\t\t\t\t\t\t\t\t\t\t\t\t\t\t\t\t\t\t\t\t<div class=\"name-job\">\n\t\t\t\t\t\t\t\t\t\t\t\t\t\t\t\t\t\t\t\t\t\t\t\t<h6 class=\"name\">\n\t\t\t\t\t\t\t\t\t\t\t\t\t\tMERCY ACHIENG ATEE\t\t\t\t\t\t\t\t\t\t\t\t\t<\/h6>\n\t\t\t\t\t\t\t\t\t\t\t\t\t\t\t\t\t\t\t\t\t\t\t\t<p class=\"job\">\n\t\t\t\t\t\t\t\t\t\t\t\t\tPropietario y Consejero Delegado\t\t\t\t\t\t\t\t\t\t\t\t<\/p>\n\t\t\t\t\t\t\t\t\t\t\t\t\t\t\t\t\t\t\t\t\t<\/div>\n\t\t\t\t\t\t\t\t\t<\/div>\n\t\t\t\t\t\t\t\t\t\t\t\t\t\t\t\t\t<\/div>\n\t\t\t\t\t\t\t<\/div>\n\t\t\t\t\t\t\t\t\t\t\t\t\t<div class=\"item\">\n\t\t\t\t\t\t\t\t\t\t\t\t\t\t\t\t<div class=\"info-content\">\n\t\t\t\t\t\t\t\t\t<div class=\"client-info\">\n\t\t\t\t\t\t\t\t\t\t\t\t\t\t\t\t\t\t\t\t\t<div class=\"client\">\n\t\t\t\t\t\t\t\t\t\t\t\t\t\t\t\t\t\t\t\t\t\t\t\t\t<img decoding=\"async\" src=\"https:\/\/suncresttravelandsafaris.com\/wp-content\/uploads\/2025\/09\/WhatsApp-Image-2025-09-17-at-10.59.05.jpeg\" alt=\"IDA LINE HANSEN\">\n\t\t\t\t\t\t\t\t\t\t\t\t\t\t\t\t\t\t\t\t\t\t\t<\/div>\n\t\t\t\t\t\t\t\t\t\t\t\t\t\t\t\t\t\t\t\t<div class=\"name-job\">\n\t\t\t\t\t\t\t\t\t\t\t\t\t\t\t\t\t\t\t\t\t\t\t\t<h6 class=\"name\">\n\t\t\t\t\t\t\t\t\t\t\t\t\t\tIDA LINE HANSEN\t\t\t\t\t\t\t\t\t\t\t\t\t<\/h6>\n\t\t\t\t\t\t\t\t\t\t\t\t\t\t\t\t\t\t\t\t\t\t\t\t<p class=\"job\">\n\t\t\t\t\t\t\t\t\t\t\t\t\tDirector General\t\t\t\t\t\t\t\t\t\t\t\t<\/p>\n\t\t\t\t\t\t\t\t\t\t\t\t\t\t\t\t\t\t\t\t\t<\/div>\n\t\t\t\t\t\t\t\t\t<\/div>\n\t\t\t\t\t\t\t\t\t\t\t\t\t\t\t\t\t<\/div>\n\t\t\t\t\t\t\t<\/div>\n\t\t\t\t\t\t\t\t\t\t<\/div>\n\t\t\t<\/section>\n\t\t\t\t\t\t\t<\/div>\n\t\t\t\t<\/div>\n\t\t\t\t\t<\/div>\n\t\t<\/div>\n\t\t\t\t\t<\/div>\n\t\t<\/section>\n\t\t\t\t<\/div>","protected":false},"excerpt":{"rendered":"<p>welcome to Suncrest Travel and Safaris Who We Are Suncrest Travel and Safaris is a passionate and client-focused tour company dedicated to creating meaningful travel experiences. Since our founding, we have specialized in offering personalized, authentic, and sustainable adventures that celebrate the beauty, culture, and diversity of Africa. Our team is committed to making every [&hellip;]<\/p>","protected":false},"author":1,"featured_media":0,"parent":0,"menu_order":0,"comment_status":"closed","ping_status":"closed","template":"","meta":{"om_disable_all_campaigns":false,"_monsterinsights_skip_tracking":false,"_monsterinsights_sitenote_active":false,"_monsterinsights_sitenote_note":"","_monsterinsights_sitenote_category":0,"footnotes":""},"class_list":["post-1185","page","type-page","status-publish","hentry"],"aioseo_notices":[],"_links":{"self":[{"href":"https:\/\/suncresttravelandsafaris.com\/es\/wp-json\/wp\/v2\/pages\/1185","targetHints":{"allow":["GET"]}}],"collection":[{"href":"https:\/\/suncresttravelandsafaris.com\/es\/wp-json\/wp\/v2\/pages"}],"about":[{"href":"https:\/\/suncresttravelandsafaris.com\/es\/wp-json\/wp\/v2\/types\/page"}],"author":[{"embeddable":true,"href":"https:\/\/suncresttravelandsafaris.com\/es\/wp-json\/wp\/v2\/users\/1"}],"replies":[{"embeddable":true,"href":"https:\/\/suncresttravelandsafaris.com\/es\/wp-json\/wp\/v2\/comments?post=1185"}],"version-history":[{"count":37,"href":"https:\/\/suncresttravelandsafaris.com\/es\/wp-json\/wp\/v2\/pages\/1185\/revisions"}],"predecessor-version":[{"id":12656,"href":"https:\/\/suncresttravelandsafaris.com\/es\/wp-json\/wp\/v2\/pages\/1185\/revisions\/12656"}],"wp:attachment":[{"href":"https:\/\/suncresttravelandsafaris.com\/es\/wp-json\/wp\/v2\/media?parent=1185"}],"curies":[{"name":"wp","href":"https:\/\/api.w.org\/{rel}","templated":true}]}}