{"id":9367,"date":"2022-06-23T07:12:45","date_gmt":"2022-06-23T07:12:45","guid":{"rendered":"https:\/\/suncresttravelandsafaris.com\/?page_id=3"},"modified":"2025-09-01T12:51:06","modified_gmt":"2025-09-01T12:51:06","slug":"privacy-policy-2","status":"publish","type":"page","link":"https:\/\/suncresttravelandsafaris.com\/es\/politica-de-privacidad-2\/","title":{"rendered":"Pol\u00edtica de privacidad"},"content":{"rendered":"<h2 class=\"wp-block-heading\">Qui\u00e9nes somos<\/h2>\n\n\n\n<p>Suncrest travel and safaris travel se compromete con la privacidad y la seguridad de nuestros clientes y a tomar medidas dise\u00f1adas para proteger su informaci\u00f3n personal y financiera. Creemos que sus datos privados deben mantenerse s\u00f3lo eso y cuando usted comparte informaci\u00f3n personal con nosotros, haremos todos los esfuerzos razonables para mantener sus datos seguros y privados. Nos comprometemos a garantizar la protecci\u00f3n de su informaci\u00f3n personal.<\/p>\n\n\n\n<h2 class=\"wp-block-heading\">NUESTRA POL\u00cdTICA DE PRIVACIDAD<\/h2>\n\n\n\n<p>Suncrest travel and safaris travel entiende que la privacidad es importante para usted y desea que su experiencia al tratar con nosotros sea lo m\u00e1s agradable y segura posible. Esta pol\u00edtica describe qui\u00e9n es Suncrest travel and safaris travel y c\u00f3mo trata su informaci\u00f3n personal en general, as\u00ed como cuando utiliza nuestro sitio web.<\/p>\n\n\n\n<h2 class=\"wp-block-heading\">EL TIPO DE PERSONAL<br>INFORMACI\u00d3N QUE RECOGEMOS Y CONSERVAMOS<\/h2>\n\n\n\n<p>La informaci\u00f3n personal es informaci\u00f3n o una opini\u00f3n sobre un individuo identificado o un individuo que es razonablemente identificable. Por lo general, Suncrest travel and safaris travel no recopila informaci\u00f3n sensible sobre usted, como datos sobre su raza, creencias pol\u00edticas, religi\u00f3n o salud. Sin embargo, dependiendo de los productos y servicios que nos solicite, es posible que debamos recopilar alguna informaci\u00f3n sensible cuando le prestemos servicios especializados.<\/p>\n\n\n\n<p>Le pediremos una amplia gama de informaci\u00f3n personal necesaria para prestarle nuestros servicios. El tipo de informaci\u00f3n personal que le pediremos depender\u00e1 de cu\u00e1l de los productos de viajes con Suncrest travel and safaris travel reserve y del tipo de producto o servicio que elija.<\/p>\n\n\n\n<p>Si no podemos recopilar informaci\u00f3n personal sobre usted, es posible que no podamos ofrecerle los productos, servicios o asistencia que necesita. La recopilaci\u00f3n, uso o divulgaci\u00f3n de su informaci\u00f3n personal es necesaria para proporcionarlos.<\/p>\n\n\n\n<p>Por lo general, le pediremos los siguientes tipos de informaci\u00f3n personal:<\/p>\n\n\n\n<p>nombre, direcci\u00f3n, correo electr\u00f3nico y datos de contacto; fecha de nacimiento;<br>sexo; y\/o<br>informaci\u00f3n sobre su uso de nuestro producto o servicio<\/p>\n\n\n\n<p>En funci\u00f3n del producto o servicio que elija, es posible que tambi\u00e9n se le soliciten otros tipos de datos personales como:<\/p>\n\n\n\n<p>Seguro de viaje N\u00famero de pasaporte<br>Datos de la tarjeta de cr\u00e9dito<\/p>\n\n\n\n<h2 class=\"wp-block-heading\">Formas en que recopilamos sus datos personales<\/h2>\n\n\n\n<p>Recogemos sus datos personales:<\/p>\n\n\n\n<ul class=\"wp-block-list\">\n<li>mediante formularios escritos; a trav\u00e9s del tel\u00e9fono, el m\u00f3vil u otras tecnolog\u00edas de mensajer\u00eda; por Internet, incluidos los sitios web y las redes sociales; y\/o<\/li>\n\n\n\n<li>contacto de persona a persona<\/li>\n\n\n\n<li>A trav\u00e9s de los formularios de suscripci\u00f3n e inscripci\u00f3n<\/li>\n\n\n\n<li>Formularios de reserva y solicitud de m\u00e1s informaci\u00f3n Correos electr\u00f3nicos, dispositivos de respuesta <\/li>\n<\/ul>\n\n\n\n<p>Recopilaremos su informaci\u00f3n personal durante el ciclo de vida de la informaci\u00f3n, de forma ado o recurrente, utilizando los m\u00e9todos mencionados anteriormente. Por ejemplo, recopilaremos informaci\u00f3n personal cuando adquiera un producto o servicio nuestro, cuando realice cambios en dicho producto, cuando realice consultas sobre nuestros productos y servicios o solicite informaci\u00f3n sobre nuestros servicios. Combinaremos o vincularemos la informaci\u00f3n personal que ya conocemos sobre usted con otra informaci\u00f3n personal que recopilemos sobre usted.<\/p>\n\n\n\n<p>Recogemos sus datos personales:<\/p>\n\n\n\n<p>directamente de usted por escrito, por tel\u00e9fono o a trav\u00e9s de nuestro motor de reservas en l\u00ednea. de un coordinador de grupo que est\u00e9 organizando su viaje (Si este es el caso, nosotros<br>solicitar al responsable del grupo que cada uno de los miembros del grupo ha dado su consentimiento para que nos facilite esta Informaci\u00f3n Personal, con el fin de que podamos suministrar dichos productos y servicios).<br>de otras personas u organizaciones (incluidos relacionados y terceros).<\/p>\n\n\n\n<p>Consulte la secci\u00f3n \"Partes a las que revelamos y recopilamos su informaci\u00f3n personal\", en la que se detallan los tipos de organizaciones a las que revelamos y de las que recopilamos su informaci\u00f3n personal.<\/p>\n\n\n\n<h2 class=\"wp-block-heading\">COOKIES<\/h2>\n\n\n\n<p>Nuestros sitios web utilizan \"cookies\" para ofrecerle una serie de servicios. Una cookie es un fragmento de datos que un sitio web env\u00eda a su navegador y que se almacena en su ordenador u otro dispositivo con acceso a Internet. Las cookies suelen ser de dos tipos<br>cookie de sesi\u00f3n o cookie persistente. Una cookie de sesi\u00f3n es una cookie temporal que<br>se coloca en el dispositivo y permanece hasta que abandona uno de nuestros sitios web. Una cookie persistente permanecer\u00e1 en su dispositivo durante un periodo de tiempo o duraci\u00f3n especificados en el<br>cookie a pesar de que abandone nuestros sitios web.<\/p>\n\n\n\n<h2 class=\"wp-block-heading\">FINES DE LA RECOGIDA DE INFORMACI\u00d3N PERSONAL<\/h2>\n\n\n\n<p>Recopilamos sus datos personales para poder<\/p>\n\n\n\n<ul class=\"wp-block-list\">\n<li><img decoding=\"async\" width=\"4\" height=\"4\" src=\"\">\u00a0identificarle y ofrecerle nuestros productos y servicios, incluida la notificaci\u00f3n peri\u00f3dica de nuevos productos, servicios y promociones.<\/li>\n\n\n\n<li>comprender sus necesidades y ofrecerle un producto o servicio; <img decoding=\"async\" width=\"4\" height=\"4\" src=\"\">\u00a0<\/li>\n\n\n\n<li>configurar, administrar y gestionar nuestros productos y servicios,<\/li>\n\n\n\n<li>conocerle mejor a usted, sus necesidades, su comportamiento y la forma en que interact\u00faa con nosotros, para poder dedicarnos a la investigaci\u00f3n de productos y servicios, el desarrollo y la estrategia empresarial, incluida la gesti\u00f3n de la prestaci\u00f3n de nuestros servicios y productos a trav\u00e9s de las v\u00edas de comunicaci\u00f3n con usted.<\/li>\n<\/ul>\n\n\n\n<p>A veces nos vemos obligados a recabar sus datos personales para cumplir obligaciones legales espec\u00edficas.<\/p>\n\n\n\n<h2 class=\"wp-block-heading\">USO Y DIVULGACI\u00d3N<\/h2>\n\n\n\n<p>Utilizamos y divulgamos su informaci\u00f3n personal para los fines para los que la recogimos. Consulte la secci\u00f3n \"Fines de la recogida de informaci\u00f3n personal\" para comprender cu\u00e1les pueden ser estos fines.<\/p>\n\n\n\n<p>Si su informaci\u00f3n personal est\u00e1 sujeta al r\u00e9gimen de privacidad de Kenia, utilizaremos y<br>revelar su informaci\u00f3n personal para un prop\u00f3sito secundario relacionado con el prop\u00f3sito para el que la recogimos, cuando usted esperara razonablemente que us\u00e1ramos o revel\u00e1ramos su informaci\u00f3n personal para ese prop\u00f3sito secundario. En el caso de datos sensibles<br>informaci\u00f3n, cualquier uso o divulgaci\u00f3n secundarios estar\u00e1n directamente relacionados con la finalidad<\/p>\n\n\n\n<p>Por ejemplo, divulgaremos su informaci\u00f3n personal a terceros proveedores de servicios para que puedan prestar los servicios contratados a Suncrest travel y safaris travel, como soporte o programaci\u00f3n de tecnolog\u00edas de la informaci\u00f3n, servicios de alojamiento, servicios de telefon\u00eda, correo o env\u00edo de documentaci\u00f3n a los clientes de forma digital o de otro tipo.<\/p>\n\n\n\n<p>Como agencia de viajes, Suncrest travel and safaris travel puede verse obligada a revelar sus Datos Personales a estos proveedores para que puedan prestarle sus servicios y ayudarle a que su experiencia sea satisfactoria. Como estos proveedores requieren esta Informaci\u00f3n Personal al realizar su reserva, si no se facilita, no podremos finalizar su reserva.<\/p>\n\n\n\n<p>Habr\u00e1 otros casos en los que podremos utilizar y revelar su informaci\u00f3n personal de acuerdo con los reg\u00edmenes de privacidad de Kenia, incluyendo cuando:<\/p>\n\n\n\n<ul class=\"wp-block-list\">\n<li>usted ha consentido expresa o t\u00e1citamente el uso o la divulgaci\u00f3n;<\/li>\n<\/ul>\n\n\n\n<h2 class=\"wp-block-heading\">RECOGIDA, USO Y DIVULGACI\u00d3N DE INFORMACI\u00d3N PERSONAL CON FINES COMERCIALES<\/h2>\n\n\n\n<p>Suncrest travel and safaris travel cuenta con una amplia gama de servicios de viajes, medios de comunicaci\u00f3n y excursiones. El marketing es una parte importante de nuestro negocio. Queremos recopilar, utilizar y divulgar su informaci\u00f3n personal para mantenerle al d\u00eda sobre la gama de productos y servicios disponibles en Suncrest travel and safaris travel y que creemos que pueden ser de su inter\u00e9s. Utilizamos una amplia variedad de estrategias de marketing, como correo postal, SMS, tel\u00e9fono y otros medios de marketing basados en Internet, como la publicidad en l\u00ednea dirigida y la publicidad en l\u00ednea.<\/p>\n\n\n\n<p>Para ejercer sus preferencias puede dirigirse a nuestro responsable de privacidad, cuyos datos de contacto figuran a continuaci\u00f3n.<\/p>\n\n\n\n<h2 class=\"wp-block-heading\">PARTES A LAS QUE REVELAMOS Y RECOPILAMOS SUS DATOS PERSONALES<\/h2>\n\n\n\n<p>Como se detalla en la secci\u00f3n \"Formas en que recopilamos su informaci\u00f3n personal\", hay una serie de personas y organizaciones (\"partes\") a las que revelamos su informaci\u00f3n personal y de las que recopilamos informaci\u00f3n personal que no es suya. Puede tratarse de partes relacionadas con Suncrest travel y safaris travel o de terceros. La parte concreta depender\u00e1 de la empresa o marca de Suncrest travel and safaris travel con la que haga negocios y del producto o servicio que reciba.<\/p>\n\n\n\n<p>Algunos ejemplos de las partes a las que podemos revelar sus datos personales y recabar informaci\u00f3n personal de ellas son:<\/p>\n\n\n\n<ul class=\"wp-block-list\">\n<li>otras empresas del grupo Suncrest travel and safaris travel y otras divisiones comerciales o departamentos de la misma empresa<\/li>\n\n\n\n<li>clientes, productos, empresas u organizaciones estrat\u00e9gicas de investigaci\u00f3n y desarrollo;<\/li>\n\n\n\n<li>un tercero con el que hayamos contratado la prestaci\u00f3n de servicios de viajes, administrativos u otros servicios empresariales, por ejemplo:<\/li>\n<\/ul>\n\n\n\n<p>- proveedores de tecnolog\u00edas de la informaci\u00f3n,<\/p>\n\n\n\n<p>- agencias de marketing y otros proveedores de servicios de marketing;<\/p>\n\n\n\n<p>- proveedores de viajes con cuyo producto viaja;<\/p>\n\n\n\n<p>- proveedores de servicios de impresi\u00f3n\/correo\/digital; y<\/p>\n\n\n\n<p>- servicios de tratamiento de im\u00e1genes y gesti\u00f3n de documentos<\/p>\n\n\n\n<ul class=\"wp-block-list\">\n<li>almacenes de datos,<\/li>\n\n\n\n<li>medios sociales y otras comunidades y redes virtuales en las que la gente crea, comparte o intercambia informaci\u00f3n;<\/li>\n\n\n\n<li>fuentes de informaci\u00f3n disponibles p\u00fablicamente;<\/li>\n\n\n\n<li>clubes, asociaciones, proveedores de programas de fidelizaci\u00f3n de socios o de recompensas y otras organizaciones relevantes del sector;<\/li>\n\n\n\n<li>cualquier otra organizaci\u00f3n o persona a la que usted haya pedido que nos facilite sus datos personales o nos haya pedido que obtengamos datos personales de ella (por ejemplo, sus padres o el organizador de su grupo).<\/li>\n<\/ul>\n\n\n\n<h2 class=\"wp-block-heading\">DIVULGACI\u00d3N EN EL EXTRANJERO<\/h2>\n\n\n\n<p>Enviaremos su informaci\u00f3n personal al extranjero y recopilaremos informaci\u00f3n personal del extranjero. Algunos de los casos en los que lo haremos son:<\/p>\n\n\n\n<ul class=\"wp-block-list\">\n<li>cuando usted nos lo haya solicitado o contemos con su consentimiento;<\/li>\n\n\n\n<li>cuando una ley keniana o un tribunal o juzgado nos autorice o exija hacerlo;<\/li>\n\n\n\n<li>cuando hayamos subcontratado una actividad o funci\u00f3n empresarial a un proveedor de servicios extranjero; y<\/li>\n\n\n\n<li>determinadas transacciones electr\u00f3nicas.<\/li>\n<\/ul>\n\n\n\n<p>Revelaremos todo tipo de informaci\u00f3n personal en el extranjero, pero s\u00f3lo en la medida en que sea necesario para llevar a cabo nuestras funciones y servicios. Para llevar a cabo nuestras actividades y funciones comerciales, divulgaremos sus datos personales a terceros de varios pa\u00edses y los recabaremos de ellos.<\/p>\n\n\n\n<p>Guardamos sus datos personales en:<\/p>\n\n\n\n<p>Adoptaremos todas las medidas razonables para proteger sus datos personales contra usos indebidos, interferencias y p\u00e9rdidas, as\u00ed como contra el acceso, la modificaci\u00f3n o la divulgaci\u00f3n no autorizados. Las formas en que lo hacemos incluyen:<\/p>\n\n\n\n<ul class=\"wp-block-list\">\n<li>sistemas inform\u00e1ticos;<\/li>\n\n\n\n<li>bases de datos electr\u00f3nicas;<\/li>\n\n\n\n<li>registros digitales;<\/li>\n\n\n\n<li>grabaciones telef\u00f3nicas; y en archivos impresos o en papel.<\/li>\n<\/ul>\n\n\n\n<p>Estos mecanismos de almacenamiento pueden gestionarse de varias formas. Pueden ser gestionados o administrados internamente por una empresa de Suncrest travel and safaris travel y pueden mantenerse localmente o pueden ser gestionados por un proveedor de almacenamiento externo con el que Suncrest travel and safaris travel tenga una relaci\u00f3n contractual y ser gestionados localmente y\/o en el extranjero.<\/p>\n\n\n\n<ul class=\"wp-block-list\">\n<li>limitar el acceso f\u00edsico a nuestras instalaciones;<\/li>\n\n\n\n<li>restringir el acceso electr\u00f3nico y f\u00edsico a la informaci\u00f3n personal que conservamos;<\/li>\n\n\n\n<li>disponer de sistemas de reserva y copias de seguridad de la informaci\u00f3n para hacer frente a interrupciones importantes de la actividad;<\/li>\n\n\n\n<li>mantenimiento de productos tecnol\u00f3gicos de seguridad;<\/li>\n\n\n\n<li>exigir a terceros proveedores que adopten medidas de seguridad aceptables para proteger sus datos personales.<\/li>\n<\/ul>\n\n\n\n<p>Mantenemos la tecnolog\u00eda y los procedimientos est\u00e1ndar del sector con respecto a nuestra gesti\u00f3n de la informaci\u00f3n y la prestaci\u00f3n de servicios en l\u00ednea. Suncrest travel and safaris travel cuenta con un programa continuo de revisi\u00f3n y mejora de sus medidas de seguridad. Las revisiones y actualizaciones abordan cuestiones como pol\u00edticas, procesos y procedimientos de seguridad y gesti\u00f3n de la informaci\u00f3n, y revisiones tecnol\u00f3gicas como software, protecci\u00f3n antivirus y configuraci\u00f3n de cortafuegos. Los sistemas y la infraestructura de tecnolog\u00eda de la informaci\u00f3n de Suncrest travel and safaris travel son auditados peri\u00f3dicamente por expertos internos y externos.<\/p>\n\n\n\n<p>Las transmisiones por correo electr\u00f3nico a Suncrest travel and safaris travel, no son necesariamente seguras. Si tiene alguna duda sobre la seguridad del contenido de su correo electr\u00f3nico o de cualquier otra transacci\u00f3n a trav\u00e9s de Internet, deber\u00eda ponerse en contacto con nosotros por otros medios.<br>No obstante, Suncrest travel and safaris travel emplea s\u00f3lidas t\u00e9cnicas de encriptaci\u00f3n y el uso de cortafuegos similares a los de las instituciones financieras y los sistemas de transacciones por Internet a nivel mundial. Si realiza una transacci\u00f3n que implique el env\u00edo de informaci\u00f3n personal a trav\u00e9s de Internet a Suncrest travel and safaris travel utilizando uno de nuestros formularios en l\u00ednea, Suncrest travel and safaris travel emplea dicha tecnolog\u00eda de encriptaci\u00f3n. Una vez que Suncrest travel and safaris travel ha recibido su informaci\u00f3n personal, \u00e9sta se almacena y protege mediante una serie de controles de seguridad, incluidos cortafuegos, requisitos de identificaci\u00f3n de usuarios y registros de auditor\u00eda.<\/p>\n\n\n\n<p>Los empleados y representantes de Suncrest travel y safaris travel en sus obligaciones de privacidad,<br>aplica obligaciones de confidencialidad y proporciona a las personas autorizadas identificadores de usuario, contrase\u00f1as u otros c\u00f3digos de acceso para controlar el acceso a su informaci\u00f3n personal.<\/p>\n\n\n\n<h2 class=\"wp-block-heading\">NO CLIENTES<\/h2>\n\n\n\n<p>Puede que no sea cliente nuestro, pero puede interactuar con una de nuestras empresas. Puede interactuar con una de nuestras empresas utilizando nuestros sitios web transaccionales, participando en un concurso o comentando a trav\u00e9s de las redes sociales. Recopilaremos, utilizaremos y divulgaremos su informaci\u00f3n personal de acuerdo con esta Pol\u00edtica de Privacidad y cualquier Declaraci\u00f3n de Privacidad que pueda recibir cuando interact\u00fae con nosotros. Para m\u00e1s informaci\u00f3n sobre c\u00f3mo interactuar con nosotros a trav\u00e9s de Internet, consulte nuestras Condiciones en l\u00ednea en nuestros sitios web transaccionales.<\/p>\n\n\n\n<p>Confiamos en la exactitud de la informaci\u00f3n personal que tenemos sobre usted para ofrecerle nuestros productos y servicios. Tiene derecho a solicitarnos que corrijamos cualquier informaci\u00f3n personal inexacta, obsoleta, incompleta, irrelevante o enga\u00f1osa. Tomaremos las medidas que sean razonables en las circunstancias con respecto a la finalidad para la que se conserva su informaci\u00f3n personal para realizar una correcci\u00f3n. Podremos negarnos a corregir sus datos personales y justificaremos nuestra negativa por escrito. Si nos negamos a corregir su informaci\u00f3n personal, tiene derecho a asociar a la informaci\u00f3n una declaraci\u00f3n de que la informaci\u00f3n es inexacta, obsoleta, incompleta, irrelevante o enga\u00f1osa. Tomaremos las medidas que sean razonables dadas las circunstancias para asociar dicha declaraci\u00f3n a todos los registros que contengan la informaci\u00f3n pertinente. Puede ponerse en contacto con nosotros para solicitar la correcci\u00f3n de la informaci\u00f3n personal que tenemos sobre usted utilizando el contacto de acceso o correcci\u00f3n correspondiente en la Pol\u00edtica de privacidad de viajes y safaris de Suncrest.<\/p>\n\n\n\n<h2 class=\"wp-block-heading\"><strong>ELIMINACI\u00d3N DE NUESTRAS LISTAS DE MARKETING<\/strong><\/h2>\n\n\n\n<p>Si no desea recibir ofertas por correo electr\u00f3nico o correo postal de Suncrest travel and safaris travel, h\u00e1ganoslo saber envi\u00e1ndonos un mensaje de correo electr\u00f3nico o simplemente siga las instrucciones para darse de baja que se incluyen como parte de las ofertas por correo postal y electr\u00f3nico de Suncrest travel and safaris travel y su nombre se eliminar\u00e1 de la lista de correo.<\/p>","protected":false},"excerpt":{"rendered":"<p>Who we are Suncrest travel and safaris travel is committed to our client\u2019s privacy and security and to taking steps designed to secure your personal and financial information. We believe your private details should be kept just that and when you share personal information with us, we will make all reasonable endeavours to keep your [&hellip;]<\/p>","protected":false},"author":1,"featured_media":0,"parent":0,"menu_order":0,"comment_status":"closed","ping_status":"open","template":"","meta":{"om_disable_all_campaigns":false,"_monsterinsights_skip_tracking":false,"_monsterinsights_sitenote_active":false,"_monsterinsights_sitenote_note":"","_monsterinsights_sitenote_category":0,"footnotes":""},"class_list":["post-9367","page","type-page","status-publish","hentry"],"aioseo_notices":[],"_links":{"self":[{"href":"https:\/\/suncresttravelandsafaris.com\/es\/wp-json\/wp\/v2\/pages\/9367","targetHints":{"allow":["GET"]}}],"collection":[{"href":"https:\/\/suncresttravelandsafaris.com\/es\/wp-json\/wp\/v2\/pages"}],"about":[{"href":"https:\/\/suncresttravelandsafaris.com\/es\/wp-json\/wp\/v2\/types\/page"}],"author":[{"embeddable":true,"href":"https:\/\/suncresttravelandsafaris.com\/es\/wp-json\/wp\/v2\/users\/1"}],"replies":[{"embeddable":true,"href":"https:\/\/suncresttravelandsafaris.com\/es\/wp-json\/wp\/v2\/comments?post=9367"}],"version-history":[{"count":1,"href":"https:\/\/suncresttravelandsafaris.com\/es\/wp-json\/wp\/v2\/pages\/9367\/revisions"}],"predecessor-version":[{"id":11584,"href":"https:\/\/suncresttravelandsafaris.com\/es\/wp-json\/wp\/v2\/pages\/9367\/revisions\/11584"}],"wp:attachment":[{"href":"https:\/\/suncresttravelandsafaris.com\/es\/wp-json\/wp\/v2\/media?parent=9367"}],"curies":[{"name":"wp","href":"https:\/\/api.w.org\/{rel}","templated":true}]}}