{"id":12383,"date":"2025-09-15T22:01:35","date_gmt":"2025-09-15T22:01:35","guid":{"rendered":"https:\/\/suncresttravelandsafaris.com\/?post_type=product&#038;p=12383"},"modified":"2025-09-17T11:51:56","modified_gmt":"2025-09-17T11:51:56","slug":"discover-nairobi-rich-history","status":"publish","type":"product","link":"https:\/\/suncresttravelandsafaris.com\/es\/producto\/descubra-la-rica-historia-de-nairobi\/","title":{"rendered":"Descubra la rica historia de Nairobi"},"content":{"rendered":"<h2>Visi\u00f3n general<\/h2>\n<p>Explore Nairobi\u2019s rich history on a relaxed multi-day city tour that visits one major cultural site per day. This thoughtfully paced itinerary allows you to dive deep into Kenya\u2019s past and present\u2014from colonial-era railways and national archives to powerful memorials and the National Museum\u2014guided by an expert who brings local stories to life.<\/p>\n<h4>Lo m\u00e1s destacado<\/h4>\n<ul>\n<li>In-depth guided visits to five of Nairobi\u2019s top historical and cultural sites<\/li>\n<li>Expert local guide<\/li>\n<li>Comfortable transfers<\/li>\n<li>Opportunities for photography, museum shop visits, and light refreshments<\/li>\n<\/ul>\n<h4>Cargos a partir de:<\/h4>\n<p><span style=\"color: #ff0000;\"><b>Precios sujetos a cambios<\/b><\/span><\/p>\n<table style=\"width: 100%; border-collapse: collapse; font-size: 16px; text-align: center; min-width: 500px;\">\n<thead>\n<tr>\n<th style=\"border: 1px solid #ddd; padding: 12px; background: #299fc3; color: #fff; font-weight: bold;\"><\/th>\n<th style=\"border: 1px solid #ddd; padding: 12px; background: #299fc3; color: #fff; font-weight: bold;\">Temporada baja<br \/>\n(abril - mayo)<\/th>\n<th style=\"border: 1px solid #ddd; padding: 12px; background: #299fc3; color: #fff; font-weight: bold;\">Temporada alta<br \/>\n(Enero - Marzo,<br \/>\nnoviembre):<\/th>\n<th style=\"border: 1px solid #ddd; padding: 12px; background: #299fc3; color: #fff; font-weight: bold;\">Temporada alta<br \/>\n(Julio - Octubre,<br \/>\nD\u00edas festivos de diciembre)<\/th>\n<\/tr>\n<\/thead>\n<tbody>\n<tr>\n<td style=\"border: 1px solid #ddd; padding: 12px; background: #fff; color: #000;\">Presupuesto<\/td>\n<td style=\"border: 1px solid #ddd; padding: 12px; background: #fff; color: #000;\">1500<\/td>\n<td style=\"border: 1px solid #ddd; padding: 12px; background: #fff; color: #000;\">2000<\/td>\n<td style=\"border: 1px solid #ddd; padding: 12px; background: #fff; color: #000;\">3000<\/td>\n<\/tr>\n<tr>\n<td style=\"border: 1px solid #ddd; padding: 12px; background: #fff; color: #000;\">Gama media<\/td>\n<td style=\"border: 1px solid #ddd; padding: 12px; background: #fff; color: #000;\">2500<\/td>\n<td style=\"border: 1px solid #ddd; padding: 12px; background: #fff; color: #000;\">3000<\/td>\n<td style=\"border: 1px solid #ddd; padding: 12px; background: #fff; color: #000;\">4000<\/td>\n<\/tr>\n<tr>\n<td style=\"border: 1px solid #ddd; padding: 12px; background: #fff; color: #000;\">Lujo<\/td>\n<td style=\"border: 1px solid #ddd; padding: 12px; background: #fff; color: #000;\">3000<\/td>\n<td style=\"border: 1px solid #ddd; padding: 12px; background: #fff; color: #000;\">3500<\/td>\n<td style=\"border: 1px solid #ddd; padding: 12px; background: #fff; color: #000;\">4500<\/td>\n<\/tr>\n<\/tbody>\n<\/table>","protected":false},"excerpt":{"rendered":"<p>Un recorrido de 5 d\u00edas por el patrimonio de Nairobi, con un d\u00eda completo en cada uno de los principales lugares: Museo del Ferrocarril de Kenia, Archivos Nacionales de Kenia y Galer\u00eda Murumbi, Parque Conmemorativo de la Explosi\u00f3n de Bombas, Museo Nacional, y un relajado d\u00eda de orientaci\u00f3n por la ciudad.<\/p>","protected":false},"featured_media":12384,"comment_status":"open","ping_status":"closed","template":"","meta":{"om_disable_all_campaigns":false,"_monsterinsights_skip_tracking":false,"_monsterinsights_sitenote_active":false,"_monsterinsights_sitenote_note":"","_monsterinsights_sitenote_category":0},"product_brand":[],"product_cat":[49],"product_tag":[],"class_list":{"0":"post-12383","1":"product","2":"type-product","3":"status-publish","4":"has-post-thumbnail","6":"brw_tour_types-city_tour","7":"product_cat-city_tour","9":"first","10":"instock","11":"shipping-taxable","12":"purchasable","13":"product-type-ovabrw_car_rental"},"aioseo_notices":[],"_links":{"self":[{"href":"https:\/\/suncresttravelandsafaris.com\/es\/wp-json\/wp\/v2\/product\/12383","targetHints":{"allow":["GET"]}}],"collection":[{"href":"https:\/\/suncresttravelandsafaris.com\/es\/wp-json\/wp\/v2\/product"}],"about":[{"href":"https:\/\/suncresttravelandsafaris.com\/es\/wp-json\/wp\/v2\/types\/product"}],"replies":[{"embeddable":true,"href":"https:\/\/suncresttravelandsafaris.com\/es\/wp-json\/wp\/v2\/comments?post=12383"}],"wp:featuredmedia":[{"embeddable":true,"href":"https:\/\/suncresttravelandsafaris.com\/es\/wp-json\/wp\/v2\/media\/12384"}],"wp:attachment":[{"href":"https:\/\/suncresttravelandsafaris.com\/es\/wp-json\/wp\/v2\/media?parent=12383"}],"wp:term":[{"taxonomy":"product_brand","embeddable":true,"href":"https:\/\/suncresttravelandsafaris.com\/es\/wp-json\/wp\/v2\/product_brand?post=12383"},{"taxonomy":"product_cat","embeddable":true,"href":"https:\/\/suncresttravelandsafaris.com\/es\/wp-json\/wp\/v2\/product_cat?post=12383"},{"taxonomy":"product_tag","embeddable":true,"href":"https:\/\/suncresttravelandsafaris.com\/es\/wp-json\/wp\/v2\/product_tag?post=12383"}],"curies":[{"name":"wp","href":"https:\/\/api.w.org\/{rel}","templated":true}]}}