{"id":12422,"date":"2025-09-16T07:38:24","date_gmt":"2025-09-16T07:38:24","guid":{"rendered":"https:\/\/suncresttravelandsafaris.com\/?post_type=product&#038;p=12422"},"modified":"2025-09-16T14:35:09","modified_gmt":"2025-09-16T14:35:09","slug":"8-day-magical-kenya-safari-adventure","status":"publish","type":"product","link":"https:\/\/suncresttravelandsafaris.com\/es\/producto\/safari-magico-de-8-dias-en-kenia\/","title":{"rendered":"Safari m\u00e1gico de 8 d\u00edas por Kenia"},"content":{"rendered":"<h2>Visi\u00f3n general<\/h2>\n<p>Este safari por la sabana y la playa combina emocionantes aventuras en el Maasai Mara con un relajante retiro costero en Diani. Pase los primeros d\u00edas explorando la sabana con safaris y experiencias culturales opcionales, y despu\u00e9s rel\u00e1jese en playas v\u00edrgenes con actividades de ocio, tratamientos de spa y brisa marina. Es el equilibrio perfecto entre la emoci\u00f3n del safari y la relajaci\u00f3n junto al mar.<\/p>\n<h4>Lo m\u00e1s destacado<\/h4>\n<ul>\n<li>Vida salvaje en The Ark, Aberdares\n<p>&nbsp;<\/li>\n<li>Animales \u00fanicos en Samburu\n<p>&nbsp;<\/li>\n<li>Chimpanc\u00e9s y rinocerontes en Ol Pejeta\n<p>&nbsp;<\/li>\n<li>Flamencos y rinocerontes en el lago Nakuru\n<p>&nbsp;<\/li>\n<li>Los Cinco Grandes en Maasai Mara\n<p>&nbsp;<\/li>\n<li>Safari por la ma\u00f1ana y por la tarde<\/li>\n<\/ul>\n<h4>Cargos a partir de:<\/h4>\n<p><span style=\"color: #ff0000;\"><b>Precios sujetos a cambios<\/b><\/span><\/p>\n<table style=\"width: 100%; border-collapse: collapse; font-size: 16px; text-align: center; min-width: 500px;\">\n<thead>\n<tr>\n<th style=\"border: 1px solid #ddd; padding: 12px; background: #299fc3; color: #fff; font-weight: bold;\"><\/th>\n<th style=\"border: 1px solid #ddd; padding: 12px; background: #299fc3; color: #fff; font-weight: bold;\">Temporada baja<br \/>\n(abril - mayo)<\/th>\n<th style=\"border: 1px solid #ddd; padding: 12px; background: #299fc3; color: #fff; font-weight: bold;\">Temporada alta<br \/>\n(Enero - Marzo,<br \/>\nnoviembre):<\/th>\n<th style=\"border: 1px solid #ddd; padding: 12px; background: #299fc3; color: #fff; font-weight: bold;\">Temporada alta<br \/>\n(Julio - Octubre,<br \/>\nD\u00edas festivos de diciembre)<\/th>\n<\/tr>\n<\/thead>\n<tbody>\n<tr>\n<td style=\"border: 1px solid #ddd; padding: 12px; background: #fff; color: #000;\">Presupuesto<\/td>\n<td style=\"border: 1px solid #ddd; padding: 12px; background: #fff; color: #000;\">1500<\/td>\n<td style=\"border: 1px solid #ddd; padding: 12px; background: #fff; color: #000;\">2000<\/td>\n<td style=\"border: 1px solid #ddd; padding: 12px; background: #fff; color: #000;\">3000<\/td>\n<\/tr>\n<tr>\n<td style=\"border: 1px solid #ddd; padding: 12px; background: #fff; color: #000;\">Gama media<\/td>\n<td style=\"border: 1px solid #ddd; padding: 12px; background: #fff; color: #000;\">2500<\/td>\n<td style=\"border: 1px solid #ddd; padding: 12px; background: #fff; color: #000;\">3000<\/td>\n<td style=\"border: 1px solid #ddd; padding: 12px; background: #fff; color: #000;\">4000<\/td>\n<\/tr>\n<tr>\n<td style=\"border: 1px solid #ddd; padding: 12px; background: #fff; color: #000;\">Lujo<\/td>\n<td style=\"border: 1px solid #ddd; padding: 12px; background: #fff; color: #000;\">3000<\/td>\n<td style=\"border: 1px solid #ddd; padding: 12px; background: #fff; color: #000;\">3500<\/td>\n<td style=\"border: 1px solid #ddd; padding: 12px; background: #fff; color: #000;\">4500<\/td>\n<\/tr>\n<\/tbody>\n<\/table>","protected":false},"excerpt":{"rendered":"<p>Un safari inolvidable de 8 d\u00edas por los mejores parques de Kenia, desde la experiencia en un lodge en los \u00e1rboles de Aberdares hasta la rara fauna salvaje de Samburu, los rinocerontes de Ol Pejeta, los flamencos del lago Nakuru y el mundialmente famoso Maasai Mara.<\/p>","protected":false},"featured_media":12424,"comment_status":"open","ping_status":"closed","template":"","meta":{"om_disable_all_campaigns":false,"_monsterinsights_skip_tracking":false,"_monsterinsights_sitenote_active":false,"_monsterinsights_sitenote_note":"","_monsterinsights_sitenote_category":0},"product_brand":[],"product_cat":[279],"product_tag":[],"class_list":{"0":"post-12422","1":"product","2":"type-product","3":"status-publish","4":"has-post-thumbnail","6":"product_cat-featured","8":"first","9":"instock","10":"featured","11":"shipping-taxable","12":"purchasable","13":"product-type-ovabrw_car_rental"},"aioseo_notices":[],"_links":{"self":[{"href":"https:\/\/suncresttravelandsafaris.com\/es\/wp-json\/wp\/v2\/product\/12422","targetHints":{"allow":["GET"]}}],"collection":[{"href":"https:\/\/suncresttravelandsafaris.com\/es\/wp-json\/wp\/v2\/product"}],"about":[{"href":"https:\/\/suncresttravelandsafaris.com\/es\/wp-json\/wp\/v2\/types\/product"}],"replies":[{"embeddable":true,"href":"https:\/\/suncresttravelandsafaris.com\/es\/wp-json\/wp\/v2\/comments?post=12422"}],"wp:featuredmedia":[{"embeddable":true,"href":"https:\/\/suncresttravelandsafaris.com\/es\/wp-json\/wp\/v2\/media\/12424"}],"wp:attachment":[{"href":"https:\/\/suncresttravelandsafaris.com\/es\/wp-json\/wp\/v2\/media?parent=12422"}],"wp:term":[{"taxonomy":"product_brand","embeddable":true,"href":"https:\/\/suncresttravelandsafaris.com\/es\/wp-json\/wp\/v2\/product_brand?post=12422"},{"taxonomy":"product_cat","embeddable":true,"href":"https:\/\/suncresttravelandsafaris.com\/es\/wp-json\/wp\/v2\/product_cat?post=12422"},{"taxonomy":"product_tag","embeddable":true,"href":"https:\/\/suncresttravelandsafaris.com\/es\/wp-json\/wp\/v2\/product_tag?post=12422"}],"curies":[{"name":"wp","href":"https:\/\/api.w.org\/{rel}","templated":true}]}}