{"id":12669,"date":"2025-09-17T15:02:11","date_gmt":"2025-09-17T15:02:11","guid":{"rendered":"https:\/\/suncresttravelandsafaris.com\/?post_type=product&#038;p=12669"},"modified":"2025-09-17T15:14:07","modified_gmt":"2025-09-17T15:14:07","slug":"cliff-house-naivasha-2-bedroom","status":"publish","type":"product","link":"https:\/\/suncresttravelandsafaris.com\/fr\/produit\/cliff-house-naivasha-2-bedroom\/","title":{"rendered":"Cliff House Naivasha (2 chambres)"},"content":{"rendered":"<p>Perch\u00e9 au-dessus des rives pittoresques du lac Naivasha, Cliff House offre une escapade tranquille de deux chambres \u00e0 coucher avec des vues \u00e0 couper le souffle, le confort moderne et une touche de charme rustique. Il est parfait pour les petites familles, les couples ou les amis \u00e0 la recherche d'une escapade tranquille dans la nature.<\/p>\n<ul>\n<li>Maison confortable de 2 chambres avec vue sur le lac Naivasha.\n<p>&nbsp;<\/li>\n<li>Espace de vie spacieux avec vue panoramique.\n<p>&nbsp;<\/li>\n<li>Jardin priv\u00e9 et si\u00e8ges ext\u00e9rieurs pour se d\u00e9tendre.\n<p>&nbsp;<\/li>\n<li>Possibilit\u00e9 de faire appel \u00e0 un chef cuisinier ou d'opter pour l'autogestion.\n<p>&nbsp;<\/li>\n<li>Pr\u00e8s de Crescent Island, Hell's Gate et d'autres attractions.<\/li>\n<\/ul>\n<h4>Frais \u00e0 partir de :<\/h4>\n<p>Maison de 6 chambres : $200\/nuit<br \/>\n<span style=\"color: red; font-weight: bold;\">Les prix sont susceptibles d'\u00eatre modifi\u00e9s<\/span><\/p>","protected":false},"excerpt":{"rendered":"<p>Cliff House Naivasha, un refuge de deux chambres avec vue sur le lac, jardins et acc\u00e8s aux attractions de Naivasha. Parfait pour les couples, les familles et les amis.<\/p>","protected":false},"featured_media":12677,"comment_status":"closed","ping_status":"closed","template":"","meta":{"om_disable_all_campaigns":false,"_monsterinsights_skip_tracking":false,"_monsterinsights_sitenote_active":false,"_monsterinsights_sitenote_note":"","_monsterinsights_sitenote_category":0},"product_brand":[],"product_cat":[275],"product_tag":[],"class_list":{"0":"post-12669","1":"product","2":"type-product","3":"status-publish","4":"has-post-thumbnail","6":"product_cat-holiday_home_getaways","8":"first","9":"instock","10":"virtual","11":"sold-individually","12":"purchasable","13":"product-type-booking"},"aioseo_notices":[],"_links":{"self":[{"href":"https:\/\/suncresttravelandsafaris.com\/fr\/wp-json\/wp\/v2\/product\/12669","targetHints":{"allow":["GET"]}}],"collection":[{"href":"https:\/\/suncresttravelandsafaris.com\/fr\/wp-json\/wp\/v2\/product"}],"about":[{"href":"https:\/\/suncresttravelandsafaris.com\/fr\/wp-json\/wp\/v2\/types\/product"}],"replies":[{"embeddable":true,"href":"https:\/\/suncresttravelandsafaris.com\/fr\/wp-json\/wp\/v2\/comments?post=12669"}],"wp:featuredmedia":[{"embeddable":true,"href":"https:\/\/suncresttravelandsafaris.com\/fr\/wp-json\/wp\/v2\/media\/12677"}],"wp:attachment":[{"href":"https:\/\/suncresttravelandsafaris.com\/fr\/wp-json\/wp\/v2\/media?parent=12669"}],"wp:term":[{"taxonomy":"product_brand","embeddable":true,"href":"https:\/\/suncresttravelandsafaris.com\/fr\/wp-json\/wp\/v2\/product_brand?post=12669"},{"taxonomy":"product_cat","embeddable":true,"href":"https:\/\/suncresttravelandsafaris.com\/fr\/wp-json\/wp\/v2\/product_cat?post=12669"},{"taxonomy":"product_tag","embeddable":true,"href":"https:\/\/suncresttravelandsafaris.com\/fr\/wp-json\/wp\/v2\/product_tag?post=12669"}],"curies":[{"name":"wp","href":"https:\/\/api.w.org\/{rel}","templated":true}]}}