{"id":11746,"date":"2025-09-02T21:23:25","date_gmt":"2025-09-02T21:23:25","guid":{"rendered":"https:\/\/suncresttravelandsafaris.com\/?page_id=11746"},"modified":"2025-09-11T17:04:26","modified_gmt":"2025-09-11T17:04:26","slug":"seasons","status":"publish","type":"page","link":"https:\/\/suncresttravelandsafaris.com\/nb\/arstider\/","title":{"rendered":"\u00c5rstider"},"content":{"rendered":"<div data-elementor-type=\"wp-page\" data-elementor-id=\"11746\" class=\"elementor elementor-11746\" data-elementor-post-type=\"page\">\n\t\t\t\t<div class=\"elementor-element elementor-element-bac7399 e-con-full e-flex e-con e-parent\" data-id=\"bac7399\" data-element_type=\"container\">\n\t\t\t\t<div class=\"elementor-element elementor-element-553148c elementor-widget elementor-widget-heading\" data-id=\"553148c\" data-element_type=\"widget\" data-widget_type=\"heading.default\">\n\t\t\t\t\t<h2 class=\"elementor-heading-title elementor-size-default\">Reisesesonger i \u00d8st-Afrika<\/h2>\t\t\t\t<\/div>\n\t\t\t\t<div class=\"elementor-element elementor-element-d1d64ba elementor-widget elementor-widget-n-accordion\" data-id=\"d1d64ba\" data-element_type=\"widget\" data-settings=\"{&quot;default_state&quot;:&quot;expanded&quot;,&quot;max_items_expended&quot;:&quot;one&quot;,&quot;n_accordion_animation_duration&quot;:{&quot;unit&quot;:&quot;ms&quot;,&quot;size&quot;:400,&quot;sizes&quot;:[]}}\" data-widget_type=\"nested-accordion.default\">\n\t\t\t\t\t\t\t<div class=\"e-n-accordion\" aria-label=\"Trekkspill. \u00c5pne lenker med Enter eller Space, lukk med Escape, og naviger med piltastene\">\n\t\t\t\t\t\t<details id=\"e-n-accordion-item-2200\" class=\"e-n-accordion-item\" open>\n\t\t\t\t<summary class=\"e-n-accordion-item-title\" data-accordion-index=\"1\" tabindex=\"0\" aria-expanded=\"true\" aria-controls=\"e-n-accordion-item-2200\" >\n\t\t\t\t\t<span class='e-n-accordion-item-title-header'><div class=\"e-n-accordion-item-title-text\"> Kenya <\/div><\/span>\n\t\t\t\t\t\t\t<span class='e-n-accordion-item-title-icon'>\n\t\t\t<span class='e-opened' ><svg aria-hidden=\"true\" class=\"e-font-icon-svg e-fas-minus\" viewbox=\"0 0 448 512\" xmlns=\"http:\/\/www.w3.org\/2000\/svg\"><path d=\"M416 208H32c-17.67 0-32 14.33-32 32v32c0 17.67 14.33 32 32 32h384c17.67 0 32-14.33 32-32v-32c0-17.67-14.33-32-32-32z\"><\/path><\/svg><\/span>\n\t\t\t<span class='e-closed'><svg aria-hidden=\"true\" class=\"e-font-icon-svg e-fas-plus\" viewbox=\"0 0 448 512\" xmlns=\"http:\/\/www.w3.org\/2000\/svg\"><path d=\"M416 208H272V64c0-17.67-14.33-32-32-32h-32c-17.67 0-32 14.33-32 32v144H32c-17.67 0-32 14.33-32 32v32c0 17.67 14.33 32 32 32h144v144c0 17.67 14.33 32 32 32h32c17.67 0 32-14.33 32-32V304h144c17.67 0 32-14.33 32-32v-32c0-17.67-14.33-32-32-32z\"><\/path><\/svg><\/span>\n\t\t<\/span>\n\n\t\t\t\t\t\t<\/summary>\n\t\t\t\t<div role=\"region\" aria-labelledby=\"e-n-accordion-item-2200\" class=\"elementor-element elementor-element-7ea4842 e-con-full e-flex e-con e-child\" data-id=\"7ea4842\" data-element_type=\"container\">\n\t\t\t\t<div class=\"elementor-element elementor-element-43f88c3 elementor-widget elementor-widget-text-editor\" data-id=\"43f88c3\" data-element_type=\"widget\" data-widget_type=\"text-editor.default\">\n\t\t\t\t\t\t\t\t\t<p><span style=\"font-size: 14pt;\"><strong>\u00a0<\/strong><\/span><\/p><p><span style=\"font-size: 14pt;\"><strong>Lavsesong (april-mai):<\/strong><\/span><br \/><span style=\"font-size: 14pt;\">Dette er Kenyas lange regntid. Noen avsidesliggende hytter stenger p\u00e5 grunn av ufremkommelige veier, men landskapet er vakkert gr\u00f8nt. Det er fortsatt mulig \u00e5 se p\u00e5 vilt i parker som Maasai Mara, Amboseli og Samburu, selv om dyrelivet er litt spredt. Prisene synker betraktelig, noe som gj\u00f8r det til en god pris for reisende utenfor h\u00f8ysesongen.<\/span><br \/><span style=\"font-size: 14pt;\">P\u00e5 kysten (Mombasa, Diani, Watamu, Lamu) kan regnbyger forstyrre strandoppholdet, men de som ikke har noe imot sporadiske byger, kan nyte godt av rabatterte opphold og f\u00e6rre turister.<\/span><\/p><p><span style=\"font-size: 14pt;\">\u00a0<\/span><\/p><p><span style=\"font-size: 14pt;\"><strong>H\u00f8ysesong (januar - mars, november):<\/strong><\/span><br \/><span style=\"font-size: 14pt;\">Utmerket safariv\u00e6r i bushen: t\u00f8rt, solrikt og god sikt for dyrelivet. Kalvingssesongen i Amboseli og andre omr\u00e5der byr p\u00e5 en fantastisk kamp mellom rovdyr og byttedyr.<\/span><br \/><span style=\"font-size: 14pt;\">Kysten er varm og livlig, perfekt for strandferier, snorkling og dykking, spesielt etter et kort regnv\u00e6r i november.<\/span><\/p><p><span style=\"font-size: 14pt;\">\u00a0<\/span><\/p><p><span style=\"font-size: 14pt;\"><strong>H\u00f8ysesong (juli - oktober, desemberferie):<\/strong><\/span><br \/><span style=\"font-size: 14pt;\">Dette er den mest popul\u00e6re tiden for safari p\u00e5 grunn av den store gnu-migrasjonen i Maasai Mara. Safariturene er spennende, og v\u00e6ret er ideelt - kj\u00f8lig, t\u00f8rt og klart.<\/span><br \/><span style=\"font-size: 14pt;\">Det er livlig p\u00e5 kysten av Kenya i skoleferien og under festlighetene i desember. Jul og nytt\u00e5r er fullbookede m\u00e5neder p\u00e5 b\u00e5de bush- og stranddestinasjoner, s\u00e5 det er viktig \u00e5 v\u00e6re tidlig ute med planleggingen.<\/span><\/p>\t\t\t\t\t\t\t\t<\/div>\n\t\t\t\t<\/div>\n\t\t\t\t\t<\/details>\n\t\t\t\t\t\t<details id=\"e-n-accordion-item-2201\" class=\"e-n-accordion-item\" >\n\t\t\t\t<summary class=\"e-n-accordion-item-title\" data-accordion-index=\"2\" tabindex=\"-1\" aria-expanded=\"false\" aria-controls=\"e-n-accordion-item-2201\" >\n\t\t\t\t\t<span class='e-n-accordion-item-title-header'><div class=\"e-n-accordion-item-title-text\"> Uganda <\/div><\/span>\n\t\t\t\t\t\t\t<span class='e-n-accordion-item-title-icon'>\n\t\t\t<span class='e-opened' ><svg aria-hidden=\"true\" class=\"e-font-icon-svg e-fas-minus\" viewbox=\"0 0 448 512\" xmlns=\"http:\/\/www.w3.org\/2000\/svg\"><path d=\"M416 208H32c-17.67 0-32 14.33-32 32v32c0 17.67 14.33 32 32 32h384c17.67 0 32-14.33 32-32v-32c0-17.67-14.33-32-32-32z\"><\/path><\/svg><\/span>\n\t\t\t<span class='e-closed'><svg aria-hidden=\"true\" class=\"e-font-icon-svg e-fas-plus\" viewbox=\"0 0 448 512\" xmlns=\"http:\/\/www.w3.org\/2000\/svg\"><path d=\"M416 208H272V64c0-17.67-14.33-32-32-32h-32c-17.67 0-32 14.33-32 32v144H32c-17.67 0-32 14.33-32 32v32c0 17.67 14.33 32 32 32h144v144c0 17.67 14.33 32 32 32h32c17.67 0 32-14.33 32-32V304h144c17.67 0 32-14.33 32-32v-32c0-17.67-14.33-32-32-32z\"><\/path><\/svg><\/span>\n\t\t<\/span>\n\n\t\t\t\t\t\t<\/summary>\n\t\t\t\t<div role=\"region\" aria-labelledby=\"e-n-accordion-item-2201\" class=\"elementor-element elementor-element-c9d1d2c e-con-full e-flex e-con e-child\" data-id=\"c9d1d2c\" data-element_type=\"container\">\n\t\t\t\t<div class=\"elementor-element elementor-element-7eaf5f9 elementor-widget elementor-widget-text-editor\" data-id=\"7eaf5f9\" data-element_type=\"widget\" data-widget_type=\"text-editor.default\">\n\t\t\t\t\t\t\t\t\t<p><span style=\"font-size: 14pt;\"><strong>\u00a0<\/strong><\/span><\/p>\n<p><span style=\"font-size: 14pt;\"><strong>Lavsesong (mars - mai, oktober - november):<\/strong><\/span><br \/><span style=\"font-size: 14pt;\">Kraftig regn gj\u00f8r skogsstiene gj\u00f8rmete og gorilla-\/chimpansetrekking mer utfordrende. Men det koster ofte mindre \u00e5 f\u00e5 tillatelse til gorillatrekking. Safarihytter og -parker er roligere og rimeligere.<\/span><br \/><span style=\"font-size: 14pt;\">Uganda er en innlandsstat, s\u00e5 her er det ingen strandturisme, men tilfluktssteder ved innsj\u00f8en Victoriasj\u00f8en eller Ssese\u00f8yene er et fredelig alternativ.<\/span><\/p>\n<p><span style=\"font-size: 14pt;\"><strong>\u00a0<\/strong><\/span><\/p>\n<p><span style=\"font-size: 14pt;\"><strong>H\u00f8ysesong (desember - februar):<\/strong><\/span><br \/><span style=\"font-size: 14pt;\">Denne t\u00f8rre \u00e5rstiden gir bedre forhold for fotturer og trekking i Bwindi Impenetrable Forest og Kibale Forest. I savanneparker som Queen Elizabeth og Murchison Falls er det gode muligheter for \u00e5 se dyrelivet, og naturen er frodig, men tilgjengelig.<\/span><\/p>\n<p><span style=\"font-size: 14pt;\"><strong>\u00a0<\/strong><\/span><\/p>\n<p><span style=\"font-size: 14pt;\"><strong>H\u00f8ysesong (juni - september):<\/strong><\/span><br \/><span style=\"font-size: 14pt;\">Ideell tid for gorilla- og sjimpansetrekking. Lodger og tillatelser blir booket m\u00e5neder i forveien. Piratjaktene er produktive, og dyrene samler seg rundt vannkilder. Forvent h\u00f8yere priser og travle parker.<\/span><\/p>\t\t\t\t\t\t\t\t<\/div>\n\t\t\t\t<\/div>\n\t\t\t\t\t<\/details>\n\t\t\t\t\t\t<details id=\"e-n-accordion-item-2202\" class=\"e-n-accordion-item\" >\n\t\t\t\t<summary class=\"e-n-accordion-item-title\" data-accordion-index=\"3\" tabindex=\"-1\" aria-expanded=\"false\" aria-controls=\"e-n-accordion-item-2202\" >\n\t\t\t\t\t<span class='e-n-accordion-item-title-header'><div class=\"e-n-accordion-item-title-text\"> Tanzania <\/div><\/span>\n\t\t\t\t\t\t\t<span class='e-n-accordion-item-title-icon'>\n\t\t\t<span class='e-opened' ><svg aria-hidden=\"true\" class=\"e-font-icon-svg e-fas-minus\" viewbox=\"0 0 448 512\" xmlns=\"http:\/\/www.w3.org\/2000\/svg\"><path d=\"M416 208H32c-17.67 0-32 14.33-32 32v32c0 17.67 14.33 32 32 32h384c17.67 0 32-14.33 32-32v-32c0-17.67-14.33-32-32-32z\"><\/path><\/svg><\/span>\n\t\t\t<span class='e-closed'><svg aria-hidden=\"true\" class=\"e-font-icon-svg e-fas-plus\" viewbox=\"0 0 448 512\" xmlns=\"http:\/\/www.w3.org\/2000\/svg\"><path d=\"M416 208H272V64c0-17.67-14.33-32-32-32h-32c-17.67 0-32 14.33-32 32v144H32c-17.67 0-32 14.33-32 32v32c0 17.67 14.33 32 32 32h144v144c0 17.67 14.33 32 32 32h32c17.67 0 32-14.33 32-32V304h144c17.67 0 32-14.33 32-32v-32c0-17.67-14.33-32-32-32z\"><\/path><\/svg><\/span>\n\t\t<\/span>\n\n\t\t\t\t\t\t<\/summary>\n\t\t\t\t<div role=\"region\" aria-labelledby=\"e-n-accordion-item-2202\" class=\"elementor-element elementor-element-512425c e-con-full e-flex e-con e-child\" data-id=\"512425c\" data-element_type=\"container\">\n\t\t\t\t<div class=\"elementor-element elementor-element-3fd00db elementor-widget elementor-widget-text-editor\" data-id=\"3fd00db\" data-element_type=\"widget\" data-widget_type=\"text-editor.default\">\n\t\t\t\t\t\t\t\t\t<p><span style=\"font-size: 14pt;\"><strong>\u00a0<\/strong><\/span><\/p>\n<p><span style=\"font-size: 14pt;\"><strong>Lavsesong (april-mai):<\/strong><\/span><br \/><span style=\"font-size: 14pt;\">Langvarig regn p\u00e5virker tilgangen i avsidesliggende safariparker, men dette er den mest budsjettvennlige tiden. Landskapet er fantastisk gr\u00f8nt. Selous, Ruaha og noen lodger i Northern Circuit kan stenge midlertidig.<\/span><br \/><span style=\"font-size: 14pt;\">Zanzibar og fastlandsstrendene opplever kraftig regnv\u00e6r, noe som kan p\u00e5virke dykking, utflukter og avslapning p\u00e5 stranden.<\/span><\/p>\n<p><span style=\"font-size: 14pt;\">\u00a0<\/span><\/p>\n<p><span style=\"font-size: 14pt;\"><strong>H\u00f8ysesong (januar - mars, november - midten av desember):<\/strong><\/span><br \/><span style=\"font-size: 14pt;\">Det er gode muligheter for \u00e5 se p\u00e5 dyrelivet, spesielt i kalvingssesongen i det s\u00f8rlige Serengeti (februar). Ngorongoro-krateret og Tarangire er tilgjengelige og produktive.<\/span><br \/><span style=\"font-size: 14pt;\">Zanzibar og Tanzanias kyst er varm og solrik, perfekt for strandferier, med ideelle forhold for snorkling og dykking.<\/span><\/p>\n<p><span style=\"font-size: 14pt;\">\u00a0<\/span><\/p>\n<p><span style=\"font-size: 14pt;\"><strong>H\u00f8ysesong (juni - oktober, desemberferie):<\/strong><\/span><br \/><span style=\"font-size: 14pt;\">Den nordlige safariruten (Serengeti, Ngorongoro, Tarangire, Lake Manyara) er p\u00e5 sitt beste. Denne perioden overlapper med gnu-vandringen og t\u00f8rketiden, og da er det lett \u00e5 f\u00e5 \u00f8ye p\u00e5 dyrene.<\/span><br \/><span style=\"font-size: 14pt;\">Zanzibar er p\u00e5 sitt beste - klar himmel, rolig vann og et pulserende strandliv. Det er spesielt travelt i de festlige ukene i desember.<\/span><\/p>\t\t\t\t\t\t\t\t<\/div>\n\t\t\t\t<\/div>\n\t\t\t\t\t<\/details>\n\t\t\t\t\t\t<details id=\"e-n-accordion-item-2203\" class=\"e-n-accordion-item\" >\n\t\t\t\t<summary class=\"e-n-accordion-item-title\" data-accordion-index=\"4\" tabindex=\"-1\" aria-expanded=\"false\" aria-controls=\"e-n-accordion-item-2203\" >\n\t\t\t\t\t<span class='e-n-accordion-item-title-header'><div class=\"e-n-accordion-item-title-text\">  Zanzibar  <\/div><\/span>\n\t\t\t\t\t\t\t<span class='e-n-accordion-item-title-icon'>\n\t\t\t<span class='e-opened' ><svg aria-hidden=\"true\" class=\"e-font-icon-svg e-fas-minus\" viewbox=\"0 0 448 512\" xmlns=\"http:\/\/www.w3.org\/2000\/svg\"><path d=\"M416 208H32c-17.67 0-32 14.33-32 32v32c0 17.67 14.33 32 32 32h384c17.67 0 32-14.33 32-32v-32c0-17.67-14.33-32-32-32z\"><\/path><\/svg><\/span>\n\t\t\t<span class='e-closed'><svg aria-hidden=\"true\" class=\"e-font-icon-svg e-fas-plus\" viewbox=\"0 0 448 512\" xmlns=\"http:\/\/www.w3.org\/2000\/svg\"><path d=\"M416 208H272V64c0-17.67-14.33-32-32-32h-32c-17.67 0-32 14.33-32 32v144H32c-17.67 0-32 14.33-32 32v32c0 17.67 14.33 32 32 32h144v144c0 17.67 14.33 32 32 32h32c17.67 0 32-14.33 32-32V304h144c17.67 0 32-14.33 32-32v-32c0-17.67-14.33-32-32-32z\"><\/path><\/svg><\/span>\n\t\t<\/span>\n\n\t\t\t\t\t\t<\/summary>\n\t\t\t\t<div role=\"region\" aria-labelledby=\"e-n-accordion-item-2203\" class=\"elementor-element elementor-element-bacaad3 e-flex e-con-boxed e-con e-child\" data-id=\"bacaad3\" data-element_type=\"container\">\n\t\t\t\t\t<div class=\"e-con-inner\">\n\t\t\t\t<div class=\"elementor-element elementor-element-60eaa70 elementor-widget elementor-widget-text-editor\" data-id=\"60eaa70\" data-element_type=\"widget\" data-widget_type=\"text-editor.default\">\n\t\t\t\t\t\t\t\t\t<p><span style=\"font-size: 14pt;\"><strong>\u00a0<\/strong><\/span><\/p>\n<p><span style=\"font-size: 14pt;\"><strong>Lavsesong (april-mai):<\/strong><\/span><br \/><span style=\"font-size: 14pt;\">Dette er regntiden. Mange strandhoteller stenger midlertidig eller tilbyr kraftige rabatter. Det kan samle seg tang p\u00e5 strendene, noe som kan p\u00e5virke utseendet. Ideell for reisende som \u00f8nsker \u00e5 slappe av med minimalt med mennesker og som t\u00e5ler korte regnperioder.<\/span><\/p>\n<p><span style=\"font-size: 14pt;\">\u00a0<\/span><\/p>\n<p><span style=\"font-size: 14pt;\"><strong>H\u00f8ysesong (november - midten av desember, mars):<\/strong><\/span><br \/><span style=\"font-size: 14pt;\">Varme temperaturer og f\u00e6rre turister gj\u00f8r dette til en behagelig tid for en strandferie. Sikten for dykking og snorkling er utmerket. Flott tidspunkt \u00e5 kombinere med en kort safari i Nord-Tanzania.<\/span><\/p>\n<p><span style=\"font-size: 14pt;\">\u00a0<\/span><\/p>\n<p><span style=\"font-size: 14pt;\"><strong>H\u00f8ysesong (juni - oktober, desemberferie):<\/strong><\/span><\/p>\n<p><span style=\"font-size: 14pt;\">Dette er den t\u00f8rre sesongen, perfekt for soling, seiling og dykking. Feriestedene er fullbooket i juli-august og i slutten av desember, s\u00e5 det er viktig \u00e5 v\u00e6re tidlig ute med planleggingen. Popul\u00e6r for bryllupsreisende og avslapning etter safari.<\/span><\/p>\t\t\t\t\t\t\t\t<\/div>\n\t\t\t\t\t<\/div>\n\t\t\t\t<\/div>\n\t\t\t\t\t<\/details>\n\t\t\t\t\t\t<details id=\"e-n-accordion-item-2204\" class=\"e-n-accordion-item\" >\n\t\t\t\t<summary class=\"e-n-accordion-item-title\" data-accordion-index=\"5\" tabindex=\"-1\" aria-expanded=\"false\" aria-controls=\"e-n-accordion-item-2204\" >\n\t\t\t\t\t<span class='e-n-accordion-item-title-header'><div class=\"e-n-accordion-item-title-text\"> Seychellene <\/div><\/span>\n\t\t\t\t\t\t\t<span class='e-n-accordion-item-title-icon'>\n\t\t\t<span class='e-opened' ><svg aria-hidden=\"true\" class=\"e-font-icon-svg e-fas-minus\" viewbox=\"0 0 448 512\" xmlns=\"http:\/\/www.w3.org\/2000\/svg\"><path d=\"M416 208H32c-17.67 0-32 14.33-32 32v32c0 17.67 14.33 32 32 32h384c17.67 0 32-14.33 32-32v-32c0-17.67-14.33-32-32-32z\"><\/path><\/svg><\/span>\n\t\t\t<span class='e-closed'><svg aria-hidden=\"true\" class=\"e-font-icon-svg e-fas-plus\" viewbox=\"0 0 448 512\" xmlns=\"http:\/\/www.w3.org\/2000\/svg\"><path d=\"M416 208H272V64c0-17.67-14.33-32-32-32h-32c-17.67 0-32 14.33-32 32v144H32c-17.67 0-32 14.33-32 32v32c0 17.67 14.33 32 32 32h144v144c0 17.67 14.33 32 32 32h32c17.67 0 32-14.33 32-32V304h144c17.67 0 32-14.33 32-32v-32c0-17.67-14.33-32-32-32z\"><\/path><\/svg><\/span>\n\t\t<\/span>\n\n\t\t\t\t\t\t<\/summary>\n\t\t\t\t<div role=\"region\" aria-labelledby=\"e-n-accordion-item-2204\" class=\"elementor-element elementor-element-85668dc e-flex e-con-boxed e-con e-child\" data-id=\"85668dc\" data-element_type=\"container\">\n\t\t\t\t\t<div class=\"e-con-inner\">\n\t\t\t\t<div class=\"elementor-element elementor-element-b414e60 elementor-widget elementor-widget-text-editor\" data-id=\"b414e60\" data-element_type=\"widget\" data-widget_type=\"text-editor.default\">\n\t\t\t\t\t\t\t\t\t<p><span style=\"font-size: 14pt;\"><strong>\u00a0<\/strong><\/span><\/p>\n<p><span style=\"font-size: 14pt;\"><strong>Lavsesong (januar - mars, juli - august):<\/strong><\/span><br \/><span style=\"font-size: 14pt;\">Disse m\u00e5nedene er preget av h\u00f8yere luftfuktighet og tidvis tropisk regn, spesielt tidlig p\u00e5 \u00e5ret. I juli og august er det sterkere passatvind, noe som kan p\u00e5virke sv\u00f8mming og b\u00e5tliv. Det er imidlertid mindre trengsel, og det er mulig \u00e5 f\u00e5 rabatter utenfor sesongen.<\/span><\/p>\n<p><span style=\"font-size: 14pt;\">\u00a0<\/span><\/p>\n<p><span style=\"font-size: 14pt;\"><strong>H\u00f8ysesong (april - juni, september - november):<\/strong><\/span><br \/><span style=\"font-size: 14pt;\">Dette er de beste m\u00e5nedene for en perfekt strandopplevelse: rolig hav, lette briser og krystallklart vann som er ideelt for snorkling, dykking og \u00f8yhopping. Dyreelskere kan oppleve fuglenes hekketid og skilpaddenes leggetid.<\/span><\/p>\n<p><span style=\"font-size: 14pt;\">\u00a0<\/span><\/p>\n<p><span style=\"font-size: 14pt;\"><strong>H\u00f8ysesong (desemberferie, p\u00e5ske):<\/strong><\/span><br \/><span style=\"font-size: 14pt;\">H\u00f8ytiden trekker til seg internasjonale reisende, og prisene stiger. Strendene er livlige, feriestedene er ettertraktet, og v\u00e6ret er vanligvis varmt med enkelte byger.<\/span><\/p>\t\t\t\t\t\t\t\t<\/div>\n\t\t\t\t\t<\/div>\n\t\t\t\t<\/div>\n\t\t\t\t\t<\/details>\n\t\t\t\t\t\t<details id=\"e-n-accordion-item-2205\" class=\"e-n-accordion-item\" >\n\t\t\t\t<summary class=\"e-n-accordion-item-title\" data-accordion-index=\"6\" tabindex=\"-1\" aria-expanded=\"false\" aria-controls=\"e-n-accordion-item-2205\" >\n\t\t\t\t\t<span class='e-n-accordion-item-title-header'><div class=\"e-n-accordion-item-title-text\"> Rwanda <\/div><\/span>\n\t\t\t\t\t\t\t<span class='e-n-accordion-item-title-icon'>\n\t\t\t<span class='e-opened' ><svg aria-hidden=\"true\" class=\"e-font-icon-svg e-fas-minus\" viewbox=\"0 0 448 512\" xmlns=\"http:\/\/www.w3.org\/2000\/svg\"><path d=\"M416 208H32c-17.67 0-32 14.33-32 32v32c0 17.67 14.33 32 32 32h384c17.67 0 32-14.33 32-32v-32c0-17.67-14.33-32-32-32z\"><\/path><\/svg><\/span>\n\t\t\t<span class='e-closed'><svg aria-hidden=\"true\" class=\"e-font-icon-svg e-fas-plus\" viewbox=\"0 0 448 512\" xmlns=\"http:\/\/www.w3.org\/2000\/svg\"><path d=\"M416 208H272V64c0-17.67-14.33-32-32-32h-32c-17.67 0-32 14.33-32 32v144H32c-17.67 0-32 14.33-32 32v32c0 17.67 14.33 32 32 32h144v144c0 17.67 14.33 32 32 32h32c17.67 0 32-14.33 32-32V304h144c17.67 0 32-14.33 32-32v-32c0-17.67-14.33-32-32-32z\"><\/path><\/svg><\/span>\n\t\t<\/span>\n\n\t\t\t\t\t\t<\/summary>\n\t\t\t\t<div role=\"region\" aria-labelledby=\"e-n-accordion-item-2205\" class=\"elementor-element elementor-element-f421b6d e-flex e-con-boxed e-con e-child\" data-id=\"f421b6d\" data-element_type=\"container\">\n\t\t\t\t\t<div class=\"e-con-inner\">\n\t\t\t\t<div class=\"elementor-element elementor-element-7c8e293 elementor-widget elementor-widget-text-editor\" data-id=\"7c8e293\" data-element_type=\"widget\" data-widget_type=\"text-editor.default\">\n\t\t\t\t\t\t\t\t\t<p><span style=\"font-size: 14pt;\"><strong>\u00a0<\/strong><\/span><\/p>\n<p><span style=\"font-size: 14pt;\"><strong>Lavsesong (mars - mai, oktober - midten av desember):<\/strong><\/span><br \/><span style=\"font-size: 14pt;\">Regnv\u00e6r gj\u00f8r gorillatrekking vanskeligere, men det betyr ogs\u00e5 f\u00e6rre turister og lavere priser p\u00e5 tillatelser og lodger. Noen stier kan v\u00e6re gj\u00f8rmete og glatte.<\/span><\/p>\n<p><span style=\"font-size: 14pt;\">\u00a0<\/span><\/p>\n<p><span style=\"font-size: 14pt;\"><strong>H\u00f8ysesong (desember - februar):<\/strong><\/span><br \/><span style=\"font-size: 14pt;\">T\u00f8rt og varmt v\u00e6r gj\u00f8r det perfekt for skogsturer og primatsporing. Volcanoes nasjonalpark, Nyungwe Forest og Akagera nasjonalpark er alle tilgjengelige og produktive.<\/span><\/p>\n<p><span style=\"font-size: 14pt;\">\u00a0<\/span><\/p>\n<p><span style=\"font-size: 14pt;\"><strong>H\u00f8ysesong (juni - september):<\/strong><\/span><br \/><span style=\"font-size: 14pt;\">Utmerkede trekkingforhold og f\u00f8rsteklasses observasjoner av dyrelivet. Det er ogs\u00e5 t\u00f8rketid, noe som gj\u00f8r det lettere \u00e5 f\u00e5 tilgang til alle parkene. Lodger og gorillatillatelser er ofte fullbooket - ideelt for planlegging i god tid.<\/span><\/p>\t\t\t\t\t\t\t\t<\/div>\n\t\t\t\t\t<\/div>\n\t\t\t\t<\/div>\n\t\t\t\t\t<\/details>\n\t\t\t\t\t<\/div>\n\t\t\t\t\t\t<\/div>\n\t\t\t\t<\/div>\n\t\t\t\t<\/div>","protected":false},"excerpt":{"rendered":"<p>Travel Seasons in East Africa Kenya \u00a0 Low Season (April \u2013 May):This is Kenya\u2019s long rainy season. While some remote lodges close due to impassable roads, the landscape is beautifully green. Game viewing is still possible in parks like Maasai Mara, Amboseli, and Samburu, though the wildlife is a bit scattered. Rates drop significantly, making [&hellip;]<\/p>","protected":false},"author":1,"featured_media":0,"parent":0,"menu_order":0,"comment_status":"closed","ping_status":"closed","template":"elementor_theme","meta":{"om_disable_all_campaigns":false,"_monsterinsights_skip_tracking":false,"_monsterinsights_sitenote_active":false,"_monsterinsights_sitenote_note":"","_monsterinsights_sitenote_category":0,"footnotes":""},"class_list":["post-11746","page","type-page","status-publish","hentry"],"aioseo_notices":[],"_links":{"self":[{"href":"https:\/\/suncresttravelandsafaris.com\/nb\/wp-json\/wp\/v2\/pages\/11746","targetHints":{"allow":["GET"]}}],"collection":[{"href":"https:\/\/suncresttravelandsafaris.com\/nb\/wp-json\/wp\/v2\/pages"}],"about":[{"href":"https:\/\/suncresttravelandsafaris.com\/nb\/wp-json\/wp\/v2\/types\/page"}],"author":[{"embeddable":true,"href":"https:\/\/suncresttravelandsafaris.com\/nb\/wp-json\/wp\/v2\/users\/1"}],"replies":[{"embeddable":true,"href":"https:\/\/suncresttravelandsafaris.com\/nb\/wp-json\/wp\/v2\/comments?post=11746"}],"version-history":[{"count":21,"href":"https:\/\/suncresttravelandsafaris.com\/nb\/wp-json\/wp\/v2\/pages\/11746\/revisions"}],"predecessor-version":[{"id":12080,"href":"https:\/\/suncresttravelandsafaris.com\/nb\/wp-json\/wp\/v2\/pages\/11746\/revisions\/12080"}],"wp:attachment":[{"href":"https:\/\/suncresttravelandsafaris.com\/nb\/wp-json\/wp\/v2\/media?parent=11746"}],"curies":[{"name":"wp","href":"https:\/\/api.w.org\/{rel}","templated":true}]}}