{"id":12437,"date":"2025-09-16T09:50:55","date_gmt":"2025-09-16T09:50:55","guid":{"rendered":"https:\/\/suncresttravelandsafaris.com\/?post_type=product&#038;p=12437"},"modified":"2025-09-16T14:34:09","modified_gmt":"2025-09-16T14:34:09","slug":"7-days-in-paradise-discover-the-magic-of-zanzibar","status":"publish","type":"product","link":"https:\/\/suncresttravelandsafaris.com\/nb\/produkt\/7-dager-i-paradis-oppdag-magien-i-zanzibar\/","title":{"rendered":"7 dager i paradis: Oppdag magien p\u00e5 Zanzibar"},"content":{"rendered":"<h2>Oversikt<\/h2>\n<p data-start=\"213\" data-end=\"1024\">Denne 7-dagers reisen til Zanzibar kombinerer avslapning med oppdagelser. Hver dag byr p\u00e5 et unikt eventyr, fra de eksotiske krydderfarmene og de historiske underverkene i Stone Town til det turkise vannet i Mnemba-atollen og de r\u00f8de Colobus-apene i Jozani-skogen. Blant h\u00f8ydepunktene er den ikoniske Rock Restaurant, en heldagstur p\u00e5 Safari Blue med snorkling og sj\u00f8matgrill, og fritid p\u00e5 Zanzibars strender i verdensklasse. Med guidede turer, kulturell fordypning og naturskj\u00f8nnhet p\u00e5 alle kanter, er denne reiseruten designet for reisende som s\u00f8ker den perfekte balansen mellom utforskning og avslapning.<\/p>\n<h4>H\u00f8ydepunkt p\u00e5 turen<\/h4>\n<ul>\n<li>Safari Blue Adventure - Snorkling, avslapning p\u00e5 sandbanker og sj\u00f8matgrill.<\/li>\n<li>Spice Farm Tour - Oppdag Zanzibars eksotiske krydder.<\/li>\n<li>Stone Town Exploration - kultur, historie og arkitektur.<\/li>\n<li>Bes\u00f8k p\u00e5 Prison Island - Se Aldabra kjempeskilpadder.<\/li>\n<li>Snorkling i Mnemba-atollen - Sv\u00f8m med delfiner og utforsk korallrevene.<\/li>\n<li>Vandring i Jozani-skogen - f\u00e5 \u00f8ye p\u00e5 sjeldne r\u00f8de colobus-aper.<\/li>\n<li>Lunsj p\u00e5 The Rock Restaurant - en ikonisk matopplevelse.<\/li>\n<li>Fritid - Nyt Zanzibars uber\u00f8rte strender.<\/li>\n<\/ul>\n<h4>Gebyrer Fra:<\/h4>\n<p><span style=\"color: red; font-weight: bold;\">Med forbehold om prisendringer<\/span><\/p>\n<div style=\"overflow-x: auto; -webkit-overflow-scrolling: touch; margin-top: 10px;\">\n<table style=\"width: 100%; border-collapse: collapse; font-size: 16px; text-align: center; min-width: 500px; height: 204px;\">\n<thead>\n<tr style=\"height: 135px;\">\n<th style=\"border: 1px solid #dddddd; padding: 12px; background: #299fc3; color: #ffffff; font-weight: bold; height: 135px;\"><\/th>\n<th style=\"border: 1px solid #dddddd; padding: 12px; background: #299fc3; color: #ffffff; font-weight: bold; height: 135px;\">Lavsesong<br \/>\n(april - mai)<\/th>\n<th style=\"border: 1px solid #dddddd; padding: 12px; background: #299fc3; color: #ffffff; font-weight: bold; height: 135px;\">H\u00f8ysesong<br \/>\n(Januar - mars,<br \/>\nnovember - midten av desember)<\/th>\n<th style=\"border: 1px solid #dddddd; padding: 12px; background: #299fc3; color: #ffffff; font-weight: bold; height: 135px;\">H\u00f8ysesong<br \/>\n(Juni - oktober,<br \/>\nDesemberferie)<\/th>\n<\/tr>\n<\/thead>\n<tbody>\n<tr style=\"height: 23px;\">\n<td style=\"border: 1px solid #dddddd; padding: 12px; background: #ffffff; color: #000000; height: 23px;\">Budsjett<\/td>\n<td style=\"border: 1px solid #dddddd; padding: 12px; background: #ffffff; color: #000000; height: 23px;\">2100<\/td>\n<td style=\"border: 1px solid #dddddd; padding: 12px; background: #ffffff; color: #000000; height: 23px;\">2800<\/td>\n<td style=\"border: 1px solid #dddddd; padding: 12px; background: #ffffff; color: #000000; height: 23px;\">4200<\/td>\n<\/tr>\n<tr style=\"height: 23px;\">\n<td style=\"border: 1px solid #dddddd; padding: 12px; background: #ffffff; color: #000000; height: 23px;\">Mellomklasse<\/td>\n<td style=\"border: 1px solid #dddddd; padding: 12px; background: #ffffff; color: #000000; height: 23px;\">3500<\/td>\n<td style=\"border: 1px solid #dddddd; padding: 12px; background: #ffffff; color: #000000; height: 23px;\">4200<\/td>\n<td style=\"border: 1px solid #dddddd; padding: 12px; background: #ffffff; color: #000000; height: 23px;\">5600<\/td>\n<\/tr>\n<tr style=\"height: 23px;\">\n<td style=\"border: 1px solid #dddddd; padding: 12px; background: #ffffff; color: #000000; height: 23px;\">Luksus<\/td>\n<td style=\"border: 1px solid #dddddd; padding: 12px; background: #ffffff; color: #000000; height: 23px;\">4200<\/td>\n<td style=\"border: 1px solid #dddddd; padding: 12px; background: #ffffff; color: #000000; height: 23px;\">4900<\/td>\n<td style=\"border: 1px solid #dddddd; padding: 12px; background: #ffffff; color: #000000; height: 23px;\">6300<\/td>\n<\/tr>\n<\/tbody>\n<\/table>\n<\/div>","protected":false},"excerpt":{"rendered":"<p>En 7-dagers tropisk reise til Zanzibar som kombinerer kultur, historie, krydder og uber\u00f8rte strender med spennende opplevelser som snorkling, delfinspotting og skogsturer.<\/p>","protected":false},"featured_media":12439,"comment_status":"open","ping_status":"closed","template":"","meta":{"om_disable_all_campaigns":false,"_monsterinsights_skip_tracking":false,"_monsterinsights_sitenote_active":false,"_monsterinsights_sitenote_note":"","_monsterinsights_sitenote_category":0},"product_brand":[],"product_cat":[279],"product_tag":[],"class_list":{"0":"post-12437","1":"product","2":"type-product","3":"status-publish","4":"has-post-thumbnail","6":"product_cat-featured","8":"first","9":"instock","10":"featured","11":"shipping-taxable","12":"purchasable","13":"product-type-ovabrw_car_rental"},"aioseo_notices":[],"_links":{"self":[{"href":"https:\/\/suncresttravelandsafaris.com\/nb\/wp-json\/wp\/v2\/product\/12437","targetHints":{"allow":["GET"]}}],"collection":[{"href":"https:\/\/suncresttravelandsafaris.com\/nb\/wp-json\/wp\/v2\/product"}],"about":[{"href":"https:\/\/suncresttravelandsafaris.com\/nb\/wp-json\/wp\/v2\/types\/product"}],"replies":[{"embeddable":true,"href":"https:\/\/suncresttravelandsafaris.com\/nb\/wp-json\/wp\/v2\/comments?post=12437"}],"wp:featuredmedia":[{"embeddable":true,"href":"https:\/\/suncresttravelandsafaris.com\/nb\/wp-json\/wp\/v2\/media\/12439"}],"wp:attachment":[{"href":"https:\/\/suncresttravelandsafaris.com\/nb\/wp-json\/wp\/v2\/media?parent=12437"}],"wp:term":[{"taxonomy":"product_brand","embeddable":true,"href":"https:\/\/suncresttravelandsafaris.com\/nb\/wp-json\/wp\/v2\/product_brand?post=12437"},{"taxonomy":"product_cat","embeddable":true,"href":"https:\/\/suncresttravelandsafaris.com\/nb\/wp-json\/wp\/v2\/product_cat?post=12437"},{"taxonomy":"product_tag","embeddable":true,"href":"https:\/\/suncresttravelandsafaris.com\/nb\/wp-json\/wp\/v2\/product_tag?post=12437"}],"curies":[{"name":"wp","href":"https:\/\/api.w.org\/{rel}","templated":true}]}}