{"id":12444,"date":"2025-09-16T10:21:00","date_gmt":"2025-09-16T10:21:00","guid":{"rendered":"https:\/\/suncresttravelandsafaris.com\/?post_type=product&#038;p=12444"},"modified":"2025-09-16T14:36:49","modified_gmt":"2025-09-16T14:36:49","slug":"seychelles-mahe-and-praslin-relaxation","status":"publish","type":"product","link":"https:\/\/suncresttravelandsafaris.com\/nb\/produkt\/seychellene-mahe-og-praslin-avslapning\/","title":{"rendered":"SEYCHELLENE MAHE OG PRASLIN AVSLAPNING"},"content":{"rendered":"<h2>Oversikt<\/h2>\n<p data-start=\"213\" data-end=\"1024\">Denne 8-dagers reisen gjennom Mah\u00e9 og Praslin byr p\u00e5 den perfekte blandingen av avslapning, kultur og natur. Begynn p\u00e5 Mah\u00e9, den st\u00f8rste \u00f8ya, der hvite sandstrender m\u00f8ter sjeldne endemiske planter og levende kreolske tradisjoner. Fortsett til Praslin, hjem til den UNESCO-listede Vall\u00e9e de Mai, med sine eldgamle palmeskoger, den ikoniske coco de mer og verdensber\u00f8mte strender som Anse Lazio. Fra snorkling i korallrev til kulturelle oppdagelser - denne reiseruten blander fritid med utforskning for en uforglemmelig tropisk ferie.<\/p>\n<h4>H\u00f8ydepunkt p\u00e5 turen<\/h4>\n<ul>\n<li>Mahe Island og Praslin Island<\/li>\n<li>Vakre strender,Lokal kultur<\/li>\n<li>historie,Naturstier<\/li>\n<li>dyreliv,Vall\u00e9e de Mai naturreservat<\/li>\n<\/ul>\n<h4>Gebyrer Fra:<\/h4>\n<p><span style=\"color: red; font-weight: bold;\">Med forbehold om prisendringer<\/span><\/p>\n<div style=\"overflow-x: auto; -webkit-overflow-scrolling: touch; margin-top: 10px;\">\n<table style=\"width: 100%; border-collapse: collapse; font-size: 16px; text-align: center; min-width: 500px;\">\n<thead>\n<tr>\n<th style=\"border: 1px solid #ddd; padding: 12px; background: #299fc3; color: #fff; font-weight: bold;\"><\/th>\n<th style=\"border: 1px solid #ddd; padding: 12px; background: #299fc3; color: #fff; font-weight: bold;\">Lavsesong<br \/>\n(Januar - mars,<br \/>\nJuli - august)<\/th>\n<th style=\"border: 1px solid #ddd; padding: 12px; background: #299fc3; color: #fff; font-weight: bold;\">H\u00f8ysesong<br \/>\n(April - juni,<br \/>\nseptember - november)<\/th>\n<th style=\"border: 1px solid #ddd; padding: 12px; background: #299fc3; color: #fff; font-weight: bold;\">H\u00f8ysesong<br \/>\n(H\u00f8ytider i desember,<br \/>\nP\u00e5ske)<\/th>\n<\/tr>\n<\/thead>\n<tbody>\n<tr>\n<td style=\"border: 1px solid #ddd; padding: 12px; background: #fff; color: #000;\">Budsjett<\/td>\n<td style=\"border: 1px solid #ddd; padding: 12px; background: #fff; color: #000;\">2400<\/td>\n<td style=\"border: 1px solid #ddd; padding: 12px; background: #fff; color: #000;\">3200<\/td>\n<td style=\"border: 1px solid #ddd; padding: 12px; background: #fff; color: #000;\">3200<\/td>\n<\/tr>\n<tr>\n<td style=\"border: 1px solid #ddd; padding: 12px; background: #fff; color: #000;\">Mellomklasse<\/td>\n<td style=\"border: 1px solid #ddd; padding: 12px; background: #fff; color: #000;\">4000<\/td>\n<td style=\"border: 1px solid #ddd; padding: 12px; background: #fff; color: #000;\">4800<\/td>\n<td style=\"border: 1px solid #ddd; padding: 12px; background: #fff; color: #000;\">4800<\/td>\n<\/tr>\n<tr>\n<td style=\"border: 1px solid #ddd; padding: 12px; background: #fff; color: #000;\">Luksus<\/td>\n<td style=\"border: 1px solid #ddd; padding: 12px; background: #fff; color: #000;\">4800<\/td>\n<td style=\"border: 1px solid #ddd; padding: 12px; background: #fff; color: #000;\">5600<\/td>\n<td style=\"border: 1px solid #ddd; padding: 12px; background: #fff; color: #000;\">5600<\/td>\n<\/tr>\n<\/tbody>\n<\/table>\n<\/div>","protected":false},"excerpt":{"rendered":"<p data-start=\"180\" data-end=\"337\">En 8-dagers rolig \u00f8yferie p\u00e5 Seychellene, der vi utforsker Mah\u00e9s og Praslins uber\u00f8rte strender, frodige skoger og unike kreolske kultur.<\/p>\n<p data-start=\"339\" data-end=\"875\">","protected":false},"featured_media":12449,"comment_status":"closed","ping_status":"closed","template":"","meta":{"om_disable_all_campaigns":false,"_monsterinsights_skip_tracking":false,"_monsterinsights_sitenote_active":false,"_monsterinsights_sitenote_note":"","_monsterinsights_sitenote_category":0},"product_brand":[],"product_cat":[279],"product_tag":[],"class_list":{"0":"post-12444","1":"product","2":"type-product","3":"status-publish","4":"has-post-thumbnail","6":"product_cat-featured","8":"first","9":"instock","10":"featured","11":"shipping-taxable","12":"purchasable","13":"product-type-ovabrw_car_rental"},"aioseo_notices":[],"_links":{"self":[{"href":"https:\/\/suncresttravelandsafaris.com\/nb\/wp-json\/wp\/v2\/product\/12444","targetHints":{"allow":["GET"]}}],"collection":[{"href":"https:\/\/suncresttravelandsafaris.com\/nb\/wp-json\/wp\/v2\/product"}],"about":[{"href":"https:\/\/suncresttravelandsafaris.com\/nb\/wp-json\/wp\/v2\/types\/product"}],"replies":[{"embeddable":true,"href":"https:\/\/suncresttravelandsafaris.com\/nb\/wp-json\/wp\/v2\/comments?post=12444"}],"wp:featuredmedia":[{"embeddable":true,"href":"https:\/\/suncresttravelandsafaris.com\/nb\/wp-json\/wp\/v2\/media\/12449"}],"wp:attachment":[{"href":"https:\/\/suncresttravelandsafaris.com\/nb\/wp-json\/wp\/v2\/media?parent=12444"}],"wp:term":[{"taxonomy":"product_brand","embeddable":true,"href":"https:\/\/suncresttravelandsafaris.com\/nb\/wp-json\/wp\/v2\/product_brand?post=12444"},{"taxonomy":"product_cat","embeddable":true,"href":"https:\/\/suncresttravelandsafaris.com\/nb\/wp-json\/wp\/v2\/product_cat?post=12444"},{"taxonomy":"product_tag","embeddable":true,"href":"https:\/\/suncresttravelandsafaris.com\/nb\/wp-json\/wp\/v2\/product_tag?post=12444"}],"curies":[{"name":"wp","href":"https:\/\/api.w.org\/{rel}","templated":true}]}}