{"id":12458,"date":"2025-09-16T14:38:16","date_gmt":"2025-09-16T14:38:16","guid":{"rendered":"https:\/\/suncresttravelandsafaris.com\/?post_type=product&#038;p=12458"},"modified":"2025-09-16T15:02:19","modified_gmt":"2025-09-16T15:02:19","slug":"10-day-kenya-safari-seychelles-beach-escape","status":"publish","type":"product","link":"https:\/\/suncresttravelandsafaris.com\/nb\/produkt\/10-dagers-safari-i-kenya-og-strandferie-pa-seychellene\/","title":{"rendered":"10-dagers safari i Kenya og strandferie p\u00e5 Seychellene"},"content":{"rendered":"<h2>Oversikt<\/h2>\n<p data-start=\"213\" data-end=\"1024\">Denne 10-dagers reisen kombinerer spenningen fra Kenyas ikoniske viltsafari med roen i Seychellenes turkise vann. Vi begynner i Nairobi f\u00f8r vi flyr til det legendariske Maasai Mara, hvor vi f\u00e5r oppleve safariturer og m\u00f8ter med masaienes kultur. F\u00e5 \u00f8ye p\u00e5 de fem store, nyt en valgfri tur i varmluftsballong og sug til deg savannens magi. Deretter bytter du ut de ville slettene med hvite sandstrender n\u00e5r du flyr til Seychellene. Utforsk Mah\u00e9s frodige landskap, Praslins UNESCO-listede Vall\u00e9e de Mai og La Digues sjarmerende sykkelstier til verdensber\u00f8mte strender som Anse Lazio og Anse Source d'Argent.<\/p>\n<h4>H\u00f8ydepunkt p\u00e5 turen<\/h4>\n<ul>\n<li>Big Five-safari i den verdensber\u00f8mte Maasai Mara<\/li>\n<li>Sjiraffm\u00f8ter og naturopplevelser i Nairobi<\/li>\n<li>Hvite sandstrender p\u00e5 Mah\u00e9, Praslin og La Digue p\u00e5 Seychellene<\/li>\n<li>Snorkling, sykling og \u00f8yhopping i paradis<\/li>\n<li>UNESCO-listet naturreservat - Vall\u00e9e de Mai<\/li>\n<\/ul>\n<h4>Gebyrer Fra:<\/h4>\n<p><span style=\"color: red; font-weight: bold;\">Med forbehold om prisendringer<\/span><\/p>\n<div style=\"overflow-x: auto; -webkit-overflow-scrolling: touch; margin-top: 10px;\">\n<table style=\"width: 100%; border-collapse: collapse; font-size: 16px; text-align: center; min-width: 500px;\">\n<thead>\n<tr>\n<th style=\"border: 1px solid #ddd; padding: 12px; background: #299fc3; color: #fff; font-weight: bold;\"><\/th>\n<th style=\"border: 1px solid #ddd; padding: 12px; background: #299fc3; color: #fff; font-weight: bold;\">Lavsesong<br \/>\n(Januar - mars,<br \/>\nJuli - august)<\/th>\n<th style=\"border: 1px solid #ddd; padding: 12px; background: #299fc3; color: #fff; font-weight: bold;\">H\u00f8ysesong<br \/>\n(April - juni,<br \/>\nseptember - november)<\/th>\n<th style=\"border: 1px solid #ddd; padding: 12px; background: #299fc3; color: #fff; font-weight: bold;\">H\u00f8ysesong<br \/>\n(H\u00f8ytider i desember,<br \/>\nP\u00e5ske)<\/th>\n<\/tr>\n<\/thead>\n<tbody>\n<tr>\n<td style=\"border: 1px solid #ddd; padding: 12px; background: #fff; color: #000;\">Budsjett<\/td>\n<td style=\"border: 1px solid #ddd; padding: 12px; background: #fff; color: #000;\">3000<\/td>\n<td style=\"border: 1px solid #ddd; padding: 12px; background: #fff; color: #000;\">4000<\/td>\n<td style=\"border: 1px solid #ddd; padding: 12px; background: #fff; color: #000;\">6000<\/td>\n<\/tr>\n<tr>\n<td style=\"border: 1px solid #ddd; padding: 12px; background: #fff; color: #000;\">Mellomklasse<\/td>\n<td style=\"border: 1px solid #ddd; padding: 12px; background: #fff; color: #000;\">5000<\/td>\n<td style=\"border: 1px solid #ddd; padding: 12px; background: #fff; color: #000;\">6000<\/td>\n<td style=\"border: 1px solid #ddd; padding: 12px; background: #fff; color: #000;\">8000<\/td>\n<\/tr>\n<tr>\n<td style=\"border: 1px solid #ddd; padding: 12px; background: #fff; color: #000;\">Luksus<\/td>\n<td style=\"border: 1px solid #ddd; padding: 12px; background: #fff; color: #000;\">6000<\/td>\n<td style=\"border: 1px solid #ddd; padding: 12px; background: #fff; color: #000;\">7000<\/td>\n<td style=\"border: 1px solid #ddd; padding: 12px; background: #fff; color: #000;\">9000<\/td>\n<\/tr>\n<\/tbody>\n<\/table>\n<\/div>","protected":false},"excerpt":{"rendered":"<p data-start=\"180\" data-end=\"337\">En perfekt blanding av spennende afrikansk safari og tropisk \u00f8yavslapping - 10 dager fra Kenyas Maasai Mara til Seychellenes uber\u00f8rte strender.<\/p>\n<p data-start=\"339\" data-end=\"875\">","protected":false},"featured_media":12460,"comment_status":"closed","ping_status":"closed","template":"","meta":{"om_disable_all_campaigns":false,"_monsterinsights_skip_tracking":false,"_monsterinsights_sitenote_active":false,"_monsterinsights_sitenote_note":"","_monsterinsights_sitenote_category":0},"product_brand":[],"product_cat":[279],"product_tag":[],"class_list":{"0":"post-12458","1":"product","2":"type-product","3":"status-publish","4":"has-post-thumbnail","6":"product_cat-featured","8":"first","9":"instock","10":"featured","11":"shipping-taxable","12":"purchasable","13":"product-type-ovabrw_car_rental"},"aioseo_notices":[],"_links":{"self":[{"href":"https:\/\/suncresttravelandsafaris.com\/nb\/wp-json\/wp\/v2\/product\/12458","targetHints":{"allow":["GET"]}}],"collection":[{"href":"https:\/\/suncresttravelandsafaris.com\/nb\/wp-json\/wp\/v2\/product"}],"about":[{"href":"https:\/\/suncresttravelandsafaris.com\/nb\/wp-json\/wp\/v2\/types\/product"}],"replies":[{"embeddable":true,"href":"https:\/\/suncresttravelandsafaris.com\/nb\/wp-json\/wp\/v2\/comments?post=12458"}],"wp:featuredmedia":[{"embeddable":true,"href":"https:\/\/suncresttravelandsafaris.com\/nb\/wp-json\/wp\/v2\/media\/12460"}],"wp:attachment":[{"href":"https:\/\/suncresttravelandsafaris.com\/nb\/wp-json\/wp\/v2\/media?parent=12458"}],"wp:term":[{"taxonomy":"product_brand","embeddable":true,"href":"https:\/\/suncresttravelandsafaris.com\/nb\/wp-json\/wp\/v2\/product_brand?post=12458"},{"taxonomy":"product_cat","embeddable":true,"href":"https:\/\/suncresttravelandsafaris.com\/nb\/wp-json\/wp\/v2\/product_cat?post=12458"},{"taxonomy":"product_tag","embeddable":true,"href":"https:\/\/suncresttravelandsafaris.com\/nb\/wp-json\/wp\/v2\/product_tag?post=12458"}],"curies":[{"name":"wp","href":"https:\/\/api.w.org\/{rel}","templated":true}]}}