{"id":9367,"date":"2022-06-23T07:12:45","date_gmt":"2022-06-23T07:12:45","guid":{"rendered":"https:\/\/suncresttravelandsafaris.com\/?page_id=3"},"modified":"2025-09-01T12:51:06","modified_gmt":"2025-09-01T12:51:06","slug":"privacy-policy-2","status":"publish","type":"page","link":"https:\/\/suncresttravelandsafaris.com\/pt\/politica-de-privacidade-2\/","title":{"rendered":"Pol\u00edtica de privacidade"},"content":{"rendered":"<h2 class=\"wp-block-heading\">Quem somos<\/h2>\n\n\n\n<p>A Suncrest Travel and Safaris Travel est\u00e1 empenhada na privacidade e seguran\u00e7a dos seus clientes e em adotar medidas destinadas a proteger as suas informa\u00e7\u00f5es pessoais e financeiras. Acreditamos que os seus dados privados devem ser mantidos apenas como tal e, quando partilhar informa\u00e7\u00f5es pessoais connosco, envidaremos todos os esfor\u00e7os razo\u00e1veis para manter os seus dados seguros e privados. Comprometemo-nos a garantir que as suas informa\u00e7\u00f5es pessoais est\u00e3o protegidas.<\/p>\n\n\n\n<h2 class=\"wp-block-heading\">A NOSSA POL\u00cdTICA DE PRIVACIDADE<\/h2>\n\n\n\n<p>A Suncrest travel and safaris travel compreende que a privacidade \u00e9 importante para si e deseja que a sua experi\u00eancia ao lidar connosco seja t\u00e3o agrad\u00e1vel e segura quanto poss\u00edvel. Esta pol\u00edtica descreve quem \u00e9 a Suncrest travel and safaris travel e como esta trata as suas informa\u00e7\u00f5es pessoais em geral, bem como quando utiliza o nosso s\u00edtio Web.<\/p>\n\n\n\n<h2 class=\"wp-block-heading\">O TIPO DE PESSOA<br>INFORMA\u00c7\u00d5ES QUE RECOLHEMOS E GUARDAMOS<\/h2>\n\n\n\n<p>As informa\u00e7\u00f5es pessoais s\u00e3o informa\u00e7\u00f5es ou opini\u00f5es sobre um indiv\u00edduo identificado ou um indiv\u00edduo que seja razoavelmente identific\u00e1vel. De um modo geral, a Suncrest Travel and Safaris Travel n\u00e3o recolhe informa\u00e7\u00f5es sens\u00edveis sobre o utilizador, tais como detalhes sobre a sua ra\u00e7a, convic\u00e7\u00f5es pol\u00edticas, religi\u00e3o ou sa\u00fade. No entanto, dependendo dos produtos e servi\u00e7os que nos pede para fornecer, podemos ser obrigados a recolher algumas informa\u00e7\u00f5es sens\u00edveis quando estamos a fornecer-lhe servi\u00e7os especializados.<\/p>\n\n\n\n<p>Solicitaremos uma vasta gama de informa\u00e7\u00f5es pessoais que s\u00e3o necess\u00e1rias para lhe fornecermos os nossos servi\u00e7os. O tipo de informa\u00e7\u00f5es pessoais que pedimos depender\u00e1 dos produtos de viagem da Suncrest Travel and Safaris Travel que reservar e do tipo de produto ou servi\u00e7o que escolher.<\/p>\n\n\n\n<p>Se n\u00e3o formos capazes de recolher informa\u00e7\u00f5es pessoais sobre o utilizador, poderemos n\u00e3o ser capazes de lhe fornecer os produtos, servi\u00e7os ou assist\u00eancia de que necessita. A recolha, utiliza\u00e7\u00e3o ou divulga\u00e7\u00e3o das suas informa\u00e7\u00f5es pessoais \u00e9 necess\u00e1ria para fornecer esses servi\u00e7os.<\/p>\n\n\n\n<p>Geralmente, pedimos os seguintes tipos de informa\u00e7\u00f5es pessoais:<\/p>\n\n\n\n<p>nome, endere\u00e7o, correio eletr\u00f3nico e dados de contacto; data de nascimento;<br>g\u00e9nero; e\/ou<br>informa\u00e7\u00f5es sobre a sua utiliza\u00e7\u00e3o do nosso produto ou servi\u00e7o<\/p>\n\n\n\n<p>Dependendo do produto ou servi\u00e7o que escolher, podem tamb\u00e9m ser-lhe pedidos outros tipos de informa\u00e7\u00f5es pessoais, tais como<\/p>\n\n\n\n<p>seguro de viagem N\u00famero do passaporte<br>Dados do cart\u00e3o de cr\u00e9dito<\/p>\n\n\n\n<h2 class=\"wp-block-heading\">Formas de recolha das suas informa\u00e7\u00f5es pessoais<\/h2>\n\n\n\n<p>Recolhemos as suas informa\u00e7\u00f5es pessoais:<\/p>\n\n\n\n<ul class=\"wp-block-list\">\n<li>atrav\u00e9s de formul\u00e1rios escritos; atrav\u00e9s de contacto telef\u00f3nico, do seu telem\u00f3vel ou de outra tecnologia de mensagens; atrav\u00e9s da Internet, incluindo s\u00edtios Web e redes sociais; e\/ou<\/li>\n\n\n\n<li>contacto pessoal<\/li>\n\n\n\n<li>Atrav\u00e9s de formul\u00e1rios de subscri\u00e7\u00e3o e de inscri\u00e7\u00e3o<\/li>\n\n\n\n<li>Formul\u00e1rios de reserva e pedidos de informa\u00e7\u00f5es complementares E-mails, dispositivos de resposta <\/li>\n<\/ul>\n\n\n\n<p>Recolhemos as informa\u00e7\u00f5es pessoais do utilizador durante o ciclo de vida das informa\u00e7\u00f5es, de forma recorrente ou ocasional, utilizando os m\u00e9todos acima referidos. Por exemplo, recolhemos informa\u00e7\u00f5es pessoais quando o utilizador adquire um produto ou servi\u00e7o da nossa empresa, quando faz altera\u00e7\u00f5es a esse produto, quando faz perguntas sobre os nossos produtos e servi\u00e7os ou quando solicita informa\u00e7\u00f5es sobre os nossos servi\u00e7os. Combinaremos ou associaremos as informa\u00e7\u00f5es pessoais que j\u00e1 conhecemos sobre o utilizador a outras informa\u00e7\u00f5es pessoais que recolhemos sobre o mesmo.<\/p>\n\n\n\n<p>Recolhemos as suas informa\u00e7\u00f5es pessoais:<\/p>\n\n\n\n<p>diretamente de si por escrito, por telefone ou atrav\u00e9s do nosso motor de reservas em linha. de um coordenador de grupo que est\u00e1 a organizar a sua viagem (se for este o caso, n\u00f3s<br>solicitar ao l\u00edder do grupo que todos os membros do grupo autorizem que nos forne\u00e7am essas informa\u00e7\u00f5es pessoais, para que possamos fornecer esses produtos e servi\u00e7os).<br>de outras pessoas ou organiza\u00e7\u00f5es (incluindo empresas relacionadas e terceiros).<\/p>\n\n\n\n<p>Consulte a sec\u00e7\u00e3o \"Partes a quem divulgamos e recolhemos as suas informa\u00e7\u00f5es pessoais\", que especifica os tipos de organiza\u00e7\u00f5es a quem divulgamos e recolhemos as suas informa\u00e7\u00f5es pessoais.<\/p>\n\n\n\n<h2 class=\"wp-block-heading\">BOLSAS<\/h2>\n\n\n\n<p>Os nossos s\u00edtios Web baseiam-se em \"cookies\" para lhe fornecer uma s\u00e9rie de servi\u00e7os. Um cookie \u00e9 um peda\u00e7o de dados que um s\u00edtio Web envia para o seu navegador e que \u00e9 depois armazenado no seu computador ou noutro dispositivo com acesso \u00e0 Internet. Os cookies s\u00e3o geralmente de dois tipos, um<br>cookie de sess\u00e3o ou um cookie persistente. Um cookie de sess\u00e3o \u00e9 um cookie tempor\u00e1rio que \u00e9<br>colocado no dispositivo e permanece at\u00e9 o utilizador sair de um dos nossos s\u00edtios Web. Um cookie persistente permanecer\u00e1 no seu dispositivo por um per\u00edodo de tempo ou dura\u00e7\u00e3o especificado no<br>cookie apesar de o utilizador sair dos nossos s\u00edtios Web.<\/p>\n\n\n\n<h2 class=\"wp-block-heading\">OBJECTIVOS DA RECOLHA DE INFORMA\u00c7\u00d5ES PESSOAIS<\/h2>\n\n\n\n<p>Recolhemos as suas informa\u00e7\u00f5es pessoais para podermos:<\/p>\n\n\n\n<ul class=\"wp-block-list\">\n<li><img decoding=\"async\" width=\"4\" height=\"4\" src=\"\">\u00a0identificar o utilizador e fornecer-lhe os nossos produtos e servi\u00e7os, incluindo notific\u00e1-lo sobre novos produtos, servi\u00e7os e promo\u00e7\u00f5es ocasionais.<\/li>\n\n\n\n<li>compreender as suas necessidades e fornecer-lhe um produto ou servi\u00e7o; <img decoding=\"async\" width=\"4\" height=\"4\" src=\"\">\u00a0<\/li>\n\n\n\n<li>criar, administrar e gerir os nossos produtos e servi\u00e7os,<\/li>\n\n\n\n<li>compreender melhor o utilizador, as suas necessidades, os seus comportamentos e a forma como interage connosco, para que possamos participar na investiga\u00e7\u00e3o, desenvolvimento e estrat\u00e9gia comercial de produtos e servi\u00e7os, incluindo a gest\u00e3o da presta\u00e7\u00e3o dos nossos servi\u00e7os e produtos atrav\u00e9s das formas como comunicamos com o utilizador.<\/li>\n<\/ul>\n\n\n\n<p>Por vezes, somos obrigados a recolher as suas informa\u00e7\u00f5es pessoais para cumprir obriga\u00e7\u00f5es legais espec\u00edficas.<\/p>\n\n\n\n<h2 class=\"wp-block-heading\">UTILIZA\u00c7\u00c3O E DIVULGA\u00c7\u00c3O<\/h2>\n\n\n\n<p>Utilizamos e divulgamos as suas informa\u00e7\u00f5es pessoais para os fins para os quais as recolhemos. Consulte a sec\u00e7\u00e3o \"Finalidades da recolha de informa\u00e7\u00f5es pessoais\" para compreender quais podem ser essas finalidades.<\/p>\n\n\n\n<p>Se as suas informa\u00e7\u00f5es pessoais estiverem sujeitas ao regime de privacidade do Qu\u00e9nia, utilizaremos e<br>divulgar as suas informa\u00e7\u00f5es pessoais para uma finalidade secund\u00e1ria relacionada com a finalidade para a qual as recolhemos, sempre que o utilizador espere razoavelmente que utilizemos ou divulguemos as suas informa\u00e7\u00f5es pessoais para essa finalidade secund\u00e1ria. No caso de dados sens\u00edveis<br>informa\u00e7\u00f5es, qualquer utiliza\u00e7\u00e3o ou divulga\u00e7\u00e3o secund\u00e1ria estar\u00e1 diretamente relacionada com o objetivo<\/p>\n\n\n\n<p>Por exemplo, divulgaremos as suas informa\u00e7\u00f5es pessoais a terceiros prestadores de servi\u00e7os, para que estes possam prestar os servi\u00e7os contratados \u00e0 Suncrest Travel and Safaris Travel, tais como apoio ou programa\u00e7\u00e3o em mat\u00e9ria de tecnologias da informa\u00e7\u00e3o, servi\u00e7os de alojamento, servi\u00e7os telef\u00f3nicos, envio de documenta\u00e7\u00e3o aos clientes por via digital ou outra.<\/p>\n\n\n\n<p>Na qualidade de agente de viagens, a Suncrest Travel and Safaris Travel pode ser obrigada a divulgar as suas Informa\u00e7\u00f5es Pessoais a estes fornecedores para lhes permitir fornecer-lhe os seus servi\u00e7os e para o ajudar a tornar a sua experi\u00eancia satisfat\u00f3ria. Uma vez que estes fornecedores exigem estas Informa\u00e7\u00f5es Pessoais quando efectuam a sua reserva, se n\u00e3o forem fornecidas, n\u00e3o poderemos finalizar a sua reserva.<\/p>\n\n\n\n<p>Haver\u00e1 outros casos em que poderemos utilizar e divulgar as suas informa\u00e7\u00f5es pessoais de acordo com os regimes de privacidade do Qu\u00e9nia, incluindo quando:<\/p>\n\n\n\n<ul class=\"wp-block-list\">\n<li>o utilizador consentiu, expressa ou implicitamente, na utiliza\u00e7\u00e3o ou divulga\u00e7\u00e3o;<\/li>\n<\/ul>\n\n\n\n<h2 class=\"wp-block-heading\">RECOLHA, UTILIZA\u00c7\u00c3O E DIVULGA\u00c7\u00c3O DE INFORMA\u00c7\u00d5ES PESSOAIS PARA FINS DE MARKETING<\/h2>\n\n\n\n<p>A Suncrest travel and safaris travel tem uma vasta gama de servi\u00e7os de viagens, media e excurs\u00f5es. O marketing \u00e9 uma parte importante da nossa atividade. Pretendemos recolher, utilizar e divulgar as suas informa\u00e7\u00f5es pessoais para o manter atualizado sobre a gama de produtos e servi\u00e7os dispon\u00edveis na Suncrest Travel and Safaris Travel e que pensamos poderem ser do seu interesse. Utilizamos uma grande variedade de estrat\u00e9gias de marketing, incluindo correio, sms, telefone e outras estrat\u00e9gias de marketing baseadas na Internet, incluindo publicidade em linha direcionada e publicidade em linha.<\/p>\n\n\n\n<p>O exerc\u00edcio das suas prefer\u00eancias pode ser feito junto do nosso respons\u00e1vel pela privacidade, cujos dados de contacto se encontram abaixo.<\/p>\n\n\n\n<h2 class=\"wp-block-heading\">PARTES A QUEM DIVULGAMOS E RECOLHEMOS AS SUAS INFORMA\u00c7\u00d5ES PESSOAIS<\/h2>\n\n\n\n<p>Tal como descrito na sec\u00e7\u00e3o \"Formas de recolha das suas informa\u00e7\u00f5es pessoais\", h\u00e1 uma s\u00e9rie de pessoas e organiza\u00e7\u00f5es (\"partes\") a quem divulgamos as suas informa\u00e7\u00f5es pessoais e recolhemos informa\u00e7\u00f5es pessoais - que n\u00e3o s\u00e3o suas. Estas podem ser partes relacionadas com a Suncrest Travel and Safaris Travel ou terceiros. A parte espec\u00edfica depender\u00e1 da empresa ou marca da Suncrest travel and safaris travel com a qual negoceia e do produto ou servi\u00e7o que recebe.<\/p>\n\n\n\n<p>Alguns exemplos das partes a quem podemos divulgar as suas informa\u00e7\u00f5es pessoais e de quem podemos recolher informa\u00e7\u00f5es pessoais s\u00e3o<\/p>\n\n\n\n<ul class=\"wp-block-list\">\n<li>outras empresas da Suncrest travel and safaris travel e outras divis\u00f5es ou departamentos comerciais da mesma empresa<\/li>\n\n\n\n<li>organiza\u00e7\u00f5es de investiga\u00e7\u00e3o e desenvolvimento de clientes, produtos, empresas ou estrat\u00e9gicas;<\/li>\n\n\n\n<li>um terceiro com quem contrat\u00e1mos para fornecer servi\u00e7os de viagens, servi\u00e7os administrativos ou outros servi\u00e7os comerciais - por exemplo:<\/li>\n<\/ul>\n\n\n\n<p>- fornecedores de tecnologias da informa\u00e7\u00e3o,<\/p>\n\n\n\n<p>- ag\u00eancias de marketing e outros prestadores de servi\u00e7os de marketing;<\/p>\n\n\n\n<p>- fornecedores de viagens cujo produto \u00e9 utilizado;<\/p>\n\n\n\n<p>- fornecedores de servi\u00e7os de impress\u00e3o\/correio\/digital; e<\/p>\n\n\n\n<p>- servi\u00e7os de imagiologia e gest\u00e3o de documentos<\/p>\n\n\n\n<ul class=\"wp-block-list\">\n<li>armaz\u00e9ns de dados,<\/li>\n\n\n\n<li>redes sociais e outras comunidades e redes virtuais onde as pessoas criam, partilham ou trocam informa\u00e7\u00f5es;<\/li>\n\n\n\n<li>fontes de informa\u00e7\u00e3o publicamente dispon\u00edveis;<\/li>\n\n\n\n<li>clubes, associa\u00e7\u00f5es, fornecedores de programas de fideliza\u00e7\u00e3o de membros ou de pr\u00e9mios e outras organiza\u00e7\u00f5es relevantes do sector;<\/li>\n\n\n\n<li>qualquer outra organiza\u00e7\u00e3o ou pessoa a quem tenha pedido para nos fornecer as suas informa\u00e7\u00f5es pessoais ou a quem tenha pedido para obter informa\u00e7\u00f5es pessoais (por exemplo, os seus pais ou o organizador do grupo).<\/li>\n<\/ul>\n\n\n\n<h2 class=\"wp-block-heading\">DIVULGA\u00c7\u00c3O NO ESTRANGEIRO<\/h2>\n\n\n\n<p>Enviaremos as suas informa\u00e7\u00f5es pessoais para o estrangeiro e recolheremos informa\u00e7\u00f5es pessoais do estrangeiro. Os casos em que o faremos incluem:<\/p>\n\n\n\n<ul class=\"wp-block-list\">\n<li>quando o utilizador nos tiver pedido para o fazer ou quando tivermos o seu consentimento;<\/li>\n\n\n\n<li>quando formos autorizados ou obrigados por uma lei queniana ou por um tribunal a faz\u00ea-lo;<\/li>\n\n\n\n<li>quando tivermos subcontratado uma atividade ou fun\u00e7\u00e3o comercial a um prestador de servi\u00e7os estrangeiro; e<\/li>\n\n\n\n<li>certas transac\u00e7\u00f5es electr\u00f3nicas.<\/li>\n<\/ul>\n\n\n\n<p>Divulgaremos todos os tipos de informa\u00e7\u00f5es pessoais no estrangeiro, mas apenas na medida em que tal seja necess\u00e1rio para o desempenho das nossas fun\u00e7\u00f5es e servi\u00e7os. Para podermos exercer as nossas actividades e fun\u00e7\u00f5es comerciais, divulgaremos as suas informa\u00e7\u00f5es pessoais e recolheremos as suas informa\u00e7\u00f5es pessoais junto de terceiros em v\u00e1rios pa\u00edses.<\/p>\n\n\n\n<p>Guardamos as suas informa\u00e7\u00f5es pessoais em:<\/p>\n\n\n\n<p>Tomaremos todas as medidas razo\u00e1veis para proteger as suas informa\u00e7\u00f5es pessoais contra utiliza\u00e7\u00e3o indevida, interfer\u00eancia e perda, bem como contra acesso, modifica\u00e7\u00e3o ou divulga\u00e7\u00e3o n\u00e3o autorizados. As formas de o fazermos incluem:<\/p>\n\n\n\n<ul class=\"wp-block-list\">\n<li>sistemas inform\u00e1ticos;<\/li>\n\n\n\n<li>bases de dados electr\u00f3nicas;<\/li>\n\n\n\n<li>registos digitais;<\/li>\n\n\n\n<li>grava\u00e7\u00f5es telef\u00f3nicas; e em c\u00f3pias impressas ou ficheiros em papel.<\/li>\n<\/ul>\n\n\n\n<p>Estes mecanismos de armazenamento podem ser geridos de v\u00e1rias formas. Podem ser geridos ou administrados internamente por uma empresa da Suncrest travel and safaris travel e podem ser mantidos localmente ou podem ser geridos por um fornecedor de armazenamento externo com o qual a Suncrest travel and safaris travel tem uma rela\u00e7\u00e3o contratual e ser geridos localmente e\/ou no estrangeiro.<\/p>\n\n\n\n<ul class=\"wp-block-list\">\n<li>limitar o acesso f\u00edsico \u00e0s nossas instala\u00e7\u00f5es;<\/li>\n\n\n\n<li>restringir o acesso eletr\u00f3nico e f\u00edsico \u00e0s informa\u00e7\u00f5es pessoais que detemos;<\/li>\n\n\n\n<li>dispor de sistemas de reserva e de c\u00f3pias de seguran\u00e7a da informa\u00e7\u00e3o para fazer face a grandes interrup\u00e7\u00f5es da atividade;<\/li>\n\n\n\n<li>manuten\u00e7\u00e3o de produtos de seguran\u00e7a tecnol\u00f3gica;<\/li>\n\n\n\n<li>exigir que quaisquer fornecedores terceiros tenham medidas de seguran\u00e7a aceit\u00e1veis para manter as suas informa\u00e7\u00f5es pessoais seguras; e<\/li>\n<\/ul>\n\n\n\n<p>A Suncrest Travel and Safaris Travel mant\u00e9m tecnologia e procedimentos normalizados no sector no que respeita \u00e0 gest\u00e3o da informa\u00e7\u00e3o e \u00e0 presta\u00e7\u00e3o de servi\u00e7os em linha. A Suncrest Travel and Safaris Travel tem um programa cont\u00ednuo de revis\u00e3o e melhoria das suas medidas de seguran\u00e7a. As revis\u00f5es e actualiza\u00e7\u00f5es incidem sobre quest\u00f5es como pol\u00edticas, processos e procedimentos de seguran\u00e7a e gest\u00e3o de informa\u00e7\u00f5es e revis\u00f5es tecnol\u00f3gicas, como software, prote\u00e7\u00e3o contra v\u00edrus e defini\u00e7\u00f5es de firewall. Os sistemas e infra-estruturas de tecnologia da informa\u00e7\u00e3o da Suncrest travel and safaris travel s\u00e3o regularmente auditados por peritos internos e externos.<\/p>\n\n\n\n<p>As transmiss\u00f5es de correio eletr\u00f3nico para a Suncrest Travel and Safaris Travel n\u00e3o s\u00e3o necessariamente seguras. Se tiver alguma preocupa\u00e7\u00e3o quanto \u00e0 seguran\u00e7a do conte\u00fado da sua mensagem de correio eletr\u00f3nico ou de qualquer outra transa\u00e7\u00e3o atrav\u00e9s da Internet, dever\u00e1 considerar a possibilidade de nos contactar por outros meios.<br>No entanto, a Suncrest travel and safaris travel emprega t\u00e9cnicas de cifragem fortes e utiliza firewalls semelhantes \u00e0s das institui\u00e7\u00f5es financeiras e dos sistemas de transa\u00e7\u00e3o da Internet a n\u00edvel mundial. Se efetuar uma transa\u00e7\u00e3o que envolva a apresenta\u00e7\u00e3o de informa\u00e7\u00f5es pessoais atrav\u00e9s da Internet \u00e0 Suncrest travel and safaris travel utilizando um dos nossos formul\u00e1rios em linha, ent\u00e3o a Suncrest travel and safaris travel utiliza essa tecnologia de codifica\u00e7\u00e3o. Depois de a Suncrest travel and safaris travel ter recebido as suas informa\u00e7\u00f5es pessoais, estas s\u00e3o armazenadas e protegidas por uma s\u00e9rie de controlos de seguran\u00e7a, incluindo firewalls, requisitos de identifica\u00e7\u00e3o do utilizador e pistas de auditoria.<\/p>\n\n\n\n<p>Os funcion\u00e1rios e representantes da Suncrest Travel and Safaris Travel cumprem as suas obriga\u00e7\u00f5es em mat\u00e9ria de prote\u00e7\u00e3o da vida privada,<br>aplica obriga\u00e7\u00f5es de confidencialidade e fornece \u00e0s pessoas autorizadas identificadores de utilizador, palavras-passe ou outros c\u00f3digos de acesso para controlar o acesso \u00e0s suas informa\u00e7\u00f5es pessoais.<\/p>\n\n\n\n<h2 class=\"wp-block-heading\">N\u00c3O CLIENTES<\/h2>\n\n\n\n<p>O utilizador pode n\u00e3o ser um cliente nosso, mas pode interagir com uma das nossas empresas. Pode interagir com uma das nossas empresas utilizando os nossos s\u00edtios Web transaccionais, participando num concurso ou comentando atrav\u00e9s das redes sociais. Recolheremos, utilizaremos e divulgaremos as informa\u00e7\u00f5es pessoais do utilizador de acordo com a presente Pol\u00edtica de Privacidade e com qualquer Declara\u00e7\u00e3o de Privacidade que o utilizador possa receber quando interage connosco. Para obter mais informa\u00e7\u00f5es sobre como interagir connosco atrav\u00e9s da Internet, consulte os nossos Termos Online que se encontram nos nossos s\u00edtios Web transaccionais.<\/p>\n\n\n\n<p>Confiamos na exatid\u00e3o das informa\u00e7\u00f5es pessoais que possu\u00edmos sobre o utilizador para lhe fornecermos os nossos produtos e servi\u00e7os. O utilizador tem o direito de nos solicitar a corre\u00e7\u00e3o de quaisquer informa\u00e7\u00f5es pessoais inexactas, desactualizadas, incompletas, irrelevantes ou enganadoras. Tomaremos as medidas que forem razo\u00e1veis nas circunst\u00e2ncias, tendo em conta a finalidade para a qual as suas informa\u00e7\u00f5es pessoais s\u00e3o mantidas, para efetuar uma corre\u00e7\u00e3o. Podemos recusar a corre\u00e7\u00e3o das suas informa\u00e7\u00f5es pessoais e apresentaremos os motivos da recusa por escrito. Se nos recusarmos a corrigir as suas informa\u00e7\u00f5es pessoais, tem o direito de associar a essas informa\u00e7\u00f5es uma declara\u00e7\u00e3o de que as mesmas s\u00e3o inexactas, desactualizadas, incompletas, irrelevantes ou enganosas. Tomaremos as medidas que forem razo\u00e1veis nas circunst\u00e2ncias para associar essa declara\u00e7\u00e3o a todos os registos que contenham as informa\u00e7\u00f5es relevantes. Pode contactar-nos para solicitar a corre\u00e7\u00e3o das informa\u00e7\u00f5es pessoais que temos sobre si, utilizando o contacto de acesso ou corre\u00e7\u00e3o relevante na Pol\u00edtica de privacidade da Suncrest travel and safaris travel<\/p>\n\n\n\n<h2 class=\"wp-block-heading\"><strong>REMO\u00c7\u00c3O DAS NOSSAS LISTAS DE MARKETING<\/strong><\/h2>\n\n\n\n<p>Se n\u00e3o pretender receber correio eletr\u00f3nico ou ofertas da Suncrest Travel and Safaris Travel, informe-nos enviando uma mensagem de correio eletr\u00f3nico ou se seguir simplesmente as instru\u00e7\u00f5es para \"anular a subscri\u00e7\u00e3o\" inclu\u00eddas no correio normal e nas ofertas de correio eletr\u00f3nico da Suncrest Travel and Safaris Travel, o seu nome ser\u00e1 retirado da lista de distribui\u00e7\u00e3o.<\/p>","protected":false},"excerpt":{"rendered":"<p>Who we are Suncrest travel and safaris travel is committed to our client\u2019s privacy and security and to taking steps designed to secure your personal and financial information. We believe your private details should be kept just that and when you share personal information with us, we will make all reasonable endeavours to keep your [&hellip;]<\/p>","protected":false},"author":1,"featured_media":0,"parent":0,"menu_order":0,"comment_status":"closed","ping_status":"open","template":"","meta":{"om_disable_all_campaigns":false,"_monsterinsights_skip_tracking":false,"_monsterinsights_sitenote_active":false,"_monsterinsights_sitenote_note":"","_monsterinsights_sitenote_category":0,"footnotes":""},"class_list":["post-9367","page","type-page","status-publish","hentry"],"aioseo_notices":[],"_links":{"self":[{"href":"https:\/\/suncresttravelandsafaris.com\/pt\/wp-json\/wp\/v2\/pages\/9367","targetHints":{"allow":["GET"]}}],"collection":[{"href":"https:\/\/suncresttravelandsafaris.com\/pt\/wp-json\/wp\/v2\/pages"}],"about":[{"href":"https:\/\/suncresttravelandsafaris.com\/pt\/wp-json\/wp\/v2\/types\/page"}],"author":[{"embeddable":true,"href":"https:\/\/suncresttravelandsafaris.com\/pt\/wp-json\/wp\/v2\/users\/1"}],"replies":[{"embeddable":true,"href":"https:\/\/suncresttravelandsafaris.com\/pt\/wp-json\/wp\/v2\/comments?post=9367"}],"version-history":[{"count":1,"href":"https:\/\/suncresttravelandsafaris.com\/pt\/wp-json\/wp\/v2\/pages\/9367\/revisions"}],"predecessor-version":[{"id":11584,"href":"https:\/\/suncresttravelandsafaris.com\/pt\/wp-json\/wp\/v2\/pages\/9367\/revisions\/11584"}],"wp:attachment":[{"href":"https:\/\/suncresttravelandsafaris.com\/pt\/wp-json\/wp\/v2\/media?parent=9367"}],"curies":[{"name":"wp","href":"https:\/\/api.w.org\/{rel}","templated":true}]}}