{"id":12369,"date":"2025-09-15T20:33:55","date_gmt":"2025-09-15T20:33:55","guid":{"rendered":"https:\/\/suncresttravelandsafaris.com\/?post_type=product&#038;p=12369"},"modified":"2025-09-17T11:52:45","modified_gmt":"2025-09-17T11:52:45","slug":"6-days-bush-safari-and-beach-experience","status":"publish","type":"product","link":"https:\/\/suncresttravelandsafaris.com\/pt\/produto\/6-days-bush-safari-and-beach-experience\/","title":{"rendered":"7 dias de safari no mato e experi\u00eancia na praia"},"content":{"rendered":"<h2>Vis\u00e3o geral<\/h2>\n<p>Este safari no mato e na praia combina emocionantes aventuras na vida selvagem em Maasai Mara com um relaxante retiro costeiro em Diani. Passe os seus primeiros dias a explorar a savana com safaris e experi\u00eancias culturais opcionais, depois descontraia em praias imaculadas com actividades de lazer, tratamentos de spa e a brisa do oceano. \u00c9 o equil\u00edbrio perfeito entre a emo\u00e7\u00e3o do safari e o relaxamento \u00e0 beira-mar.<\/p>\n<h4>Destaque da excurs\u00e3o<\/h4>\n<ul>\n<li>Game drives<\/li>\n<li>Maasai village visit<\/li>\n<li>Beach relaxation in Diani<\/li>\n<\/ul>\n<h4>Cargas a partir de:<\/h4>\n<p><span style=\"color: #ff0000;\"><b>Pre\u00e7os sujeitos a altera\u00e7\u00f5es<\/b><\/span><\/p>\n<table style=\"width: 100%; border-collapse: collapse; font-size: 16px; text-align: center; min-width: 500px;\">\n<thead>\n<tr>\n<th style=\"border: 1px solid #ddd; padding: 12px; background: #299fc3; color: #fff; font-weight: bold;\"><\/th>\n<th style=\"border: 1px solid #ddd; padding: 12px; background: #299fc3; color: #fff; font-weight: bold;\">\u00c9poca baixa<br \/>\n(abril - maio)<\/th>\n<th style=\"border: 1px solid #ddd; padding: 12px; background: #299fc3; color: #fff; font-weight: bold;\">\u00c9poca alta<br \/>\n(janeiro - mar\u00e7o,<br \/>\nnovembro):<\/th>\n<th style=\"border: 1px solid #ddd; padding: 12px; background: #299fc3; color: #fff; font-weight: bold;\">\u00c9poca alta<br \/>\n(julho - outubro,<br \/>\nFeriados de dezembro)<\/th>\n<\/tr>\n<\/thead>\n<tbody>\n<tr>\n<td style=\"border: 1px solid #ddd; padding: 12px; background: #fff; color: #000;\">Or\u00e7amento<\/td>\n<td style=\"border: 1px solid #ddd; padding: 12px; background: #fff; color: #000;\">1500<\/td>\n<td style=\"border: 1px solid #ddd; padding: 12px; background: #fff; color: #000;\">2000<\/td>\n<td style=\"border: 1px solid #ddd; padding: 12px; background: #fff; color: #000;\">3000<\/td>\n<\/tr>\n<tr>\n<td style=\"border: 1px solid #ddd; padding: 12px; background: #fff; color: #000;\">Gama m\u00e9dia<\/td>\n<td style=\"border: 1px solid #ddd; padding: 12px; background: #fff; color: #000;\">2500<\/td>\n<td style=\"border: 1px solid #ddd; padding: 12px; background: #fff; color: #000;\">3000<\/td>\n<td style=\"border: 1px solid #ddd; padding: 12px; background: #fff; color: #000;\">4000<\/td>\n<\/tr>\n<tr>\n<td style=\"border: 1px solid #ddd; padding: 12px; background: #fff; color: #000;\">Luxo<\/td>\n<td style=\"border: 1px solid #ddd; padding: 12px; background: #fff; color: #000;\">3000<\/td>\n<td style=\"border: 1px solid #ddd; padding: 12px; background: #fff; color: #000;\">3500<\/td>\n<td style=\"border: 1px solid #ddd; padding: 12px; background: #fff; color: #000;\">4500<\/td>\n<\/tr>\n<\/tbody>\n<\/table>","protected":false},"excerpt":{"rendered":"<p>A safari and beach holiday combining Maasai Mara game drives with relaxing days on Diani\u2019s white-sand beaches.<\/p>","protected":false},"featured_media":12371,"comment_status":"open","ping_status":"closed","template":"","meta":{"om_disable_all_campaigns":false,"_monsterinsights_skip_tracking":false,"_monsterinsights_sitenote_active":false,"_monsterinsights_sitenote_note":"","_monsterinsights_sitenote_category":0},"product_brand":[],"product_cat":[96],"product_tag":[],"class_list":{"0":"post-12369","1":"product","2":"type-product","3":"status-publish","4":"has-post-thumbnail","6":"brw_tour_types-honeymoon","7":"product_cat-honeymoon","9":"first","10":"instock","11":"shipping-taxable","12":"purchasable","13":"product-type-ovabrw_car_rental"},"aioseo_notices":[],"_links":{"self":[{"href":"https:\/\/suncresttravelandsafaris.com\/pt\/wp-json\/wp\/v2\/product\/12369","targetHints":{"allow":["GET"]}}],"collection":[{"href":"https:\/\/suncresttravelandsafaris.com\/pt\/wp-json\/wp\/v2\/product"}],"about":[{"href":"https:\/\/suncresttravelandsafaris.com\/pt\/wp-json\/wp\/v2\/types\/product"}],"replies":[{"embeddable":true,"href":"https:\/\/suncresttravelandsafaris.com\/pt\/wp-json\/wp\/v2\/comments?post=12369"}],"wp:featuredmedia":[{"embeddable":true,"href":"https:\/\/suncresttravelandsafaris.com\/pt\/wp-json\/wp\/v2\/media\/12371"}],"wp:attachment":[{"href":"https:\/\/suncresttravelandsafaris.com\/pt\/wp-json\/wp\/v2\/media?parent=12369"}],"wp:term":[{"taxonomy":"product_brand","embeddable":true,"href":"https:\/\/suncresttravelandsafaris.com\/pt\/wp-json\/wp\/v2\/product_brand?post=12369"},{"taxonomy":"product_cat","embeddable":true,"href":"https:\/\/suncresttravelandsafaris.com\/pt\/wp-json\/wp\/v2\/product_cat?post=12369"},{"taxonomy":"product_tag","embeddable":true,"href":"https:\/\/suncresttravelandsafaris.com\/pt\/wp-json\/wp\/v2\/product_tag?post=12369"}],"curies":[{"name":"wp","href":"https:\/\/api.w.org\/{rel}","templated":true}]}}