{"id":12429,"date":"2025-09-16T09:10:28","date_gmt":"2025-09-16T09:10:28","guid":{"rendered":"https:\/\/suncresttravelandsafaris.com\/?post_type=product&#038;p=12429"},"modified":"2025-09-16T14:34:28","modified_gmt":"2025-09-16T14:34:28","slug":"11-day-kenya-tanzania-safari-adventure","status":"publish","type":"product","link":"https:\/\/suncresttravelandsafaris.com\/pt\/produto\/11-day-kenya-tanzania-safari-adventure\/","title":{"rendered":"Aventura de 11 dias no Qu\u00e9nia e na Tanz\u00e2nia"},"content":{"rendered":"<h2>Vis\u00e3o geral<\/h2>\n<p data-start=\"213\" data-end=\"1024\">This 11-day safari offers the best of Kenya and Tanzania\u2019s premier parks, taking you from Kenya\u2019s Maasai Mara and Amboseli to Tanzania\u2019s Tarangire, Serengeti, and Ngorongoro Crater. Spot the Big Five, flamingos at Lake Nakuru, elephants against Kilimanjaro, and vast herds across the Serengeti plains. The adventure includes game drives, scenic drives, cultural encounters, and breathtaking landscapes. With professional guides, comfortable accommodations, and seamless cross-border travel, this safari guarantees an epic wildlife experience across East Africa.<\/p>\n<h4>Destaque da excurs\u00e3o<\/h4>\n<ul>\n<li>Os Cinco Grandes em Maasai Mara<\/li>\n<li>Rhinos &amp; flamingos at Lake Nakuru<\/li>\n<li>Elephants in Amboseli<\/li>\n<li>Cross-border safari into Tanzania<\/li>\n<li>Tarangire\u2019s baobabs &amp; lions<\/li>\n<li>Serengeti game drives<\/li>\n<li>Ngorongoro Crater wildlife<\/li>\n<\/ul>\n<h4>Cargas a partir de:<\/h4>\n<p><span style=\"color: red; font-weight: bold;\">Pre\u00e7os sujeitos a altera\u00e7\u00f5es<\/span><\/p>\n<div style=\"overflow-x: auto; -webkit-overflow-scrolling: touch; margin-top: 10px;\">\n<table style=\"width: 100%; border-collapse: collapse; font-size: 16px; text-align: center; min-width: 500px;\">\n<thead>\n<tr>\n<th style=\"border: 1px solid #ddd; padding: 12px; background: #299fc3; color: #fff; font-weight: bold;\"><\/th>\n<th style=\"border: 1px solid #ddd; padding: 12px; background: #299fc3; color: #fff; font-weight: bold;\">\u00c9poca baixa<br \/>\n(janeiro - mar\u00e7o,<br \/>\njulho - agosto)<\/th>\n<th style=\"border: 1px solid #ddd; padding: 12px; background: #299fc3; color: #fff; font-weight: bold;\">\u00c9poca alta<br \/>\n(abril - junho,<br \/>\nsetembro - novembro)<\/th>\n<th style=\"border: 1px solid #ddd; padding: 12px; background: #299fc3; color: #fff; font-weight: bold;\">\u00c9poca alta<br \/>\n(Feriados de dezembro,<br \/>\nP\u00e1scoa)<\/th>\n<\/tr>\n<\/thead>\n<tbody>\n<tr>\n<td style=\"border: 1px solid #ddd; padding: 12px; background: #fff; color: #000;\">Or\u00e7amento<\/td>\n<td style=\"border: 1px solid #ddd; padding: 12px; background: #fff; color: #000;\">3300<\/td>\n<td style=\"border: 1px solid #ddd; padding: 12px; background: #fff; color: #000;\">4400<\/td>\n<td style=\"border: 1px solid #ddd; padding: 12px; background: #fff; color: #000;\">6600<\/td>\n<\/tr>\n<tr>\n<td style=\"border: 1px solid #ddd; padding: 12px; background: #fff; color: #000;\">Gama m\u00e9dia<\/td>\n<td style=\"border: 1px solid #ddd; padding: 12px; background: #fff; color: #000;\">5700<\/td>\n<td style=\"border: 1px solid #ddd; padding: 12px; background: #fff; color: #000;\">6800<\/td>\n<td style=\"border: 1px solid #ddd; padding: 12px; background: #fff; color: #000;\">9000<\/td>\n<\/tr>\n<tr>\n<td style=\"border: 1px solid #ddd; padding: 12px; background: #fff; color: #000;\">Luxo<\/td>\n<td style=\"border: 1px solid #ddd; padding: 12px; background: #fff; color: #000;\">6900<\/td>\n<td style=\"border: 1px solid #ddd; padding: 12px; background: #fff; color: #000;\">8000<\/td>\n<td style=\"border: 1px solid #ddd; padding: 12px; background: #fff; color: #000;\">10200<\/td>\n<\/tr>\n<\/tbody>\n<\/table>\n<\/div>","protected":false},"excerpt":{"rendered":"<p>A thrilling 11-day cross-border safari through Kenya and Tanzania, combining the Maasai Mara, Amboseli, Serengeti, Ngorongoro, and more for unforgettable wildlife encounters.<\/p>","protected":false},"featured_media":12432,"comment_status":"open","ping_status":"closed","template":"","meta":{"om_disable_all_campaigns":false,"_monsterinsights_skip_tracking":false,"_monsterinsights_sitenote_active":false,"_monsterinsights_sitenote_note":"","_monsterinsights_sitenote_category":0},"product_brand":[],"product_cat":[279],"product_tag":[],"class_list":{"0":"post-12429","1":"product","2":"type-product","3":"status-publish","4":"has-post-thumbnail","6":"product_cat-featured","8":"first","9":"instock","10":"featured","11":"shipping-taxable","12":"purchasable","13":"product-type-ovabrw_car_rental"},"aioseo_notices":[],"_links":{"self":[{"href":"https:\/\/suncresttravelandsafaris.com\/pt\/wp-json\/wp\/v2\/product\/12429","targetHints":{"allow":["GET"]}}],"collection":[{"href":"https:\/\/suncresttravelandsafaris.com\/pt\/wp-json\/wp\/v2\/product"}],"about":[{"href":"https:\/\/suncresttravelandsafaris.com\/pt\/wp-json\/wp\/v2\/types\/product"}],"replies":[{"embeddable":true,"href":"https:\/\/suncresttravelandsafaris.com\/pt\/wp-json\/wp\/v2\/comments?post=12429"}],"wp:featuredmedia":[{"embeddable":true,"href":"https:\/\/suncresttravelandsafaris.com\/pt\/wp-json\/wp\/v2\/media\/12432"}],"wp:attachment":[{"href":"https:\/\/suncresttravelandsafaris.com\/pt\/wp-json\/wp\/v2\/media?parent=12429"}],"wp:term":[{"taxonomy":"product_brand","embeddable":true,"href":"https:\/\/suncresttravelandsafaris.com\/pt\/wp-json\/wp\/v2\/product_brand?post=12429"},{"taxonomy":"product_cat","embeddable":true,"href":"https:\/\/suncresttravelandsafaris.com\/pt\/wp-json\/wp\/v2\/product_cat?post=12429"},{"taxonomy":"product_tag","embeddable":true,"href":"https:\/\/suncresttravelandsafaris.com\/pt\/wp-json\/wp\/v2\/product_tag?post=12429"}],"curies":[{"name":"wp","href":"https:\/\/api.w.org\/{rel}","templated":true}]}}