{"id":11746,"date":"2025-09-02T21:23:25","date_gmt":"2025-09-02T21:23:25","guid":{"rendered":"https:\/\/suncresttravelandsafaris.com\/?page_id=11746"},"modified":"2025-09-11T17:04:26","modified_gmt":"2025-09-11T17:04:26","slug":"seasons","status":"publish","type":"page","link":"https:\/\/suncresttravelandsafaris.com\/sv\/arstider\/","title":{"rendered":"\u00c5rstider"},"content":{"rendered":"<div data-elementor-type=\"wp-page\" data-elementor-id=\"11746\" class=\"elementor elementor-11746\" data-elementor-post-type=\"page\">\n\t\t\t\t<div class=\"elementor-element elementor-element-bac7399 e-con-full e-flex e-con e-parent\" data-id=\"bac7399\" data-element_type=\"container\">\n\t\t\t\t<div class=\"elementor-element elementor-element-553148c elementor-widget elementor-widget-heading\" data-id=\"553148c\" data-element_type=\"widget\" data-widget_type=\"heading.default\">\n\t\t\t\t\t<h2 class=\"elementor-heading-title elementor-size-default\">Reses\u00e4songer i \u00d6stafrika<\/h2>\t\t\t\t<\/div>\n\t\t\t\t<div class=\"elementor-element elementor-element-d1d64ba elementor-widget elementor-widget-n-accordion\" data-id=\"d1d64ba\" data-element_type=\"widget\" data-settings=\"{&quot;default_state&quot;:&quot;expanded&quot;,&quot;max_items_expended&quot;:&quot;one&quot;,&quot;n_accordion_animation_duration&quot;:{&quot;unit&quot;:&quot;ms&quot;,&quot;size&quot;:400,&quot;sizes&quot;:[]}}\" data-widget_type=\"nested-accordion.default\">\n\t\t\t\t\t\t\t<div class=\"e-n-accordion\" aria-label=\"Dragspel. \u00d6ppna l\u00e4nkar med Enter eller Space, st\u00e4ng med Escape och navigera med piltangenterna\">\n\t\t\t\t\t\t<details id=\"e-n-accordion-item-2200\" class=\"e-n-accordion-item\" open>\n\t\t\t\t<summary class=\"e-n-accordion-item-title\" data-accordion-index=\"1\" tabindex=\"0\" aria-expanded=\"true\" aria-controls=\"e-n-accordion-item-2200\" >\n\t\t\t\t\t<span class='e-n-accordion-item-title-header'><div class=\"e-n-accordion-item-title-text\"> Kenya <\/div><\/span>\n\t\t\t\t\t\t\t<span class='e-n-accordion-item-title-icon'>\n\t\t\t<span class='e-opened' ><svg aria-hidden=\"true\" class=\"e-font-icon-svg e-fas-minus\" viewbox=\"0 0 448 512\" xmlns=\"http:\/\/www.w3.org\/2000\/svg\"><path d=\"M416 208H32c-17.67 0-32 14.33-32 32v32c0 17.67 14.33 32 32 32h384c17.67 0 32-14.33 32-32v-32c0-17.67-14.33-32-32-32z\"><\/path><\/svg><\/span>\n\t\t\t<span class='e-closed'><svg aria-hidden=\"true\" class=\"e-font-icon-svg e-fas-plus\" viewbox=\"0 0 448 512\" xmlns=\"http:\/\/www.w3.org\/2000\/svg\"><path d=\"M416 208H272V64c0-17.67-14.33-32-32-32h-32c-17.67 0-32 14.33-32 32v144H32c-17.67 0-32 14.33-32 32v32c0 17.67 14.33 32 32 32h144v144c0 17.67 14.33 32 32 32h32c17.67 0 32-14.33 32-32V304h144c17.67 0 32-14.33 32-32v-32c0-17.67-14.33-32-32-32z\"><\/path><\/svg><\/span>\n\t\t<\/span>\n\n\t\t\t\t\t\t<\/summary>\n\t\t\t\t<div role=\"region\" aria-labelledby=\"e-n-accordion-item-2200\" class=\"elementor-element elementor-element-7ea4842 e-con-full e-flex e-con e-child\" data-id=\"7ea4842\" data-element_type=\"container\">\n\t\t\t\t<div class=\"elementor-element elementor-element-43f88c3 elementor-widget elementor-widget-text-editor\" data-id=\"43f88c3\" data-element_type=\"widget\" data-widget_type=\"text-editor.default\">\n\t\t\t\t\t\t\t\t\t<p><span style=\"font-size: 14pt;\"><strong>\u00a0<\/strong><\/span><\/p><p><span style=\"font-size: 14pt;\"><strong>L\u00e5gs\u00e4song (april - maj):<\/strong><\/span><br \/><span style=\"font-size: 14pt;\">Detta \u00e4r Kenyas l\u00e5nga regns\u00e4song. \u00c4ven om vissa avl\u00e4gsna lodger st\u00e4nger p\u00e5 grund av oframkomliga v\u00e4gar \u00e4r landskapet vackert gr\u00f6nt. Det \u00e4r fortfarande m\u00f6jligt att se vilda djur i parker som Maasai Mara, Amboseli och Samburu, \u00e4ven om djurlivet \u00e4r lite spritt. Priserna sjunker avsev\u00e4rt, vilket g\u00f6r det till ett bra v\u00e4rde f\u00f6r resen\u00e4rer som reser utanf\u00f6r h\u00f6gs\u00e4song.<\/span><br \/><span style=\"font-size: 14pt;\">Vid kusten (Mombasa, Diani, Watamu, Lamu) kan regn st\u00f6r strandlivet, men de som inte har n\u00e5got emot enstaka skurar kan njuta av rabatterade vistelser och f\u00e4rre turister.<\/span><\/p><p><span style=\"font-size: 14pt;\">\u00a0<\/span><\/p><p><span style=\"font-size: 14pt;\"><strong>H\u00f6gs\u00e4song (januari - mars, november):<\/strong><\/span><br \/><span style=\"font-size: 14pt;\">Utm\u00e4rkt safariv\u00e4der i bushen: torrt, soligt och bra sikt f\u00f6r vilda djur. Kalvningss\u00e4songen i Amboseli och andra omr\u00e5den erbjuder fantastisk rovdjur-byte-action.<\/span><br \/><span style=\"font-size: 14pt;\">Kusten \u00e4r varm och livlig, perfekt f\u00f6r strandh\u00e4ng, snorkling och dykning, s\u00e4rskilt efter de korta regnen i november.<\/span><\/p><p><span style=\"font-size: 14pt;\">\u00a0<\/span><\/p><p><span style=\"font-size: 14pt;\"><strong>H\u00f6gs\u00e4song (juli - oktober, december helgdagar):<\/strong><\/span><br \/><span style=\"font-size: 14pt;\">Det h\u00e4r \u00e4r den mest popul\u00e4ra tiden f\u00f6r safari p\u00e5 grund av den stora gnu-migrationen i Maasai Mara. Safariturerna \u00e4r sp\u00e4nnande och v\u00e4dret \u00e4r perfekt - svalt, torrt och klart.<\/span><br \/><span style=\"font-size: 14pt;\">Kenyas kust \u00e4r livlig under skolloven och festligheterna i december. Jul och ny\u00e5r \u00e4r fullbokade m\u00e5nader p\u00e5 b\u00e5de bush- och stranddestinationer, s\u00e5 det \u00e4r viktigt att planera i god tid.<\/span><\/p>\t\t\t\t\t\t\t\t<\/div>\n\t\t\t\t<\/div>\n\t\t\t\t\t<\/details>\n\t\t\t\t\t\t<details id=\"e-n-accordion-item-2201\" class=\"e-n-accordion-item\" >\n\t\t\t\t<summary class=\"e-n-accordion-item-title\" data-accordion-index=\"2\" tabindex=\"-1\" aria-expanded=\"false\" aria-controls=\"e-n-accordion-item-2201\" >\n\t\t\t\t\t<span class='e-n-accordion-item-title-header'><div class=\"e-n-accordion-item-title-text\"> Uganda <\/div><\/span>\n\t\t\t\t\t\t\t<span class='e-n-accordion-item-title-icon'>\n\t\t\t<span class='e-opened' ><svg aria-hidden=\"true\" class=\"e-font-icon-svg e-fas-minus\" viewbox=\"0 0 448 512\" xmlns=\"http:\/\/www.w3.org\/2000\/svg\"><path d=\"M416 208H32c-17.67 0-32 14.33-32 32v32c0 17.67 14.33 32 32 32h384c17.67 0 32-14.33 32-32v-32c0-17.67-14.33-32-32-32z\"><\/path><\/svg><\/span>\n\t\t\t<span class='e-closed'><svg aria-hidden=\"true\" class=\"e-font-icon-svg e-fas-plus\" viewbox=\"0 0 448 512\" xmlns=\"http:\/\/www.w3.org\/2000\/svg\"><path d=\"M416 208H272V64c0-17.67-14.33-32-32-32h-32c-17.67 0-32 14.33-32 32v144H32c-17.67 0-32 14.33-32 32v32c0 17.67 14.33 32 32 32h144v144c0 17.67 14.33 32 32 32h32c17.67 0 32-14.33 32-32V304h144c17.67 0 32-14.33 32-32v-32c0-17.67-14.33-32-32-32z\"><\/path><\/svg><\/span>\n\t\t<\/span>\n\n\t\t\t\t\t\t<\/summary>\n\t\t\t\t<div role=\"region\" aria-labelledby=\"e-n-accordion-item-2201\" class=\"elementor-element elementor-element-c9d1d2c e-con-full e-flex e-con e-child\" data-id=\"c9d1d2c\" data-element_type=\"container\">\n\t\t\t\t<div class=\"elementor-element elementor-element-7eaf5f9 elementor-widget elementor-widget-text-editor\" data-id=\"7eaf5f9\" data-element_type=\"widget\" data-widget_type=\"text-editor.default\">\n\t\t\t\t\t\t\t\t\t<p><span style=\"font-size: 14pt;\"><strong>\u00a0<\/strong><\/span><\/p>\n<p><span style=\"font-size: 14pt;\"><strong>L\u00e5gs\u00e4song (mars - maj, oktober - november):<\/strong><\/span><br \/><span style=\"font-size: 14pt;\">Kraftiga regn g\u00f6r skogsstigarna leriga och gorilla- och chimpansvandringar mer utmanande. Kostnaderna f\u00f6r tillst\u00e5nd f\u00f6r gorillatrekking \u00e4r dock ofta l\u00e4gre. Safari lodger och parker \u00e4r lugnare och mer prisv\u00e4rda.<\/span><br \/><span style=\"font-size: 14pt;\">Uganda \u00e4r ett inlandsl\u00e4n, s\u00e5 ingen strandturism, men retreater vid sj\u00f6n Victoria eller Ssese\u00f6arna erbjuder ett fridfullt alternativ.<\/span><\/p>\n<p><span style=\"font-size: 14pt;\"><strong>\u00a0<\/strong><\/span><\/p>\n<p><span style=\"font-size: 14pt;\"><strong>H\u00f6gs\u00e4song (december - februari):<\/strong><\/span><br \/><span style=\"font-size: 14pt;\">Den h\u00e4r torrperioden ger b\u00e4ttre vandrings- och trekkingf\u00f6rh\u00e5llanden i Bwindi Impenetrable Forest och Kibale Forest. Djursk\u00e5dning i savannparker som Queen Elizabeth och Murchison Falls \u00e4r bra, och landskapet \u00e4r frodigt men tillg\u00e4ngligt.<\/span><\/p>\n<p><span style=\"font-size: 14pt;\"><strong>\u00a0<\/strong><\/span><\/p>\n<p><span style=\"font-size: 14pt;\"><strong>H\u00f6gs\u00e4song (juni - september):<\/strong><\/span><br \/><span style=\"font-size: 14pt;\">Idealisk tid f\u00f6r vandring med gorilla och schimpans. Lodger och tillst\u00e5nd bokas m\u00e5nader i f\u00f6rv\u00e4g. Game drives \u00e4r produktiva med djur som samlas runt vattenk\u00e4llor. F\u00f6rv\u00e4nta dig h\u00f6gre priser och upptagna parker.<\/span><\/p>\t\t\t\t\t\t\t\t<\/div>\n\t\t\t\t<\/div>\n\t\t\t\t\t<\/details>\n\t\t\t\t\t\t<details id=\"e-n-accordion-item-2202\" class=\"e-n-accordion-item\" >\n\t\t\t\t<summary class=\"e-n-accordion-item-title\" data-accordion-index=\"3\" tabindex=\"-1\" aria-expanded=\"false\" aria-controls=\"e-n-accordion-item-2202\" >\n\t\t\t\t\t<span class='e-n-accordion-item-title-header'><div class=\"e-n-accordion-item-title-text\"> Tanzania <\/div><\/span>\n\t\t\t\t\t\t\t<span class='e-n-accordion-item-title-icon'>\n\t\t\t<span class='e-opened' ><svg aria-hidden=\"true\" class=\"e-font-icon-svg e-fas-minus\" viewbox=\"0 0 448 512\" xmlns=\"http:\/\/www.w3.org\/2000\/svg\"><path d=\"M416 208H32c-17.67 0-32 14.33-32 32v32c0 17.67 14.33 32 32 32h384c17.67 0 32-14.33 32-32v-32c0-17.67-14.33-32-32-32z\"><\/path><\/svg><\/span>\n\t\t\t<span class='e-closed'><svg aria-hidden=\"true\" class=\"e-font-icon-svg e-fas-plus\" viewbox=\"0 0 448 512\" xmlns=\"http:\/\/www.w3.org\/2000\/svg\"><path d=\"M416 208H272V64c0-17.67-14.33-32-32-32h-32c-17.67 0-32 14.33-32 32v144H32c-17.67 0-32 14.33-32 32v32c0 17.67 14.33 32 32 32h144v144c0 17.67 14.33 32 32 32h32c17.67 0 32-14.33 32-32V304h144c17.67 0 32-14.33 32-32v-32c0-17.67-14.33-32-32-32z\"><\/path><\/svg><\/span>\n\t\t<\/span>\n\n\t\t\t\t\t\t<\/summary>\n\t\t\t\t<div role=\"region\" aria-labelledby=\"e-n-accordion-item-2202\" class=\"elementor-element elementor-element-512425c e-con-full e-flex e-con e-child\" data-id=\"512425c\" data-element_type=\"container\">\n\t\t\t\t<div class=\"elementor-element elementor-element-3fd00db elementor-widget elementor-widget-text-editor\" data-id=\"3fd00db\" data-element_type=\"widget\" data-widget_type=\"text-editor.default\">\n\t\t\t\t\t\t\t\t\t<p><span style=\"font-size: 14pt;\"><strong>\u00a0<\/strong><\/span><\/p>\n<p><span style=\"font-size: 14pt;\"><strong>L\u00e5gs\u00e4song (april - maj):<\/strong><\/span><br \/><span style=\"font-size: 14pt;\">L\u00e5nga regn p\u00e5verkar tillg\u00e5ngen i avl\u00e4gsna safariparker, men det h\u00e4r \u00e4r den mest budgetv\u00e4nliga tiden. Landskapet \u00e4r h\u00e4pnadsv\u00e4ckande gr\u00f6nt. Selous, Ruaha och vissa lodger i Northern Circuit kan st\u00e4ngas tillf\u00e4lligt.<\/span><br \/><span style=\"font-size: 14pt;\">Zanzibar och fastlandsstr\u00e4nderna drabbas av kraftiga regn, vilket kan p\u00e5verka dykning, utflykter och avkoppling p\u00e5 stranden.<\/span><\/p>\n<p><span style=\"font-size: 14pt;\">\u00a0<\/span><\/p>\n<p><span style=\"font-size: 14pt;\"><strong>H\u00f6gs\u00e4song (januari - mars, november - mitten av december):<\/strong><\/span><br \/><span style=\"font-size: 14pt;\">Djursk\u00e5dning \u00e4r utm\u00e4rkt, s\u00e4rskilt under kalvningss\u00e4songen i s\u00f6dra Serengeti (februari). Ngorongoro-kratern och Tarangire \u00e4r l\u00e4ttillg\u00e4ngliga och produktiva.<\/span><br \/><span style=\"font-size: 14pt;\">Zanzibar och Tanzanias kust \u00e4r varma och soliga och passar utm\u00e4rkt f\u00f6r strandsemester, med idealiska f\u00f6rh\u00e5llanden f\u00f6r snorkling och dykning.<\/span><\/p>\n<p><span style=\"font-size: 14pt;\">\u00a0<\/span><\/p>\n<p><span style=\"font-size: 14pt;\"><strong>H\u00f6gs\u00e4song (juni - oktober, december helgdagar):<\/strong><\/span><br \/><span style=\"font-size: 14pt;\">Northern Safari Circuit (Serengeti, Ngorongoro, Tarangire, Lake Manyara) \u00e4r i sin b\u00e4sta form. Denna period \u00f6verlappar med gnuvandringen och torrperioden d\u00e5 djuren \u00e4r l\u00e4tta att f\u00e5 syn p\u00e5.<\/span><br \/><span style=\"font-size: 14pt;\">Zanzibar \u00e4r som b\u00e4st - klar himmel, lugnt vatten och ett pulserande strandliv. Julveckorna i december \u00e4r s\u00e4rskilt hektiska.<\/span><\/p>\t\t\t\t\t\t\t\t<\/div>\n\t\t\t\t<\/div>\n\t\t\t\t\t<\/details>\n\t\t\t\t\t\t<details id=\"e-n-accordion-item-2203\" class=\"e-n-accordion-item\" >\n\t\t\t\t<summary class=\"e-n-accordion-item-title\" data-accordion-index=\"4\" tabindex=\"-1\" aria-expanded=\"false\" aria-controls=\"e-n-accordion-item-2203\" >\n\t\t\t\t\t<span class='e-n-accordion-item-title-header'><div class=\"e-n-accordion-item-title-text\">  Zanzibar  <\/div><\/span>\n\t\t\t\t\t\t\t<span class='e-n-accordion-item-title-icon'>\n\t\t\t<span class='e-opened' ><svg aria-hidden=\"true\" class=\"e-font-icon-svg e-fas-minus\" viewbox=\"0 0 448 512\" xmlns=\"http:\/\/www.w3.org\/2000\/svg\"><path d=\"M416 208H32c-17.67 0-32 14.33-32 32v32c0 17.67 14.33 32 32 32h384c17.67 0 32-14.33 32-32v-32c0-17.67-14.33-32-32-32z\"><\/path><\/svg><\/span>\n\t\t\t<span class='e-closed'><svg aria-hidden=\"true\" class=\"e-font-icon-svg e-fas-plus\" viewbox=\"0 0 448 512\" xmlns=\"http:\/\/www.w3.org\/2000\/svg\"><path d=\"M416 208H272V64c0-17.67-14.33-32-32-32h-32c-17.67 0-32 14.33-32 32v144H32c-17.67 0-32 14.33-32 32v32c0 17.67 14.33 32 32 32h144v144c0 17.67 14.33 32 32 32h32c17.67 0 32-14.33 32-32V304h144c17.67 0 32-14.33 32-32v-32c0-17.67-14.33-32-32-32z\"><\/path><\/svg><\/span>\n\t\t<\/span>\n\n\t\t\t\t\t\t<\/summary>\n\t\t\t\t<div role=\"region\" aria-labelledby=\"e-n-accordion-item-2203\" class=\"elementor-element elementor-element-bacaad3 e-flex e-con-boxed e-con e-child\" data-id=\"bacaad3\" data-element_type=\"container\">\n\t\t\t\t\t<div class=\"e-con-inner\">\n\t\t\t\t<div class=\"elementor-element elementor-element-60eaa70 elementor-widget elementor-widget-text-editor\" data-id=\"60eaa70\" data-element_type=\"widget\" data-widget_type=\"text-editor.default\">\n\t\t\t\t\t\t\t\t\t<p><span style=\"font-size: 14pt;\"><strong>\u00a0<\/strong><\/span><\/p>\n<p><span style=\"font-size: 14pt;\"><strong>L\u00e5gs\u00e4song (april - maj):<\/strong><\/span><br \/><span style=\"font-size: 14pt;\">Detta \u00e4r regnperioden. M\u00e5nga strandn\u00e4ra hotell st\u00e4nger tillf\u00e4lligt eller erbjuder kraftiga rabatter. Sj\u00f6gr\u00e4s kan samlas p\u00e5 str\u00e4nderna och p\u00e5verka deras utseende. Perfekt f\u00f6r resen\u00e4rer som vill koppla av med minimala folkmassor och \u00e4r okej med korta regnperioder.<\/span><\/p>\n<p><span style=\"font-size: 14pt;\">\u00a0<\/span><\/p>\n<p><span style=\"font-size: 14pt;\"><strong>H\u00f6gs\u00e4song (november - mitten av december, mars):<\/strong><\/span><br \/><span style=\"font-size: 14pt;\">Varma temperaturer och f\u00e4rre turister g\u00f6r detta till en trevlig semestertid p\u00e5 stranden. Sikten f\u00f6r dykning och snorkling \u00e4r utm\u00e4rkt. Bra tid att kombinera med en kort safari i norra Tanzania.<\/span><\/p>\n<p><span style=\"font-size: 14pt;\">\u00a0<\/span><\/p>\n<p><span style=\"font-size: 14pt;\"><strong>H\u00f6gs\u00e4song (juni - oktober, december helgdagar):<\/strong><\/span><\/p>\n<p><span style=\"font-size: 14pt;\">Detta \u00e4r den torra \u00e5rstiden som \u00e4r perfekt f\u00f6r solbad, segling och dykning. Resorterna \u00e4r fullbokade i juli-augusti och i slutet av december, s\u00e5 det \u00e4r viktigt att planera tidigt. Popul\u00e4rt f\u00f6r smekm\u00e5nadsresen\u00e4rer och avkoppling efter safarin.<\/span><\/p>\t\t\t\t\t\t\t\t<\/div>\n\t\t\t\t\t<\/div>\n\t\t\t\t<\/div>\n\t\t\t\t\t<\/details>\n\t\t\t\t\t\t<details id=\"e-n-accordion-item-2204\" class=\"e-n-accordion-item\" >\n\t\t\t\t<summary class=\"e-n-accordion-item-title\" data-accordion-index=\"5\" tabindex=\"-1\" aria-expanded=\"false\" aria-controls=\"e-n-accordion-item-2204\" >\n\t\t\t\t\t<span class='e-n-accordion-item-title-header'><div class=\"e-n-accordion-item-title-text\"> Seychellerna <\/div><\/span>\n\t\t\t\t\t\t\t<span class='e-n-accordion-item-title-icon'>\n\t\t\t<span class='e-opened' ><svg aria-hidden=\"true\" class=\"e-font-icon-svg e-fas-minus\" viewbox=\"0 0 448 512\" xmlns=\"http:\/\/www.w3.org\/2000\/svg\"><path d=\"M416 208H32c-17.67 0-32 14.33-32 32v32c0 17.67 14.33 32 32 32h384c17.67 0 32-14.33 32-32v-32c0-17.67-14.33-32-32-32z\"><\/path><\/svg><\/span>\n\t\t\t<span class='e-closed'><svg aria-hidden=\"true\" class=\"e-font-icon-svg e-fas-plus\" viewbox=\"0 0 448 512\" xmlns=\"http:\/\/www.w3.org\/2000\/svg\"><path d=\"M416 208H272V64c0-17.67-14.33-32-32-32h-32c-17.67 0-32 14.33-32 32v144H32c-17.67 0-32 14.33-32 32v32c0 17.67 14.33 32 32 32h144v144c0 17.67 14.33 32 32 32h32c17.67 0 32-14.33 32-32V304h144c17.67 0 32-14.33 32-32v-32c0-17.67-14.33-32-32-32z\"><\/path><\/svg><\/span>\n\t\t<\/span>\n\n\t\t\t\t\t\t<\/summary>\n\t\t\t\t<div role=\"region\" aria-labelledby=\"e-n-accordion-item-2204\" class=\"elementor-element elementor-element-85668dc e-flex e-con-boxed e-con e-child\" data-id=\"85668dc\" data-element_type=\"container\">\n\t\t\t\t\t<div class=\"e-con-inner\">\n\t\t\t\t<div class=\"elementor-element elementor-element-b414e60 elementor-widget elementor-widget-text-editor\" data-id=\"b414e60\" data-element_type=\"widget\" data-widget_type=\"text-editor.default\">\n\t\t\t\t\t\t\t\t\t<p><span style=\"font-size: 14pt;\"><strong>\u00a0<\/strong><\/span><\/p>\n<p><span style=\"font-size: 14pt;\"><strong>L\u00e5gs\u00e4song (januari - mars, juli - augusti):<\/strong><\/span><br \/><span style=\"font-size: 14pt;\">Dessa m\u00e5nader k\u00e4nnetecknas av h\u00f6gre luftfuktighet och enstaka tropiska regn, s\u00e4rskilt tidigt p\u00e5 \u00e5ret. I juli och augusti f\u00f6rekommer starkare passadvindar som kan p\u00e5verka simning och b\u00e5tliv. Det \u00e4r dock mindre folkmassor och det finns rabatter under l\u00e5gs\u00e4song.<\/span><\/p>\n<p><span style=\"font-size: 14pt;\">\u00a0<\/span><\/p>\n<p><span style=\"font-size: 14pt;\"><strong>H\u00f6gs\u00e4song (april - juni, september - november):<\/strong><\/span><br \/><span style=\"font-size: 14pt;\">Det h\u00e4r \u00e4r de b\u00e4sta m\u00e5naderna f\u00f6r en perfekt strandupplevelse: lugnt hav, l\u00e4tta vindar och kristallklart vatten som \u00e4r perfekt f\u00f6r snorkling, dykning och \u00f6hoppning. Natur\u00e4lskare kan uppleva f\u00e5glarnas h\u00e4ckning och sk\u00f6ldpaddornas \u00e4ggl\u00e4ggning.<\/span><\/p>\n<p><span style=\"font-size: 14pt;\">\u00a0<\/span><\/p>\n<p><span style=\"font-size: 14pt;\"><strong>H\u00f6gs\u00e4song (december helgdagar, p\u00e5sk):<\/strong><\/span><br \/><span style=\"font-size: 14pt;\">H\u00f6gs\u00e4songen lockar internationella resen\u00e4rer och priserna stiger. Str\u00e4nderna \u00e4r livliga, det \u00e4r stor efterfr\u00e5gan p\u00e5 semesterorter och v\u00e4dret \u00e4r vanligtvis varmt med enstaka skurar.<\/span><\/p>\t\t\t\t\t\t\t\t<\/div>\n\t\t\t\t\t<\/div>\n\t\t\t\t<\/div>\n\t\t\t\t\t<\/details>\n\t\t\t\t\t\t<details id=\"e-n-accordion-item-2205\" class=\"e-n-accordion-item\" >\n\t\t\t\t<summary class=\"e-n-accordion-item-title\" data-accordion-index=\"6\" tabindex=\"-1\" aria-expanded=\"false\" aria-controls=\"e-n-accordion-item-2205\" >\n\t\t\t\t\t<span class='e-n-accordion-item-title-header'><div class=\"e-n-accordion-item-title-text\"> Rwanda <\/div><\/span>\n\t\t\t\t\t\t\t<span class='e-n-accordion-item-title-icon'>\n\t\t\t<span class='e-opened' ><svg aria-hidden=\"true\" class=\"e-font-icon-svg e-fas-minus\" viewbox=\"0 0 448 512\" xmlns=\"http:\/\/www.w3.org\/2000\/svg\"><path d=\"M416 208H32c-17.67 0-32 14.33-32 32v32c0 17.67 14.33 32 32 32h384c17.67 0 32-14.33 32-32v-32c0-17.67-14.33-32-32-32z\"><\/path><\/svg><\/span>\n\t\t\t<span class='e-closed'><svg aria-hidden=\"true\" class=\"e-font-icon-svg e-fas-plus\" viewbox=\"0 0 448 512\" xmlns=\"http:\/\/www.w3.org\/2000\/svg\"><path d=\"M416 208H272V64c0-17.67-14.33-32-32-32h-32c-17.67 0-32 14.33-32 32v144H32c-17.67 0-32 14.33-32 32v32c0 17.67 14.33 32 32 32h144v144c0 17.67 14.33 32 32 32h32c17.67 0 32-14.33 32-32V304h144c17.67 0 32-14.33 32-32v-32c0-17.67-14.33-32-32-32z\"><\/path><\/svg><\/span>\n\t\t<\/span>\n\n\t\t\t\t\t\t<\/summary>\n\t\t\t\t<div role=\"region\" aria-labelledby=\"e-n-accordion-item-2205\" class=\"elementor-element elementor-element-f421b6d e-flex e-con-boxed e-con e-child\" data-id=\"f421b6d\" data-element_type=\"container\">\n\t\t\t\t\t<div class=\"e-con-inner\">\n\t\t\t\t<div class=\"elementor-element elementor-element-7c8e293 elementor-widget elementor-widget-text-editor\" data-id=\"7c8e293\" data-element_type=\"widget\" data-widget_type=\"text-editor.default\">\n\t\t\t\t\t\t\t\t\t<p><span style=\"font-size: 14pt;\"><strong>\u00a0<\/strong><\/span><\/p>\n<p><span style=\"font-size: 14pt;\"><strong>L\u00e5gs\u00e4song (mars - maj, oktober - mitten av december):<\/strong><\/span><br \/><span style=\"font-size: 14pt;\">Regniga f\u00f6rh\u00e5llanden g\u00f6r gorillatrekking sv\u00e5rare, men det betyder ocks\u00e5 f\u00e4rre turister och l\u00e4gre priser p\u00e5 tillst\u00e5nd och lodge. Vissa stigar kan vara leriga och hala.<\/span><\/p>\n<p><span style=\"font-size: 14pt;\">\u00a0<\/span><\/p>\n<p><span style=\"font-size: 14pt;\"><strong>H\u00f6gs\u00e4song (december - februari):<\/strong><\/span><br \/><span style=\"font-size: 14pt;\">Torrt och varmt v\u00e4der g\u00f6r det perfekt f\u00f6r skogsvandringar och primatsp\u00e5rning. Volcanoes National Park, Nyungwe Forest och Akagera National Park \u00e4r alla tillg\u00e4ngliga och produktiva.<\/span><\/p>\n<p><span style=\"font-size: 14pt;\">\u00a0<\/span><\/p>\n<p><span style=\"font-size: 14pt;\"><strong>H\u00f6gs\u00e4song (juni - september):<\/strong><\/span><br \/><span style=\"font-size: 14pt;\">Utm\u00e4rkta vandringsf\u00f6rh\u00e5llanden och f\u00f6rstklassiga observationer av vilda djur. Det \u00e4r ocks\u00e5 torrperiod, vilket g\u00f6r det l\u00e4ttare att ta sig till alla parker. Lodger och gorillatillst\u00e5nd \u00e4r ofta fullbokade - perfekt f\u00f6r att planera i god tid.<\/span><\/p>\t\t\t\t\t\t\t\t<\/div>\n\t\t\t\t\t<\/div>\n\t\t\t\t<\/div>\n\t\t\t\t\t<\/details>\n\t\t\t\t\t<\/div>\n\t\t\t\t\t\t<\/div>\n\t\t\t\t<\/div>\n\t\t\t\t<\/div>","protected":false},"excerpt":{"rendered":"<p>Travel Seasons in East Africa Kenya \u00a0 Low Season (April \u2013 May):This is Kenya\u2019s long rainy season. While some remote lodges close due to impassable roads, the landscape is beautifully green. Game viewing is still possible in parks like Maasai Mara, Amboseli, and Samburu, though the wildlife is a bit scattered. Rates drop significantly, making [&hellip;]<\/p>","protected":false},"author":1,"featured_media":0,"parent":0,"menu_order":0,"comment_status":"closed","ping_status":"closed","template":"elementor_theme","meta":{"om_disable_all_campaigns":false,"_monsterinsights_skip_tracking":false,"_monsterinsights_sitenote_active":false,"_monsterinsights_sitenote_note":"","_monsterinsights_sitenote_category":0,"footnotes":""},"class_list":["post-11746","page","type-page","status-publish","hentry"],"aioseo_notices":[],"_links":{"self":[{"href":"https:\/\/suncresttravelandsafaris.com\/sv\/wp-json\/wp\/v2\/pages\/11746","targetHints":{"allow":["GET"]}}],"collection":[{"href":"https:\/\/suncresttravelandsafaris.com\/sv\/wp-json\/wp\/v2\/pages"}],"about":[{"href":"https:\/\/suncresttravelandsafaris.com\/sv\/wp-json\/wp\/v2\/types\/page"}],"author":[{"embeddable":true,"href":"https:\/\/suncresttravelandsafaris.com\/sv\/wp-json\/wp\/v2\/users\/1"}],"replies":[{"embeddable":true,"href":"https:\/\/suncresttravelandsafaris.com\/sv\/wp-json\/wp\/v2\/comments?post=11746"}],"version-history":[{"count":21,"href":"https:\/\/suncresttravelandsafaris.com\/sv\/wp-json\/wp\/v2\/pages\/11746\/revisions"}],"predecessor-version":[{"id":12080,"href":"https:\/\/suncresttravelandsafaris.com\/sv\/wp-json\/wp\/v2\/pages\/11746\/revisions\/12080"}],"wp:attachment":[{"href":"https:\/\/suncresttravelandsafaris.com\/sv\/wp-json\/wp\/v2\/media?parent=11746"}],"curies":[{"name":"wp","href":"https:\/\/api.w.org\/{rel}","templated":true}]}}