{"id":12437,"date":"2025-09-16T09:50:55","date_gmt":"2025-09-16T09:50:55","guid":{"rendered":"https:\/\/suncresttravelandsafaris.com\/?post_type=product&#038;p=12437"},"modified":"2025-09-16T14:34:09","modified_gmt":"2025-09-16T14:34:09","slug":"7-days-in-paradise-discover-the-magic-of-zanzibar","status":"publish","type":"product","link":"https:\/\/suncresttravelandsafaris.com\/sv\/produkt\/7-dagar-i-paradiset-upptack-zanzibars-magi\/","title":{"rendered":"7 dagar i paradiset: Uppt\u00e4ck Zanzibars magi"},"content":{"rendered":"<h2>\u00d6versikt<\/h2>\n<p data-start=\"213\" data-end=\"1024\">Denna 7-dagars resa till Zanzibar blandar avkoppling med uppt\u00e4ckter. Fr\u00e5n de exotiska kryddg\u00e5rdarna och de historiska underverken i Stone Town till det turkosa vattnet i Mnemba Atoll och de r\u00f6da Colobus-aporna i Jozani-skogen, varje dag erbjuder ett unikt \u00e4ventyr. H\u00f6jdpunkterna inkluderar den ikoniska middagsupplevelsen p\u00e5 Rock Restaurant, en heldagstur med Safari Blue med snorkling och skaldjursgrillning samt fritid p\u00e5 Zanzibars str\u00e4nder i v\u00e4rldsklass. Med guidade turer, kulturell f\u00f6rdjupning och naturlig sk\u00f6nhet vid varje tur \u00e4r denna resv\u00e4g utformad f\u00f6r resen\u00e4rer som s\u00f6ker den perfekta balansen mellan utforskning och avkoppling.<\/p>\n<h4>H\u00f6jdpunkt p\u00e5 resan<\/h4>\n<ul>\n<li>Safari Blue Adventure - Snorkling, avkoppling p\u00e5 sandbank och BBQ med skaldjur.<\/li>\n<li>Spice Farm Tour - Uppt\u00e4ck Zanzibars exotiska kryddor.<\/li>\n<li>Stone Town Exploration - Kultur, historia och arkitektur.<\/li>\n<li>Bes\u00f6k p\u00e5 Prison Island - Se Aldabras j\u00e4ttesk\u00f6ldpaddor.<\/li>\n<li>Snorkling i Mnemba Atoll - Simma med delfiner och utforska korallrev.<\/li>\n<li>Jozani Forest Walk - Se s\u00e4llsynta r\u00f6da Colobus-apor.<\/li>\n<li>Lunch p\u00e5 The Rock Restaurant - en ikonisk matupplevelse.<\/li>\n<li>Fritid - Njut av Zanzibars or\u00f6rda str\u00e4nder.<\/li>\n<\/ul>\n<h4>Avgifter Fr\u00e5n och med:<\/h4>\n<p><span style=\"color: red; font-weight: bold;\">Priserna kan komma att \u00e4ndras<\/span><\/p>\n<div style=\"overflow-x: auto; -webkit-overflow-scrolling: touch; margin-top: 10px;\">\n<table style=\"width: 100%; border-collapse: collapse; font-size: 16px; text-align: center; min-width: 500px; height: 204px;\">\n<thead>\n<tr style=\"height: 135px;\">\n<th style=\"border: 1px solid #dddddd; padding: 12px; background: #299fc3; color: #ffffff; font-weight: bold; height: 135px;\"><\/th>\n<th style=\"border: 1px solid #dddddd; padding: 12px; background: #299fc3; color: #ffffff; font-weight: bold; height: 135px;\">L\u00e5gs\u00e4song<br \/>\n(april - maj)<\/th>\n<th style=\"border: 1px solid #dddddd; padding: 12px; background: #299fc3; color: #ffffff; font-weight: bold; height: 135px;\">H\u00f6gs\u00e4song<br \/>\n(Januari - mars,<br \/>\nnovember - mitten av december)<\/th>\n<th style=\"border: 1px solid #dddddd; padding: 12px; background: #299fc3; color: #ffffff; font-weight: bold; height: 135px;\">H\u00f6gs\u00e4song<br \/>\n(Juni - oktober,<br \/>\nDecember helgdagar)<\/th>\n<\/tr>\n<\/thead>\n<tbody>\n<tr style=\"height: 23px;\">\n<td style=\"border: 1px solid #dddddd; padding: 12px; background: #ffffff; color: #000000; height: 23px;\">Budget<\/td>\n<td style=\"border: 1px solid #dddddd; padding: 12px; background: #ffffff; color: #000000; height: 23px;\">2100<\/td>\n<td style=\"border: 1px solid #dddddd; padding: 12px; background: #ffffff; color: #000000; height: 23px;\">2800<\/td>\n<td style=\"border: 1px solid #dddddd; padding: 12px; background: #ffffff; color: #000000; height: 23px;\">4200<\/td>\n<\/tr>\n<tr style=\"height: 23px;\">\n<td style=\"border: 1px solid #dddddd; padding: 12px; background: #ffffff; color: #000000; height: 23px;\">Mellanregister<\/td>\n<td style=\"border: 1px solid #dddddd; padding: 12px; background: #ffffff; color: #000000; height: 23px;\">3500<\/td>\n<td style=\"border: 1px solid #dddddd; padding: 12px; background: #ffffff; color: #000000; height: 23px;\">4200<\/td>\n<td style=\"border: 1px solid #dddddd; padding: 12px; background: #ffffff; color: #000000; height: 23px;\">5600<\/td>\n<\/tr>\n<tr style=\"height: 23px;\">\n<td style=\"border: 1px solid #dddddd; padding: 12px; background: #ffffff; color: #000000; height: 23px;\">Lyx<\/td>\n<td style=\"border: 1px solid #dddddd; padding: 12px; background: #ffffff; color: #000000; height: 23px;\">4200<\/td>\n<td style=\"border: 1px solid #dddddd; padding: 12px; background: #ffffff; color: #000000; height: 23px;\">4900<\/td>\n<td style=\"border: 1px solid #dddddd; padding: 12px; background: #ffffff; color: #000000; height: 23px;\">6300<\/td>\n<\/tr>\n<\/tbody>\n<\/table>\n<\/div>","protected":false},"excerpt":{"rendered":"<p>En 7-dagars tropisk resa till Zanzibar som kombinerar kultur, historia, kryddor och or\u00f6rda str\u00e4nder med sp\u00e4nnande \u00e4ventyr som snorkling, delfinspaning och skogspromenader.<\/p>","protected":false},"featured_media":12439,"comment_status":"open","ping_status":"closed","template":"","meta":{"om_disable_all_campaigns":false,"_monsterinsights_skip_tracking":false,"_monsterinsights_sitenote_active":false,"_monsterinsights_sitenote_note":"","_monsterinsights_sitenote_category":0},"product_brand":[],"product_cat":[279],"product_tag":[],"class_list":{"0":"post-12437","1":"product","2":"type-product","3":"status-publish","4":"has-post-thumbnail","6":"product_cat-featured","8":"first","9":"instock","10":"featured","11":"shipping-taxable","12":"purchasable","13":"product-type-ovabrw_car_rental"},"aioseo_notices":[],"_links":{"self":[{"href":"https:\/\/suncresttravelandsafaris.com\/sv\/wp-json\/wp\/v2\/product\/12437","targetHints":{"allow":["GET"]}}],"collection":[{"href":"https:\/\/suncresttravelandsafaris.com\/sv\/wp-json\/wp\/v2\/product"}],"about":[{"href":"https:\/\/suncresttravelandsafaris.com\/sv\/wp-json\/wp\/v2\/types\/product"}],"replies":[{"embeddable":true,"href":"https:\/\/suncresttravelandsafaris.com\/sv\/wp-json\/wp\/v2\/comments?post=12437"}],"wp:featuredmedia":[{"embeddable":true,"href":"https:\/\/suncresttravelandsafaris.com\/sv\/wp-json\/wp\/v2\/media\/12439"}],"wp:attachment":[{"href":"https:\/\/suncresttravelandsafaris.com\/sv\/wp-json\/wp\/v2\/media?parent=12437"}],"wp:term":[{"taxonomy":"product_brand","embeddable":true,"href":"https:\/\/suncresttravelandsafaris.com\/sv\/wp-json\/wp\/v2\/product_brand?post=12437"},{"taxonomy":"product_cat","embeddable":true,"href":"https:\/\/suncresttravelandsafaris.com\/sv\/wp-json\/wp\/v2\/product_cat?post=12437"},{"taxonomy":"product_tag","embeddable":true,"href":"https:\/\/suncresttravelandsafaris.com\/sv\/wp-json\/wp\/v2\/product_tag?post=12437"}],"curies":[{"name":"wp","href":"https:\/\/api.w.org\/{rel}","templated":true}]}}