{"id":12458,"date":"2025-09-16T14:38:16","date_gmt":"2025-09-16T14:38:16","guid":{"rendered":"https:\/\/suncresttravelandsafaris.com\/?post_type=product&#038;p=12458"},"modified":"2025-09-16T15:02:19","modified_gmt":"2025-09-16T15:02:19","slug":"10-day-kenya-safari-seychelles-beach-escape","status":"publish","type":"product","link":"https:\/\/suncresttravelandsafaris.com\/sv\/produkt\/10-dagars-kenya-safari-seychellerna-strandflykt\/","title":{"rendered":"10-dagars Kenya Safari &amp; Seychellerna Beach Escape"},"content":{"rendered":"<h2>\u00d6versikt<\/h2>\n<p data-start=\"213\" data-end=\"1024\">Denna 10-dagars resa kombinerar sp\u00e4nningen i Kenyas ikoniska viltsafari med lugnet i Seychellernas turkosa vatten. B\u00f6rja i Nairobi innan du flyger till den legendariska Maasai Mara f\u00f6r vilddrivningar och Maasai kulturella m\u00f6ten. Se de fem stora, njut av valfria luftballongsturer och njut av savannens magi. Byt sedan de vilda sl\u00e4tterna mot vita sandstr\u00e4nder n\u00e4r du flyger till Seychellerna. Utforska Mah\u00e9s frodiga landskap, Praslins UNESCO-listade Vall\u00e9e de Mai och La Digues charmiga cykelv\u00e4gar till v\u00e4rldsber\u00f6mda str\u00e4nder som Anse Lazio och Anse Source d'Argent.<\/p>\n<h4>H\u00f6jdpunkt p\u00e5 resan<\/h4>\n<ul>\n<li>Big Five-safari i v\u00e4rldsber\u00f6mda Maasai Mara<\/li>\n<li>Giraffm\u00f6ten och upplevelser av Nairobis vilda djur<\/li>\n<li>Vita sandstr\u00e4nder p\u00e5 Mah\u00e9, Praslin och La Digue i Seychellerna<\/li>\n<li>Snorkling, cykling och \u00f6-hoppning i paradiset<\/li>\n<li>UNESCO-listat naturreservat - Vall\u00e9e de Mai<\/li>\n<\/ul>\n<h4>Avgifter Fr\u00e5n och med:<\/h4>\n<p><span style=\"color: red; font-weight: bold;\">Priserna kan komma att \u00e4ndras<\/span><\/p>\n<div style=\"overflow-x: auto; -webkit-overflow-scrolling: touch; margin-top: 10px;\">\n<table style=\"width: 100%; border-collapse: collapse; font-size: 16px; text-align: center; min-width: 500px;\">\n<thead>\n<tr>\n<th style=\"border: 1px solid #ddd; padding: 12px; background: #299fc3; color: #fff; font-weight: bold;\"><\/th>\n<th style=\"border: 1px solid #ddd; padding: 12px; background: #299fc3; color: #fff; font-weight: bold;\">L\u00e5gs\u00e4song<br \/>\n(Januari - mars,<br \/>\nJuli - augusti)<\/th>\n<th style=\"border: 1px solid #ddd; padding: 12px; background: #299fc3; color: #fff; font-weight: bold;\">H\u00f6gs\u00e4song<br \/>\n(April - juni,<br \/>\nseptember - november)<\/th>\n<th style=\"border: 1px solid #ddd; padding: 12px; background: #299fc3; color: #fff; font-weight: bold;\">H\u00f6gs\u00e4song<br \/>\n(December helgdagar,<br \/>\nP\u00e5sk)<\/th>\n<\/tr>\n<\/thead>\n<tbody>\n<tr>\n<td style=\"border: 1px solid #ddd; padding: 12px; background: #fff; color: #000;\">Budget<\/td>\n<td style=\"border: 1px solid #ddd; padding: 12px; background: #fff; color: #000;\">3000<\/td>\n<td style=\"border: 1px solid #ddd; padding: 12px; background: #fff; color: #000;\">4000<\/td>\n<td style=\"border: 1px solid #ddd; padding: 12px; background: #fff; color: #000;\">6000<\/td>\n<\/tr>\n<tr>\n<td style=\"border: 1px solid #ddd; padding: 12px; background: #fff; color: #000;\">Mellanregister<\/td>\n<td style=\"border: 1px solid #ddd; padding: 12px; background: #fff; color: #000;\">5000<\/td>\n<td style=\"border: 1px solid #ddd; padding: 12px; background: #fff; color: #000;\">6000<\/td>\n<td style=\"border: 1px solid #ddd; padding: 12px; background: #fff; color: #000;\">8000<\/td>\n<\/tr>\n<tr>\n<td style=\"border: 1px solid #ddd; padding: 12px; background: #fff; color: #000;\">Lyx<\/td>\n<td style=\"border: 1px solid #ddd; padding: 12px; background: #fff; color: #000;\">6000<\/td>\n<td style=\"border: 1px solid #ddd; padding: 12px; background: #fff; color: #000;\">7000<\/td>\n<td style=\"border: 1px solid #ddd; padding: 12px; background: #fff; color: #000;\">9000<\/td>\n<\/tr>\n<\/tbody>\n<\/table>\n<\/div>","protected":false},"excerpt":{"rendered":"<p data-start=\"180\" data-end=\"337\">En perfekt blandning av sp\u00e4nnande afrikansk safari och avkoppling p\u00e5 tropiska \u00f6ar - 10 dagar fr\u00e5n Kenyas Maasai Mara till Seychellernas or\u00f6rda str\u00e4nder.<\/p>\n<p data-start=\"339\" data-end=\"875\">","protected":false},"featured_media":12460,"comment_status":"closed","ping_status":"closed","template":"","meta":{"om_disable_all_campaigns":false,"_monsterinsights_skip_tracking":false,"_monsterinsights_sitenote_active":false,"_monsterinsights_sitenote_note":"","_monsterinsights_sitenote_category":0},"product_brand":[],"product_cat":[279],"product_tag":[],"class_list":{"0":"post-12458","1":"product","2":"type-product","3":"status-publish","4":"has-post-thumbnail","6":"product_cat-featured","8":"first","9":"instock","10":"featured","11":"shipping-taxable","12":"purchasable","13":"product-type-ovabrw_car_rental"},"aioseo_notices":[],"_links":{"self":[{"href":"https:\/\/suncresttravelandsafaris.com\/sv\/wp-json\/wp\/v2\/product\/12458","targetHints":{"allow":["GET"]}}],"collection":[{"href":"https:\/\/suncresttravelandsafaris.com\/sv\/wp-json\/wp\/v2\/product"}],"about":[{"href":"https:\/\/suncresttravelandsafaris.com\/sv\/wp-json\/wp\/v2\/types\/product"}],"replies":[{"embeddable":true,"href":"https:\/\/suncresttravelandsafaris.com\/sv\/wp-json\/wp\/v2\/comments?post=12458"}],"wp:featuredmedia":[{"embeddable":true,"href":"https:\/\/suncresttravelandsafaris.com\/sv\/wp-json\/wp\/v2\/media\/12460"}],"wp:attachment":[{"href":"https:\/\/suncresttravelandsafaris.com\/sv\/wp-json\/wp\/v2\/media?parent=12458"}],"wp:term":[{"taxonomy":"product_brand","embeddable":true,"href":"https:\/\/suncresttravelandsafaris.com\/sv\/wp-json\/wp\/v2\/product_brand?post=12458"},{"taxonomy":"product_cat","embeddable":true,"href":"https:\/\/suncresttravelandsafaris.com\/sv\/wp-json\/wp\/v2\/product_cat?post=12458"},{"taxonomy":"product_tag","embeddable":true,"href":"https:\/\/suncresttravelandsafaris.com\/sv\/wp-json\/wp\/v2\/product_tag?post=12458"}],"curies":[{"name":"wp","href":"https:\/\/api.w.org\/{rel}","templated":true}]}}